{"id":19591,"date":"2019-08-05T14:48:09","date_gmt":"2019-08-05T12:48:09","guid":{"rendered":"https:\/\/www.fisa.com\/maszyny-roboty\/nasze-ultradzwiekowe-maszyny-czyszczace-zaprojektowane-na-zamowienie\/"},"modified":"2023-09-08T21:10:13","modified_gmt":"2023-09-08T19:10:13","slug":"nasze-ultradzwiekowe-maszyny-czyszczace-zaprojektowane-na-zamowienie","status":"publish","type":"page","link":"https:\/\/www.fisa.com\/pl\/maszyny-roboty\/nasze-ultradzwiekowe-maszyny-czyszczace-zaprojektowane-na-zamowienie\/","title":{"rendered":"Nasze ultrad\u017awi\u0119kowe maszyny czyszcz\u0105ce zaprojektowane na zam\u00f3wienie klient\u00f3w"},"content":{"rendered":"","protected":false},"excerpt":{"rendered":"","protected":false},"author":2,"featured_media":0,"parent":11883,"menu_order":0,"comment_status":"closed","ping_status":"closed","template":"template-page.php","meta":{"footnotes":""},"acf":[],"yoast_head":"<!-- This site is optimized with the Yoast SEO plugin v21.1 - https:\/\/yoast.com\/wordpress\/plugins\/seo\/ -->\n<title>Nasze ultrad\u017awi\u0119kowe maszyny czyszcz\u0105ce zaprojektowane na zam\u00f3wienie klient\u00f3w<\/title>\n<meta name=\"description\" content=\"Ka\u017cd\u0105 pro\u015bb\u0119 traktujemy jak nowy projekt. Ka\u017cda produkcja, ka\u017cda cz\u0119\u015b\u0107 do oczyszczenia ma swoj\u0105 specyfik\u0119, kt\u00f3r\u0105 musimy wzi\u0105\u0107 pod uwag\u0119. R\u00f3wnie\u017c wielko\u015b\u0107, materia\u0142y sk\u0142adowe, rodzaj zabrudze\u0144 do usuni\u0119cia, ostateczny rozmiar maszyny, wydajno\u015b\u0107 produkcji s\u0105 czynnikami determinuj\u0105cymi i r\u00f3\u017cnicuj\u0105cymi, kt\u00f3re nale\u017cy uwzgl\u0119dni\u0107 przy projektowaniu urz\u0105dzenia do czyszczenia ultrad\u017awi\u0119kowego.\" \/>\n<meta name=\"robots\" content=\"index, follow, max-snippet:-1, max-image-preview:large, max-video-preview:-1\" \/>\n<link rel=\"canonical\" href=\"https:\/\/www.fisa.com\/pl\/maszyny-roboty\/nasze-ultradzwiekowe-maszyny-czyszczace-zaprojektowane-na-zamowienie\/\" \/>\n<meta property=\"og:locale\" content=\"pl_PL\" \/>\n<meta property=\"og:type\" content=\"article\" \/>\n<meta property=\"og:title\" content=\"Nasze ultrad\u017awi\u0119kowe maszyny czyszcz\u0105ce zaprojektowane na zam\u00f3wienie klient\u00f3w\" \/>\n<meta property=\"og:description\" content=\"Ka\u017cd\u0105 pro\u015bb\u0119 traktujemy jak nowy projekt. Ka\u017cda produkcja, ka\u017cda cz\u0119\u015b\u0107 do oczyszczenia ma swoj\u0105 specyfik\u0119, kt\u00f3r\u0105 musimy wzi\u0105\u0107 pod uwag\u0119. R\u00f3wnie\u017c wielko\u015b\u0107, materia\u0142y sk\u0142adowe, rodzaj zabrudze\u0144 do usuni\u0119cia, ostateczny rozmiar maszyny, wydajno\u015b\u0107 produkcji s\u0105 czynnikami determinuj\u0105cymi i r\u00f3\u017cnicuj\u0105cymi, kt\u00f3re nale\u017cy uwzgl\u0119dni\u0107 przy projektowaniu urz\u0105dzenia do czyszczenia ultrad\u017awi\u0119kowego.\" \/>\n<meta property=\"og:url\" content=\"https:\/\/www.fisa.com\/pl\/maszyny-roboty\/nasze-ultradzwiekowe-maszyny-czyszczace-zaprojektowane-na-zamowienie\/\" \/>\n<meta property=\"og:site_name\" content=\"FISA\" \/>\n<meta property=\"article:modified_time\" content=\"2023-09-08T19:10:13+00:00\" \/>\n<meta name=\"twitter:card\" content=\"summary_large_image\" \/>\n<script type=\"application\/ld+json\" class=\"yoast-schema-graph\">{\"@context\":\"https:\/\/schema.org\",\"@graph\":[{\"@type\":\"WebPage\",\"@id\":\"https:\/\/www.fisa.com\/pl\/maszyny-roboty\/nasze-ultradzwiekowe-maszyny-czyszczace-zaprojektowane-na-zamowienie\/\",\"url\":\"https:\/\/www.fisa.com\/pl\/maszyny-roboty\/nasze-ultradzwiekowe-maszyny-czyszczace-zaprojektowane-na-zamowienie\/\",\"name\":\"Nasze ultrad\u017awi\u0119kowe maszyny czyszcz\u0105ce zaprojektowane na zam\u00f3wienie klient\u00f3w\",\"isPartOf\":{\"@id\":\"https:\/\/www.fisa.com\/pl\/#website\"},\"datePublished\":\"2019-08-05T12:48:09+00:00\",\"dateModified\":\"2023-09-08T19:10:13+00:00\",\"description\":\"Ka\u017cd\u0105 pro\u015bb\u0119 traktujemy jak nowy projekt. Ka\u017cda produkcja, ka\u017cda cz\u0119\u015b\u0107 do oczyszczenia ma swoj\u0105 specyfik\u0119, kt\u00f3r\u0105 musimy wzi\u0105\u0107 pod uwag\u0119. R\u00f3wnie\u017c wielko\u015b\u0107, materia\u0142y sk\u0142adowe, rodzaj zabrudze\u0144 do usuni\u0119cia, ostateczny rozmiar maszyny, wydajno\u015b\u0107 produkcji s\u0105 czynnikami determinuj\u0105cymi i r\u00f3\u017cnicuj\u0105cymi, kt\u00f3re nale\u017cy uwzgl\u0119dni\u0107 przy projektowaniu urz\u0105dzenia do czyszczenia ultrad\u017awi\u0119kowego.\",\"breadcrumb\":{\"@id\":\"https:\/\/www.fisa.com\/pl\/maszyny-roboty\/nasze-ultradzwiekowe-maszyny-czyszczace-zaprojektowane-na-zamowienie\/#breadcrumb\"},\"inLanguage\":\"pl-PL\",\"potentialAction\":[{\"@type\":\"ReadAction\",\"target\":[\"https:\/\/www.fisa.com\/pl\/maszyny-roboty\/nasze-ultradzwiekowe-maszyny-czyszczace-zaprojektowane-na-zamowienie\/\"]}]},{\"@type\":\"BreadcrumbList\",\"@id\":\"https:\/\/www.fisa.com\/pl\/maszyny-roboty\/nasze-ultradzwiekowe-maszyny-czyszczace-zaprojektowane-na-zamowienie\/#breadcrumb\",\"itemListElement\":[{\"@type\":\"ListItem\",\"position\":1,\"name\":\"Home\",\"item\":\"https:\/\/www.fisa.com\/pl\/\"},{\"@type\":\"ListItem\",\"position\":2,\"name\":\"Nasze ultrad\u017awi\u0119kowe maszyny czyszcz\u0105ce i roboty: kontrola wszystkich proces\u00f3w produkcyjnych\",\"item\":\"https:\/\/www.fisa.com\/pl\/maszyny-roboty\/\"},{\"@type\":\"ListItem\",\"position\":3,\"name\":\"Nasze ultrad\u017awi\u0119kowe maszyny czyszcz\u0105ce zaprojektowane na zam\u00f3wienie klient\u00f3w\"}]},{\"@type\":\"WebSite\",\"@id\":\"https:\/\/www.fisa.com\/pl\/#website\",\"url\":\"https:\/\/www.fisa.com\/pl\/\",\"name\":\"FISA Group\",\"description\":\"Concepteur et fabricant de machines de nettoyage par ultrasons\",\"publisher\":{\"@id\":\"https:\/\/www.fisa.com\/pl\/#organization\"},\"potentialAction\":[{\"@type\":\"SearchAction\",\"target\":{\"@type\":\"EntryPoint\",\"urlTemplate\":\"https:\/\/www.fisa.com\/pl\/?s={search_term_string}\"},\"query-input\":\"required name=search_term_string\"}],\"inLanguage\":\"pl-PL\"},{\"@type\":\"Organization\",\"@id\":\"https:\/\/www.fisa.com\/pl\/#organization\",\"name\":\"FISA Group\",\"url\":\"https:\/\/www.fisa.com\/pl\/\",\"logo\":{\"@type\":\"ImageObject\",\"inLanguage\":\"pl-PL\",\"@id\":\"https:\/\/www.fisa.com\/pl\/#\/schema\/logo\/image\/\",\"url\":\"https:\/\/www.fisa.com\/wp-content\/uploads\/2019\/07\/logo-fisa-header.svg\",\"contentUrl\":\"https:\/\/www.fisa.com\/wp-content\/uploads\/2019\/07\/logo-fisa-header.svg\",\"width\":1,\"height\":1,\"caption\":\"FISA Group\"},\"image\":{\"@id\":\"https:\/\/www.fisa.com\/pl\/#\/schema\/logo\/image\/\"}}]}<\/script>\n<!-- \/ Yoast SEO plugin. -->","yoast_head_json":{"title":"Nasze ultrad\u017awi\u0119kowe maszyny czyszcz\u0105ce zaprojektowane na zam\u00f3wienie klient\u00f3w","description":"Ka\u017cd\u0105 pro\u015bb\u0119 traktujemy jak nowy projekt. Ka\u017cda produkcja, ka\u017cda cz\u0119\u015b\u0107 do oczyszczenia ma swoj\u0105 specyfik\u0119, kt\u00f3r\u0105 musimy wzi\u0105\u0107 pod uwag\u0119. R\u00f3wnie\u017c wielko\u015b\u0107, materia\u0142y sk\u0142adowe, rodzaj zabrudze\u0144 do usuni\u0119cia, ostateczny rozmiar maszyny, wydajno\u015b\u0107 produkcji s\u0105 czynnikami determinuj\u0105cymi i r\u00f3\u017cnicuj\u0105cymi, kt\u00f3re nale\u017cy uwzgl\u0119dni\u0107 przy projektowaniu urz\u0105dzenia do czyszczenia ultrad\u017awi\u0119kowego.","robots":{"index":"index","follow":"follow","max-snippet":"max-snippet:-1","max-image-preview":"max-image-preview:large","max-video-preview":"max-video-preview:-1"},"canonical":"https:\/\/www.fisa.com\/pl\/maszyny-roboty\/nasze-ultradzwiekowe-maszyny-czyszczace-zaprojektowane-na-zamowienie\/","og_locale":"pl_PL","og_type":"article","og_title":"Nasze ultrad\u017awi\u0119kowe maszyny czyszcz\u0105ce zaprojektowane na zam\u00f3wienie klient\u00f3w","og_description":"Ka\u017cd\u0105 pro\u015bb\u0119 traktujemy jak nowy projekt. Ka\u017cda produkcja, ka\u017cda cz\u0119\u015b\u0107 do oczyszczenia ma swoj\u0105 specyfik\u0119, kt\u00f3r\u0105 musimy wzi\u0105\u0107 pod uwag\u0119. R\u00f3wnie\u017c wielko\u015b\u0107, materia\u0142y sk\u0142adowe, rodzaj zabrudze\u0144 do usuni\u0119cia, ostateczny rozmiar maszyny, wydajno\u015b\u0107 produkcji s\u0105 czynnikami determinuj\u0105cymi i r\u00f3\u017cnicuj\u0105cymi, kt\u00f3re nale\u017cy uwzgl\u0119dni\u0107 przy projektowaniu urz\u0105dzenia do czyszczenia ultrad\u017awi\u0119kowego.","og_url":"https:\/\/www.fisa.com\/pl\/maszyny-roboty\/nasze-ultradzwiekowe-maszyny-czyszczace-zaprojektowane-na-zamowienie\/","og_site_name":"FISA","article_modified_time":"2023-09-08T19:10:13+00:00","twitter_card":"summary_large_image","schema":{"@context":"https:\/\/schema.org","@graph":[{"@type":"WebPage","@id":"https:\/\/www.fisa.com\/pl\/maszyny-roboty\/nasze-ultradzwiekowe-maszyny-czyszczace-zaprojektowane-na-zamowienie\/","url":"https:\/\/www.fisa.com\/pl\/maszyny-roboty\/nasze-ultradzwiekowe-maszyny-czyszczace-zaprojektowane-na-zamowienie\/","name":"Nasze ultrad\u017awi\u0119kowe maszyny czyszcz\u0105ce zaprojektowane na zam\u00f3wienie klient\u00f3w","isPartOf":{"@id":"https:\/\/www.fisa.com\/pl\/#website"},"datePublished":"2019-08-05T12:48:09+00:00","dateModified":"2023-09-08T19:10:13+00:00","description":"Ka\u017cd\u0105 pro\u015bb\u0119 traktujemy jak nowy projekt. Ka\u017cda produkcja, ka\u017cda cz\u0119\u015b\u0107 do oczyszczenia ma swoj\u0105 specyfik\u0119, kt\u00f3r\u0105 musimy wzi\u0105\u0107 pod uwag\u0119. R\u00f3wnie\u017c wielko\u015b\u0107, materia\u0142y sk\u0142adowe, rodzaj zabrudze\u0144 do usuni\u0119cia, ostateczny rozmiar maszyny, wydajno\u015b\u0107 produkcji s\u0105 czynnikami determinuj\u0105cymi i r\u00f3\u017cnicuj\u0105cymi, kt\u00f3re nale\u017cy uwzgl\u0119dni\u0107 przy projektowaniu urz\u0105dzenia do czyszczenia ultrad\u017awi\u0119kowego.","breadcrumb":{"@id":"https:\/\/www.fisa.com\/pl\/maszyny-roboty\/nasze-ultradzwiekowe-maszyny-czyszczace-zaprojektowane-na-zamowienie\/#breadcrumb"},"inLanguage":"pl-PL","potentialAction":[{"@type":"ReadAction","target":["https:\/\/www.fisa.com\/pl\/maszyny-roboty\/nasze-ultradzwiekowe-maszyny-czyszczace-zaprojektowane-na-zamowienie\/"]}]},{"@type":"BreadcrumbList","@id":"https:\/\/www.fisa.com\/pl\/maszyny-roboty\/nasze-ultradzwiekowe-maszyny-czyszczace-zaprojektowane-na-zamowienie\/#breadcrumb","itemListElement":[{"@type":"ListItem","position":1,"name":"Home","item":"https:\/\/www.fisa.com\/pl\/"},{"@type":"ListItem","position":2,"name":"Nasze ultrad\u017awi\u0119kowe maszyny czyszcz\u0105ce i roboty: kontrola wszystkich proces\u00f3w produkcyjnych","item":"https:\/\/www.fisa.com\/pl\/maszyny-roboty\/"},{"@type":"ListItem","position":3,"name":"Nasze ultrad\u017awi\u0119kowe maszyny czyszcz\u0105ce zaprojektowane na zam\u00f3wienie klient\u00f3w"}]},{"@type":"WebSite","@id":"https:\/\/www.fisa.com\/pl\/#website","url":"https:\/\/www.fisa.com\/pl\/","name":"FISA Group","description":"Concepteur et fabricant de machines de nettoyage par ultrasons","publisher":{"@id":"https:\/\/www.fisa.com\/pl\/#organization"},"potentialAction":[{"@type":"SearchAction","target":{"@type":"EntryPoint","urlTemplate":"https:\/\/www.fisa.com\/pl\/?s={search_term_string}"},"query-input":"required name=search_term_string"}],"inLanguage":"pl-PL"},{"@type":"Organization","@id":"https:\/\/www.fisa.com\/pl\/#organization","name":"FISA Group","url":"https:\/\/www.fisa.com\/pl\/","logo":{"@type":"ImageObject","inLanguage":"pl-PL","@id":"https:\/\/www.fisa.com\/pl\/#\/schema\/logo\/image\/","url":"https:\/\/www.fisa.com\/wp-content\/uploads\/2019\/07\/logo-fisa-header.svg","contentUrl":"https:\/\/www.fisa.com\/wp-content\/uploads\/2019\/07\/logo-fisa-header.svg","width":1,"height":1,"caption":"FISA Group"},"image":{"@id":"https:\/\/www.fisa.com\/pl\/#\/schema\/logo\/image\/"}}]}},"_links":{"self":[{"href":"https:\/\/www.fisa.com\/pl\/wp-json\/wp\/v2\/pages\/19591"}],"collection":[{"href":"https:\/\/www.fisa.com\/pl\/wp-json\/wp\/v2\/pages"}],"about":[{"href":"https:\/\/www.fisa.com\/pl\/wp-json\/wp\/v2\/types\/page"}],"author":[{"embeddable":true,"href":"https:\/\/www.fisa.com\/pl\/wp-json\/wp\/v2\/users\/2"}],"replies":[{"embeddable":true,"href":"https:\/\/www.fisa.com\/pl\/wp-json\/wp\/v2\/comments?post=19591"}],"version-history":[{"count":6,"href":"https:\/\/www.fisa.com\/pl\/wp-json\/wp\/v2\/pages\/19591\/revisions"}],"predecessor-version":[{"id":20633,"href":"https:\/\/www.fisa.com\/pl\/wp-json\/wp\/v2\/pages\/19591\/revisions\/20633"}],"up":[{"embeddable":true,"href":"https:\/\/www.fisa.com\/pl\/wp-json\/wp\/v2\/pages\/11883"}],"wp:attachment":[{"href":"https:\/\/www.fisa.com\/pl\/wp-json\/wp\/v2\/media?parent=19591"}],"curies":[{"name":"wp","href":"https:\/\/api.w.org\/{rel}","templated":true}]}}