{"id":11901,"date":"2020-01-27T13:33:41","date_gmt":"2020-01-27T12:33:41","guid":{"rendered":"https:\/\/www.fisa.com\/?page_id=11901"},"modified":"2023-09-08T20:59:08","modified_gmt":"2023-09-08T18:59:08","slug":"mapa-zakladu","status":"publish","type":"page","link":"https:\/\/www.fisa.com\/pl\/mapa-zakladu\/","title":{"rendered":"Mapa zak\u0142adu"},"content":{"rendered":"","protected":false},"excerpt":{"rendered":"","protected":false},"author":2,"featured_media":0,"parent":0,"menu_order":0,"comment_status":"closed","ping_status":"closed","template":"template-sitemap.php","meta":{"footnotes":""},"acf":[],"yoast_head":"<!-- This site is optimized with the Yoast SEO plugin v21.1 - https:\/\/yoast.com\/wordpress\/plugins\/seo\/ -->\n<title>Mapa zak\u0142adu - FISA<\/title>\n<meta name=\"description\" content=\"Fisa, projektant i producent ultrad\u017awi\u0119kowych maszyn czyszcz\u0105cych w nieograniczonych obszarach interwencji.\" \/>\n<meta name=\"robots\" content=\"index, follow, max-snippet:-1, max-image-preview:large, max-video-preview:-1\" \/>\n<link rel=\"canonical\" href=\"https:\/\/www.fisa.com\/pl\/nuestras-maquinas-de-limpieza-por-ultrasonidos-y-robots-el-control-absoluto-de-la-fabricacion\/nuestras-maquinas-de-limpieza-por-ultrasonidos-estan-hechas-a-medida\/\" \/>\n<meta property=\"og:locale\" content=\"pl_PL\" \/>\n<meta property=\"og:type\" content=\"article\" \/>\n<meta property=\"og:title\" content=\"Mapa zak\u0142adu - FISA\" \/>\n<meta property=\"og:description\" content=\"Fisa, projektant i producent ultrad\u017awi\u0119kowych maszyn czyszcz\u0105cych w nieograniczonych obszarach interwencji.\" \/>\n<meta property=\"og:url\" content=\"https:\/\/www.fisa.com\/mx\/nuestras-maquinas-de-limpieza-por-ultrasonidos-y-robots-el-control-absoluto-de-la-fabricacion\/nuestras-maquinas-de-limpieza-por-ultrasonidos-estan-hechas-a-medida\/\" \/>\n<meta property=\"og:site_name\" content=\"FISA\" \/>\n<meta property=\"article:modified_time\" content=\"2023-09-08T18:59:08+00:00\" \/>\n<meta name=\"twitter:card\" content=\"summary_large_image\" \/>\n<script type=\"application\/ld+json\" class=\"yoast-schema-graph\">{\"@context\":\"https:\/\/schema.org\",\"@graph\":[{\"@type\":\"WebPage\",\"@id\":\"https:\/\/www.fisa.com\/pl\/mapa-zakladu\/\",\"url\":\"https:\/\/www.fisa.com\/mx\/nuestras-maquinas-de-limpieza-por-ultrasonidos-y-robots-el-control-absoluto-de-la-fabricacion\/nuestras-maquinas-de-limpieza-por-ultrasonidos-estan-hechas-a-medida\/\",\"name\":\"Mapa zak\u0142adu - FISA\",\"isPartOf\":{\"@id\":\"https:\/\/www.fisa.com\/pl\/#website\"},\"datePublished\":\"2020-01-27T12:33:41+00:00\",\"dateModified\":\"2023-09-08T18:59:08+00:00\",\"description\":\"Fisa, projektant i producent ultrad\u017awi\u0119kowych maszyn czyszcz\u0105cych w nieograniczonych obszarach interwencji.\",\"breadcrumb\":{\"@id\":\"https:\/\/www.fisa.com\/mx\/nuestras-maquinas-de-limpieza-por-ultrasonidos-y-robots-el-control-absoluto-de-la-fabricacion\/nuestras-maquinas-de-limpieza-por-ultrasonidos-estan-hechas-a-medida\/#breadcrumb\"},\"inLanguage\":\"pl-PL\",\"potentialAction\":[{\"@type\":\"ReadAction\",\"target\":[\"https:\/\/www.fisa.com\/mx\/nuestras-maquinas-de-limpieza-por-ultrasonidos-y-robots-el-control-absoluto-de-la-fabricacion\/nuestras-maquinas-de-limpieza-por-ultrasonidos-estan-hechas-a-medida\/\"]}]},{\"@type\":\"BreadcrumbList\",\"@id\":\"https:\/\/www.fisa.com\/mx\/nuestras-maquinas-de-limpieza-por-ultrasonidos-y-robots-el-control-absoluto-de-la-fabricacion\/nuestras-maquinas-de-limpieza-por-ultrasonidos-estan-hechas-a-medida\/#breadcrumb\",\"itemListElement\":[{\"@type\":\"ListItem\",\"position\":1,\"name\":\"Home\",\"item\":\"https:\/\/www.fisa.com\/pl\/\"},{\"@type\":\"ListItem\",\"position\":2,\"name\":\"Mapa zak\u0142adu\"}]},{\"@type\":\"WebSite\",\"@id\":\"https:\/\/www.fisa.com\/pl\/#website\",\"url\":\"https:\/\/www.fisa.com\/pl\/\",\"name\":\"FISA Group\",\"description\":\"Concepteur et fabricant de machines de nettoyage par ultrasons\",\"publisher\":{\"@id\":\"https:\/\/www.fisa.com\/pl\/#organization\"},\"potentialAction\":[{\"@type\":\"SearchAction\",\"target\":{\"@type\":\"EntryPoint\",\"urlTemplate\":\"https:\/\/www.fisa.com\/pl\/?s={search_term_string}\"},\"query-input\":\"required name=search_term_string\"}],\"inLanguage\":\"pl-PL\"},{\"@type\":\"Organization\",\"@id\":\"https:\/\/www.fisa.com\/pl\/#organization\",\"name\":\"FISA Group\",\"url\":\"https:\/\/www.fisa.com\/pl\/\",\"logo\":{\"@type\":\"ImageObject\",\"inLanguage\":\"pl-PL\",\"@id\":\"https:\/\/www.fisa.com\/pl\/#\/schema\/logo\/image\/\",\"url\":\"https:\/\/www.fisa.com\/wp-content\/uploads\/2019\/07\/logo-fisa-header.svg\",\"contentUrl\":\"https:\/\/www.fisa.com\/wp-content\/uploads\/2019\/07\/logo-fisa-header.svg\",\"width\":1,\"height\":1,\"caption\":\"FISA Group\"},\"image\":{\"@id\":\"https:\/\/www.fisa.com\/pl\/#\/schema\/logo\/image\/\"}}]}<\/script>\n<!-- \/ Yoast SEO plugin. -->","yoast_head_json":{"title":"Mapa zak\u0142adu - FISA","description":"Fisa, projektant i producent ultrad\u017awi\u0119kowych maszyn czyszcz\u0105cych w nieograniczonych obszarach interwencji.","robots":{"index":"index","follow":"follow","max-snippet":"max-snippet:-1","max-image-preview":"max-image-preview:large","max-video-preview":"max-video-preview:-1"},"canonical":"https:\/\/www.fisa.com\/pl\/nuestras-maquinas-de-limpieza-por-ultrasonidos-y-robots-el-control-absoluto-de-la-fabricacion\/nuestras-maquinas-de-limpieza-por-ultrasonidos-estan-hechas-a-medida\/","og_locale":"pl_PL","og_type":"article","og_title":"Mapa zak\u0142adu - FISA","og_description":"Fisa, projektant i producent ultrad\u017awi\u0119kowych maszyn czyszcz\u0105cych w nieograniczonych obszarach interwencji.","og_url":"https:\/\/www.fisa.com\/mx\/nuestras-maquinas-de-limpieza-por-ultrasonidos-y-robots-el-control-absoluto-de-la-fabricacion\/nuestras-maquinas-de-limpieza-por-ultrasonidos-estan-hechas-a-medida\/","og_site_name":"FISA","article_modified_time":"2023-09-08T18:59:08+00:00","twitter_card":"summary_large_image","schema":{"@context":"https:\/\/schema.org","@graph":[{"@type":"WebPage","@id":"https:\/\/www.fisa.com\/pl\/mapa-zakladu\/","url":"https:\/\/www.fisa.com\/mx\/nuestras-maquinas-de-limpieza-por-ultrasonidos-y-robots-el-control-absoluto-de-la-fabricacion\/nuestras-maquinas-de-limpieza-por-ultrasonidos-estan-hechas-a-medida\/","name":"Mapa zak\u0142adu - FISA","isPartOf":{"@id":"https:\/\/www.fisa.com\/pl\/#website"},"datePublished":"2020-01-27T12:33:41+00:00","dateModified":"2023-09-08T18:59:08+00:00","description":"Fisa, projektant i producent ultrad\u017awi\u0119kowych maszyn czyszcz\u0105cych w nieograniczonych obszarach interwencji.","breadcrumb":{"@id":"https:\/\/www.fisa.com\/mx\/nuestras-maquinas-de-limpieza-por-ultrasonidos-y-robots-el-control-absoluto-de-la-fabricacion\/nuestras-maquinas-de-limpieza-por-ultrasonidos-estan-hechas-a-medida\/#breadcrumb"},"inLanguage":"pl-PL","potentialAction":[{"@type":"ReadAction","target":["https:\/\/www.fisa.com\/mx\/nuestras-maquinas-de-limpieza-por-ultrasonidos-y-robots-el-control-absoluto-de-la-fabricacion\/nuestras-maquinas-de-limpieza-por-ultrasonidos-estan-hechas-a-medida\/"]}]},{"@type":"BreadcrumbList","@id":"https:\/\/www.fisa.com\/mx\/nuestras-maquinas-de-limpieza-por-ultrasonidos-y-robots-el-control-absoluto-de-la-fabricacion\/nuestras-maquinas-de-limpieza-por-ultrasonidos-estan-hechas-a-medida\/#breadcrumb","itemListElement":[{"@type":"ListItem","position":1,"name":"Home","item":"https:\/\/www.fisa.com\/pl\/"},{"@type":"ListItem","position":2,"name":"Mapa zak\u0142adu"}]},{"@type":"WebSite","@id":"https:\/\/www.fisa.com\/pl\/#website","url":"https:\/\/www.fisa.com\/pl\/","name":"FISA Group","description":"Concepteur et fabricant de machines de nettoyage par ultrasons","publisher":{"@id":"https:\/\/www.fisa.com\/pl\/#organization"},"potentialAction":[{"@type":"SearchAction","target":{"@type":"EntryPoint","urlTemplate":"https:\/\/www.fisa.com\/pl\/?s={search_term_string}"},"query-input":"required name=search_term_string"}],"inLanguage":"pl-PL"},{"@type":"Organization","@id":"https:\/\/www.fisa.com\/pl\/#organization","name":"FISA Group","url":"https:\/\/www.fisa.com\/pl\/","logo":{"@type":"ImageObject","inLanguage":"pl-PL","@id":"https:\/\/www.fisa.com\/pl\/#\/schema\/logo\/image\/","url":"https:\/\/www.fisa.com\/wp-content\/uploads\/2019\/07\/logo-fisa-header.svg","contentUrl":"https:\/\/www.fisa.com\/wp-content\/uploads\/2019\/07\/logo-fisa-header.svg","width":1,"height":1,"caption":"FISA Group"},"image":{"@id":"https:\/\/www.fisa.com\/pl\/#\/schema\/logo\/image\/"}}]}},"_links":{"self":[{"href":"https:\/\/www.fisa.com\/pl\/wp-json\/wp\/v2\/pages\/11901"}],"collection":[{"href":"https:\/\/www.fisa.com\/pl\/wp-json\/wp\/v2\/pages"}],"about":[{"href":"https:\/\/www.fisa.com\/pl\/wp-json\/wp\/v2\/types\/page"}],"author":[{"embeddable":true,"href":"https:\/\/www.fisa.com\/pl\/wp-json\/wp\/v2\/users\/2"}],"replies":[{"embeddable":true,"href":"https:\/\/www.fisa.com\/pl\/wp-json\/wp\/v2\/comments?post=11901"}],"version-history":[{"count":2,"href":"https:\/\/www.fisa.com\/pl\/wp-json\/wp\/v2\/pages\/11901\/revisions"}],"predecessor-version":[{"id":19778,"href":"https:\/\/www.fisa.com\/pl\/wp-json\/wp\/v2\/pages\/11901\/revisions\/19778"}],"wp:attachment":[{"href":"https:\/\/www.fisa.com\/pl\/wp-json\/wp\/v2\/media?parent=11901"}],"curies":[{"name":"wp","href":"https:\/\/api.w.org\/{rel}","templated":true}]}}