{"id":11871,"date":"2020-01-27T13:33:40","date_gmt":"2020-01-27T12:33:40","guid":{"rendered":"https:\/\/www.fisa.com\/?page_id=11871"},"modified":"2023-09-08T21:16:15","modified_gmt":"2023-09-08T19:16:15","slug":"laboratoria-testowe-zaklady-produkcyjne","status":"publish","type":"page","link":"https:\/\/www.fisa.com\/pl\/laboratoria-testowe-zaklady-produkcyjne\/","title":{"rendered":"FISA: dow\u00f3d w oparciu o fakty!"},"content":{"rendered":"","protected":false},"excerpt":{"rendered":"","protected":false},"author":2,"featured_media":0,"parent":0,"menu_order":50,"comment_status":"closed","ping_status":"closed","template":"template-page.php","meta":{"footnotes":""},"acf":[],"yoast_head":"<!-- This site is optimized with the Yoast SEO plugin v21.1 - https:\/\/yoast.com\/wordpress\/plugins\/seo\/ -->\n<title>Laboratoria badawcze \/ Produkcja naszych ultrad\u017awi\u0119kowych maszyn czyszcz\u0105cych<\/title>\n<meta name=\"description\" content=\"Zapewniamy 15 laboratori\u00f3w wdro\u017ceniowych w ramach naszych poszczeg\u00f3lnych podmiot\u00f3w, aby dostarczy\u0107 Ci dow\u00f3d wynik\u00f3w, kt\u00f3re uzyskasz z FISA.\" \/>\n<meta name=\"robots\" content=\"index, follow, max-snippet:-1, max-image-preview:large, max-video-preview:-1\" \/>\n<link rel=\"canonical\" href=\"https:\/\/www.fisa.com\/pl\/laboratoria-testowe-zaklady-produkcyjne\/\" \/>\n<meta property=\"og:locale\" content=\"pl_PL\" \/>\n<meta property=\"og:type\" content=\"article\" \/>\n<meta property=\"og:title\" content=\"Laboratoria badawcze \/ Produkcja naszych ultrad\u017awi\u0119kowych maszyn czyszcz\u0105cych\" \/>\n<meta property=\"og:description\" content=\"Zapewniamy 15 laboratori\u00f3w wdro\u017ceniowych w ramach naszych poszczeg\u00f3lnych podmiot\u00f3w, aby dostarczy\u0107 Ci dow\u00f3d wynik\u00f3w, kt\u00f3re uzyskasz z FISA.\" \/>\n<meta property=\"og:url\" content=\"https:\/\/www.fisa.com\/pl\/laboratoria-testowe-zaklady-produkcyjne\/\" \/>\n<meta property=\"og:site_name\" content=\"FISA\" \/>\n<meta property=\"article:modified_time\" content=\"2023-09-08T19:16:15+00:00\" \/>\n<meta name=\"twitter:card\" content=\"summary_large_image\" \/>\n<script type=\"application\/ld+json\" class=\"yoast-schema-graph\">{\"@context\":\"https:\/\/schema.org\",\"@graph\":[{\"@type\":\"WebPage\",\"@id\":\"https:\/\/www.fisa.com\/pl\/laboratoria-testowe-zaklady-produkcyjne\/\",\"url\":\"https:\/\/www.fisa.com\/pl\/laboratoria-testowe-zaklady-produkcyjne\/\",\"name\":\"Laboratoria badawcze \/ Produkcja naszych ultrad\u017awi\u0119kowych maszyn czyszcz\u0105cych\",\"isPartOf\":{\"@id\":\"https:\/\/www.fisa.com\/pl\/#website\"},\"datePublished\":\"2020-01-27T12:33:40+00:00\",\"dateModified\":\"2023-09-08T19:16:15+00:00\",\"description\":\"Zapewniamy 15 laboratori\u00f3w wdro\u017ceniowych w ramach naszych poszczeg\u00f3lnych podmiot\u00f3w, aby dostarczy\u0107 Ci dow\u00f3d wynik\u00f3w, kt\u00f3re uzyskasz z FISA.\",\"breadcrumb\":{\"@id\":\"https:\/\/www.fisa.com\/pl\/laboratoria-testowe-zaklady-produkcyjne\/#breadcrumb\"},\"inLanguage\":\"pl-PL\",\"potentialAction\":[{\"@type\":\"ReadAction\",\"target\":[\"https:\/\/www.fisa.com\/pl\/laboratoria-testowe-zaklady-produkcyjne\/\"]}]},{\"@type\":\"BreadcrumbList\",\"@id\":\"https:\/\/www.fisa.com\/pl\/laboratoria-testowe-zaklady-produkcyjne\/#breadcrumb\",\"itemListElement\":[{\"@type\":\"ListItem\",\"position\":1,\"name\":\"Home\",\"item\":\"https:\/\/www.fisa.com\/pl\/\"},{\"@type\":\"ListItem\",\"position\":2,\"name\":\"FISA: dow\u00f3d w oparciu o fakty!\"}]},{\"@type\":\"WebSite\",\"@id\":\"https:\/\/www.fisa.com\/pl\/#website\",\"url\":\"https:\/\/www.fisa.com\/pl\/\",\"name\":\"FISA Group\",\"description\":\"Concepteur et fabricant de machines de nettoyage par ultrasons\",\"publisher\":{\"@id\":\"https:\/\/www.fisa.com\/pl\/#organization\"},\"potentialAction\":[{\"@type\":\"SearchAction\",\"target\":{\"@type\":\"EntryPoint\",\"urlTemplate\":\"https:\/\/www.fisa.com\/pl\/?s={search_term_string}\"},\"query-input\":\"required name=search_term_string\"}],\"inLanguage\":\"pl-PL\"},{\"@type\":\"Organization\",\"@id\":\"https:\/\/www.fisa.com\/pl\/#organization\",\"name\":\"FISA Group\",\"url\":\"https:\/\/www.fisa.com\/pl\/\",\"logo\":{\"@type\":\"ImageObject\",\"inLanguage\":\"pl-PL\",\"@id\":\"https:\/\/www.fisa.com\/pl\/#\/schema\/logo\/image\/\",\"url\":\"https:\/\/www.fisa.com\/wp-content\/uploads\/2019\/07\/logo-fisa-header.svg\",\"contentUrl\":\"https:\/\/www.fisa.com\/wp-content\/uploads\/2019\/07\/logo-fisa-header.svg\",\"width\":1,\"height\":1,\"caption\":\"FISA Group\"},\"image\":{\"@id\":\"https:\/\/www.fisa.com\/pl\/#\/schema\/logo\/image\/\"}}]}<\/script>\n<!-- \/ Yoast SEO plugin. -->","yoast_head_json":{"title":"Laboratoria badawcze \/ Produkcja naszych ultrad\u017awi\u0119kowych maszyn czyszcz\u0105cych","description":"Zapewniamy 15 laboratori\u00f3w wdro\u017ceniowych w ramach naszych poszczeg\u00f3lnych podmiot\u00f3w, aby dostarczy\u0107 Ci dow\u00f3d wynik\u00f3w, kt\u00f3re uzyskasz z FISA.","robots":{"index":"index","follow":"follow","max-snippet":"max-snippet:-1","max-image-preview":"max-image-preview:large","max-video-preview":"max-video-preview:-1"},"canonical":"https:\/\/www.fisa.com\/pl\/laboratoria-testowe-zaklady-produkcyjne\/","og_locale":"pl_PL","og_type":"article","og_title":"Laboratoria badawcze \/ Produkcja naszych ultrad\u017awi\u0119kowych maszyn czyszcz\u0105cych","og_description":"Zapewniamy 15 laboratori\u00f3w wdro\u017ceniowych w ramach naszych poszczeg\u00f3lnych podmiot\u00f3w, aby dostarczy\u0107 Ci dow\u00f3d wynik\u00f3w, kt\u00f3re uzyskasz z FISA.","og_url":"https:\/\/www.fisa.com\/pl\/laboratoria-testowe-zaklady-produkcyjne\/","og_site_name":"FISA","article_modified_time":"2023-09-08T19:16:15+00:00","twitter_card":"summary_large_image","schema":{"@context":"https:\/\/schema.org","@graph":[{"@type":"WebPage","@id":"https:\/\/www.fisa.com\/pl\/laboratoria-testowe-zaklady-produkcyjne\/","url":"https:\/\/www.fisa.com\/pl\/laboratoria-testowe-zaklady-produkcyjne\/","name":"Laboratoria badawcze \/ Produkcja naszych ultrad\u017awi\u0119kowych maszyn czyszcz\u0105cych","isPartOf":{"@id":"https:\/\/www.fisa.com\/pl\/#website"},"datePublished":"2020-01-27T12:33:40+00:00","dateModified":"2023-09-08T19:16:15+00:00","description":"Zapewniamy 15 laboratori\u00f3w wdro\u017ceniowych w ramach naszych poszczeg\u00f3lnych podmiot\u00f3w, aby dostarczy\u0107 Ci dow\u00f3d wynik\u00f3w, kt\u00f3re uzyskasz z FISA.","breadcrumb":{"@id":"https:\/\/www.fisa.com\/pl\/laboratoria-testowe-zaklady-produkcyjne\/#breadcrumb"},"inLanguage":"pl-PL","potentialAction":[{"@type":"ReadAction","target":["https:\/\/www.fisa.com\/pl\/laboratoria-testowe-zaklady-produkcyjne\/"]}]},{"@type":"BreadcrumbList","@id":"https:\/\/www.fisa.com\/pl\/laboratoria-testowe-zaklady-produkcyjne\/#breadcrumb","itemListElement":[{"@type":"ListItem","position":1,"name":"Home","item":"https:\/\/www.fisa.com\/pl\/"},{"@type":"ListItem","position":2,"name":"FISA: dow\u00f3d w oparciu o fakty!"}]},{"@type":"WebSite","@id":"https:\/\/www.fisa.com\/pl\/#website","url":"https:\/\/www.fisa.com\/pl\/","name":"FISA Group","description":"Concepteur et fabricant de machines de nettoyage par ultrasons","publisher":{"@id":"https:\/\/www.fisa.com\/pl\/#organization"},"potentialAction":[{"@type":"SearchAction","target":{"@type":"EntryPoint","urlTemplate":"https:\/\/www.fisa.com\/pl\/?s={search_term_string}"},"query-input":"required name=search_term_string"}],"inLanguage":"pl-PL"},{"@type":"Organization","@id":"https:\/\/www.fisa.com\/pl\/#organization","name":"FISA Group","url":"https:\/\/www.fisa.com\/pl\/","logo":{"@type":"ImageObject","inLanguage":"pl-PL","@id":"https:\/\/www.fisa.com\/pl\/#\/schema\/logo\/image\/","url":"https:\/\/www.fisa.com\/wp-content\/uploads\/2019\/07\/logo-fisa-header.svg","contentUrl":"https:\/\/www.fisa.com\/wp-content\/uploads\/2019\/07\/logo-fisa-header.svg","width":1,"height":1,"caption":"FISA Group"},"image":{"@id":"https:\/\/www.fisa.com\/pl\/#\/schema\/logo\/image\/"}}]}},"_links":{"self":[{"href":"https:\/\/www.fisa.com\/pl\/wp-json\/wp\/v2\/pages\/11871"}],"collection":[{"href":"https:\/\/www.fisa.com\/pl\/wp-json\/wp\/v2\/pages"}],"about":[{"href":"https:\/\/www.fisa.com\/pl\/wp-json\/wp\/v2\/types\/page"}],"author":[{"embeddable":true,"href":"https:\/\/www.fisa.com\/pl\/wp-json\/wp\/v2\/users\/2"}],"replies":[{"embeddable":true,"href":"https:\/\/www.fisa.com\/pl\/wp-json\/wp\/v2\/comments?post=11871"}],"version-history":[{"count":11,"href":"https:\/\/www.fisa.com\/pl\/wp-json\/wp\/v2\/pages\/11871\/revisions"}],"predecessor-version":[{"id":20653,"href":"https:\/\/www.fisa.com\/pl\/wp-json\/wp\/v2\/pages\/11871\/revisions\/20653"}],"wp:attachment":[{"href":"https:\/\/www.fisa.com\/pl\/wp-json\/wp\/v2\/media?parent=11871"}],"curies":[{"name":"wp","href":"https:\/\/api.w.org\/{rel}","templated":true}]}}