{"id":11739,"date":"2020-01-27T13:33:22","date_gmt":"2020-01-27T12:33:22","guid":{"rendered":"https:\/\/www.fisa.com\/?page_id=11739"},"modified":"2020-05-15T14:34:22","modified_gmt":"2020-05-15T12:34:22","slug":"plastik-guma-wtrysk-wytlaczanie-kompresja","status":"publish","type":"page","link":"https:\/\/www.fisa.com\/pl\/czyszczenie-ultradzwiekowe-wszystkie-srodowiska\/plastik-guma-wtrysk-wytlaczanie-kompresja\/","title":{"rendered":"Czyszczenie ultrad\u017awi\u0119kowe do konserwacji form i narz\u0119dzi do wtrysku \/ wyt\u0142aczania \/ kompresji tworzyw sztucznych i gumy"},"content":{"rendered":"","protected":false},"excerpt":{"rendered":"","protected":false},"author":2,"featured_media":0,"parent":11697,"menu_order":35,"comment_status":"closed","ping_status":"closed","template":"template-page.php","meta":{"footnotes":""},"acf":[],"yoast_head":"<!-- This site is optimized with the Yoast SEO plugin v21.1 - https:\/\/yoast.com\/wordpress\/plugins\/seo\/ -->\n<title>Ultrad\u017awi\u0119kowe czyszczenie form\/narz\u0119dzi do tworzyw sztucznych i gumy<\/title>\n<meta name=\"description\" content=\"Je\u017celi zajmujesz si\u0119 wstrzykiwaniem termoutwardzalnym lub termoplastycznym lub specjalizujesz si\u0119 w wyt\u0142aczaniu tworzywa sztucznego lub gumy, zmagasz si\u0119 z problemem konserwacji form, p\u0142yt i narz\u0119dzi, kluczowych przy produkcji cz\u0119\u015bci o wysokiej jako\u015bci.\" \/>\n<meta name=\"robots\" content=\"index, follow, max-snippet:-1, max-image-preview:large, max-video-preview:-1\" \/>\n<link rel=\"canonical\" href=\"https:\/\/www.fisa.com\/pl\/czyszczenie-ultradzwiekowe-wszystkie-srodowiska\/plastik-guma-wtrysk-wytlaczanie-kompresja\/\" \/>\n<meta property=\"og:locale\" content=\"pl_PL\" \/>\n<meta property=\"og:type\" content=\"article\" \/>\n<meta property=\"og:title\" content=\"Ultrad\u017awi\u0119kowe czyszczenie form\/narz\u0119dzi do tworzyw sztucznych i gumy\" \/>\n<meta property=\"og:description\" content=\"Je\u017celi zajmujesz si\u0119 wstrzykiwaniem termoutwardzalnym lub termoplastycznym lub specjalizujesz si\u0119 w wyt\u0142aczaniu tworzywa sztucznego lub gumy, zmagasz si\u0119 z problemem konserwacji form, p\u0142yt i narz\u0119dzi, kluczowych przy produkcji cz\u0119\u015bci o wysokiej jako\u015bci.\" \/>\n<meta property=\"og:url\" content=\"https:\/\/www.fisa.com\/pl\/czyszczenie-ultradzwiekowe-wszystkie-srodowiska\/plastik-guma-wtrysk-wytlaczanie-kompresja\/\" \/>\n<meta property=\"og:site_name\" content=\"FISA\" \/>\n<meta property=\"article:modified_time\" content=\"2020-05-15T12:34:22+00:00\" \/>\n<meta name=\"twitter:card\" content=\"summary_large_image\" \/>\n<script type=\"application\/ld+json\" class=\"yoast-schema-graph\">{\"@context\":\"https:\/\/schema.org\",\"@graph\":[{\"@type\":\"WebPage\",\"@id\":\"https:\/\/www.fisa.com\/pl\/czyszczenie-ultradzwiekowe-wszystkie-srodowiska\/plastik-guma-wtrysk-wytlaczanie-kompresja\/\",\"url\":\"https:\/\/www.fisa.com\/pl\/czyszczenie-ultradzwiekowe-wszystkie-srodowiska\/plastik-guma-wtrysk-wytlaczanie-kompresja\/\",\"name\":\"Ultrad\u017awi\u0119kowe czyszczenie form\/narz\u0119dzi do tworzyw sztucznych i gumy\",\"isPartOf\":{\"@id\":\"https:\/\/www.fisa.com\/pl\/#website\"},\"datePublished\":\"2020-01-27T12:33:22+00:00\",\"dateModified\":\"2020-05-15T12:34:22+00:00\",\"description\":\"Je\u017celi zajmujesz si\u0119 wstrzykiwaniem termoutwardzalnym lub termoplastycznym lub specjalizujesz si\u0119 w wyt\u0142aczaniu tworzywa sztucznego lub gumy, zmagasz si\u0119 z problemem konserwacji form, p\u0142yt i narz\u0119dzi, kluczowych przy produkcji cz\u0119\u015bci o wysokiej jako\u015bci.\",\"breadcrumb\":{\"@id\":\"https:\/\/www.fisa.com\/pl\/czyszczenie-ultradzwiekowe-wszystkie-srodowiska\/plastik-guma-wtrysk-wytlaczanie-kompresja\/#breadcrumb\"},\"inLanguage\":\"pl-PL\",\"potentialAction\":[{\"@type\":\"ReadAction\",\"target\":[\"https:\/\/www.fisa.com\/pl\/czyszczenie-ultradzwiekowe-wszystkie-srodowiska\/plastik-guma-wtrysk-wytlaczanie-kompresja\/\"]}]},{\"@type\":\"BreadcrumbList\",\"@id\":\"https:\/\/www.fisa.com\/pl\/czyszczenie-ultradzwiekowe-wszystkie-srodowiska\/plastik-guma-wtrysk-wytlaczanie-kompresja\/#breadcrumb\",\"itemListElement\":[{\"@type\":\"ListItem\",\"position\":1,\"name\":\"Home\",\"item\":\"https:\/\/www.fisa.com\/pl\/\"},{\"@type\":\"ListItem\",\"position\":2,\"name\":\"Czyszczenie ultrad\u017awi\u0119kowe we wszystkich \u015brodowiskach przemys\u0142owych\",\"item\":\"https:\/\/www.fisa.com\/pl\/czyszczenie-ultradzwiekowe-wszystkie-srodowiska\/\"},{\"@type\":\"ListItem\",\"position\":3,\"name\":\"Czyszczenie ultrad\u017awi\u0119kowe do konserwacji form i narz\u0119dzi do wtrysku \/ wyt\u0142aczania \/ kompresji tworzyw sztucznych i gumy\"}]},{\"@type\":\"WebSite\",\"@id\":\"https:\/\/www.fisa.com\/pl\/#website\",\"url\":\"https:\/\/www.fisa.com\/pl\/\",\"name\":\"FISA Group\",\"description\":\"Concepteur et fabricant de machines de nettoyage par ultrasons\",\"publisher\":{\"@id\":\"https:\/\/www.fisa.com\/pl\/#organization\"},\"potentialAction\":[{\"@type\":\"SearchAction\",\"target\":{\"@type\":\"EntryPoint\",\"urlTemplate\":\"https:\/\/www.fisa.com\/pl\/?s={search_term_string}\"},\"query-input\":\"required name=search_term_string\"}],\"inLanguage\":\"pl-PL\"},{\"@type\":\"Organization\",\"@id\":\"https:\/\/www.fisa.com\/pl\/#organization\",\"name\":\"FISA Group\",\"url\":\"https:\/\/www.fisa.com\/pl\/\",\"logo\":{\"@type\":\"ImageObject\",\"inLanguage\":\"pl-PL\",\"@id\":\"https:\/\/www.fisa.com\/pl\/#\/schema\/logo\/image\/\",\"url\":\"https:\/\/www.fisa.com\/wp-content\/uploads\/2019\/07\/logo-fisa-header.svg\",\"contentUrl\":\"https:\/\/www.fisa.com\/wp-content\/uploads\/2019\/07\/logo-fisa-header.svg\",\"width\":1,\"height\":1,\"caption\":\"FISA Group\"},\"image\":{\"@id\":\"https:\/\/www.fisa.com\/pl\/#\/schema\/logo\/image\/\"}}]}<\/script>\n<!-- \/ Yoast SEO plugin. -->","yoast_head_json":{"title":"Ultrad\u017awi\u0119kowe czyszczenie form\/narz\u0119dzi do tworzyw sztucznych i gumy","description":"Je\u017celi zajmujesz si\u0119 wstrzykiwaniem termoutwardzalnym lub termoplastycznym lub specjalizujesz si\u0119 w wyt\u0142aczaniu tworzywa sztucznego lub gumy, zmagasz si\u0119 z problemem konserwacji form, p\u0142yt i narz\u0119dzi, kluczowych przy produkcji cz\u0119\u015bci o wysokiej jako\u015bci.","robots":{"index":"index","follow":"follow","max-snippet":"max-snippet:-1","max-image-preview":"max-image-preview:large","max-video-preview":"max-video-preview:-1"},"canonical":"https:\/\/www.fisa.com\/pl\/czyszczenie-ultradzwiekowe-wszystkie-srodowiska\/plastik-guma-wtrysk-wytlaczanie-kompresja\/","og_locale":"pl_PL","og_type":"article","og_title":"Ultrad\u017awi\u0119kowe czyszczenie form\/narz\u0119dzi do tworzyw sztucznych i gumy","og_description":"Je\u017celi zajmujesz si\u0119 wstrzykiwaniem termoutwardzalnym lub termoplastycznym lub specjalizujesz si\u0119 w wyt\u0142aczaniu tworzywa sztucznego lub gumy, zmagasz si\u0119 z problemem konserwacji form, p\u0142yt i narz\u0119dzi, kluczowych przy produkcji cz\u0119\u015bci o wysokiej jako\u015bci.","og_url":"https:\/\/www.fisa.com\/pl\/czyszczenie-ultradzwiekowe-wszystkie-srodowiska\/plastik-guma-wtrysk-wytlaczanie-kompresja\/","og_site_name":"FISA","article_modified_time":"2020-05-15T12:34:22+00:00","twitter_card":"summary_large_image","schema":{"@context":"https:\/\/schema.org","@graph":[{"@type":"WebPage","@id":"https:\/\/www.fisa.com\/pl\/czyszczenie-ultradzwiekowe-wszystkie-srodowiska\/plastik-guma-wtrysk-wytlaczanie-kompresja\/","url":"https:\/\/www.fisa.com\/pl\/czyszczenie-ultradzwiekowe-wszystkie-srodowiska\/plastik-guma-wtrysk-wytlaczanie-kompresja\/","name":"Ultrad\u017awi\u0119kowe czyszczenie form\/narz\u0119dzi do tworzyw sztucznych i gumy","isPartOf":{"@id":"https:\/\/www.fisa.com\/pl\/#website"},"datePublished":"2020-01-27T12:33:22+00:00","dateModified":"2020-05-15T12:34:22+00:00","description":"Je\u017celi zajmujesz si\u0119 wstrzykiwaniem termoutwardzalnym lub termoplastycznym lub specjalizujesz si\u0119 w wyt\u0142aczaniu tworzywa sztucznego lub gumy, zmagasz si\u0119 z problemem konserwacji form, p\u0142yt i narz\u0119dzi, kluczowych przy produkcji cz\u0119\u015bci o wysokiej jako\u015bci.","breadcrumb":{"@id":"https:\/\/www.fisa.com\/pl\/czyszczenie-ultradzwiekowe-wszystkie-srodowiska\/plastik-guma-wtrysk-wytlaczanie-kompresja\/#breadcrumb"},"inLanguage":"pl-PL","potentialAction":[{"@type":"ReadAction","target":["https:\/\/www.fisa.com\/pl\/czyszczenie-ultradzwiekowe-wszystkie-srodowiska\/plastik-guma-wtrysk-wytlaczanie-kompresja\/"]}]},{"@type":"BreadcrumbList","@id":"https:\/\/www.fisa.com\/pl\/czyszczenie-ultradzwiekowe-wszystkie-srodowiska\/plastik-guma-wtrysk-wytlaczanie-kompresja\/#breadcrumb","itemListElement":[{"@type":"ListItem","position":1,"name":"Home","item":"https:\/\/www.fisa.com\/pl\/"},{"@type":"ListItem","position":2,"name":"Czyszczenie ultrad\u017awi\u0119kowe we wszystkich \u015brodowiskach przemys\u0142owych","item":"https:\/\/www.fisa.com\/pl\/czyszczenie-ultradzwiekowe-wszystkie-srodowiska\/"},{"@type":"ListItem","position":3,"name":"Czyszczenie ultrad\u017awi\u0119kowe do konserwacji form i narz\u0119dzi do wtrysku \/ wyt\u0142aczania \/ kompresji tworzyw sztucznych i gumy"}]},{"@type":"WebSite","@id":"https:\/\/www.fisa.com\/pl\/#website","url":"https:\/\/www.fisa.com\/pl\/","name":"FISA Group","description":"Concepteur et fabricant de machines de nettoyage par ultrasons","publisher":{"@id":"https:\/\/www.fisa.com\/pl\/#organization"},"potentialAction":[{"@type":"SearchAction","target":{"@type":"EntryPoint","urlTemplate":"https:\/\/www.fisa.com\/pl\/?s={search_term_string}"},"query-input":"required name=search_term_string"}],"inLanguage":"pl-PL"},{"@type":"Organization","@id":"https:\/\/www.fisa.com\/pl\/#organization","name":"FISA Group","url":"https:\/\/www.fisa.com\/pl\/","logo":{"@type":"ImageObject","inLanguage":"pl-PL","@id":"https:\/\/www.fisa.com\/pl\/#\/schema\/logo\/image\/","url":"https:\/\/www.fisa.com\/wp-content\/uploads\/2019\/07\/logo-fisa-header.svg","contentUrl":"https:\/\/www.fisa.com\/wp-content\/uploads\/2019\/07\/logo-fisa-header.svg","width":1,"height":1,"caption":"FISA Group"},"image":{"@id":"https:\/\/www.fisa.com\/pl\/#\/schema\/logo\/image\/"}}]}},"_links":{"self":[{"href":"https:\/\/www.fisa.com\/pl\/wp-json\/wp\/v2\/pages\/11739"}],"collection":[{"href":"https:\/\/www.fisa.com\/pl\/wp-json\/wp\/v2\/pages"}],"about":[{"href":"https:\/\/www.fisa.com\/pl\/wp-json\/wp\/v2\/types\/page"}],"author":[{"embeddable":true,"href":"https:\/\/www.fisa.com\/pl\/wp-json\/wp\/v2\/users\/2"}],"replies":[{"embeddable":true,"href":"https:\/\/www.fisa.com\/pl\/wp-json\/wp\/v2\/comments?post=11739"}],"version-history":[{"count":9,"href":"https:\/\/www.fisa.com\/pl\/wp-json\/wp\/v2\/pages\/11739\/revisions"}],"predecessor-version":[{"id":20614,"href":"https:\/\/www.fisa.com\/pl\/wp-json\/wp\/v2\/pages\/11739\/revisions\/20614"}],"up":[{"embeddable":true,"href":"https:\/\/www.fisa.com\/pl\/wp-json\/wp\/v2\/pages\/11697"}],"wp:attachment":[{"href":"https:\/\/www.fisa.com\/pl\/wp-json\/wp\/v2\/media?parent=11739"}],"curies":[{"name":"wp","href":"https:\/\/api.w.org\/{rel}","templated":true}]}}