{"id":11709,"date":"2020-01-27T13:33:21","date_gmt":"2020-01-27T12:33:21","guid":{"rendered":"https:\/\/www.fisa.com\/?page_id=11709"},"modified":"2020-05-15T14:25:41","modified_gmt":"2020-05-15T12:25:41","slug":"odlewnictwo-pod-cisnieniem-niskie-cisnienie-rdzennica","status":"publish","type":"page","link":"https:\/\/www.fisa.com\/pl\/czyszczenie-ultradzwiekowe-wszystkie-srodowiska\/odlewnictwo-pod-cisnieniem-niskie-cisnienie-rdzennica\/","title":{"rendered":"Czyszczenie ultrad\u017awi\u0119kowe dla odlewnictwa: podci\u015bnienie, niskie ci\u015bnienie, rdzennica"},"content":{"rendered":"","protected":false},"excerpt":{"rendered":"","protected":false},"author":2,"featured_media":0,"parent":11697,"menu_order":10,"comment_status":"closed","ping_status":"closed","template":"template-page.php","meta":{"footnotes":""},"acf":[],"yoast_head":"<!-- This site is optimized with the Yoast SEO plugin v21.1 - https:\/\/yoast.com\/wordpress\/plugins\/seo\/ -->\n<title>Czyszczenie ultrad\u017awi\u0119kowe dla odlewnictwa (podci\u015bnienie, niskie ci\u015bnienie)<\/title>\n<meta name=\"description\" content=\"Podwykonawcy w sektorach zakup\u00f3w - motoryzacyjnym, stalowym, urz\u0105dze\u0144 transportu bliskiego, urz\u0105dze\u0144 przemys\u0142owych, urz\u0105dze\u0144 elektrycznych, lotnictwa, uzbrojenia itp. - profesjonali\u015bci w zakresie odlewnictwa metali borykaj\u0105 si\u0119 z zanieczyszczeniem form metalowych spowodowanym g\u0142\u00f3wnie przez ich zabezpieczanie.\" \/>\n<meta name=\"robots\" content=\"index, follow, max-snippet:-1, max-image-preview:large, max-video-preview:-1\" \/>\n<link rel=\"canonical\" href=\"https:\/\/www.fisa.com\/pl\/czyszczenie-ultradzwiekowe-wszystkie-srodowiska\/odlewnictwo-pod-cisnieniem-niskie-cisnienie-rdzennica\/\" \/>\n<meta property=\"og:locale\" content=\"pl_PL\" \/>\n<meta property=\"og:type\" content=\"article\" \/>\n<meta property=\"og:title\" content=\"Czyszczenie ultrad\u017awi\u0119kowe dla odlewnictwa (podci\u015bnienie, niskie ci\u015bnienie)\" \/>\n<meta property=\"og:description\" content=\"Podwykonawcy w sektorach zakup\u00f3w - motoryzacyjnym, stalowym, urz\u0105dze\u0144 transportu bliskiego, urz\u0105dze\u0144 przemys\u0142owych, urz\u0105dze\u0144 elektrycznych, lotnictwa, uzbrojenia itp. - profesjonali\u015bci w zakresie odlewnictwa metali borykaj\u0105 si\u0119 z zanieczyszczeniem form metalowych spowodowanym g\u0142\u00f3wnie przez ich zabezpieczanie.\" \/>\n<meta property=\"og:url\" content=\"https:\/\/www.fisa.com\/pl\/czyszczenie-ultradzwiekowe-wszystkie-srodowiska\/odlewnictwo-pod-cisnieniem-niskie-cisnienie-rdzennica\/\" \/>\n<meta property=\"og:site_name\" content=\"FISA\" \/>\n<meta property=\"article:modified_time\" content=\"2020-05-15T12:25:41+00:00\" \/>\n<meta name=\"twitter:card\" content=\"summary_large_image\" \/>\n<script type=\"application\/ld+json\" class=\"yoast-schema-graph\">{\"@context\":\"https:\/\/schema.org\",\"@graph\":[{\"@type\":\"WebPage\",\"@id\":\"https:\/\/www.fisa.com\/pl\/czyszczenie-ultradzwiekowe-wszystkie-srodowiska\/odlewnictwo-pod-cisnieniem-niskie-cisnienie-rdzennica\/\",\"url\":\"https:\/\/www.fisa.com\/pl\/czyszczenie-ultradzwiekowe-wszystkie-srodowiska\/odlewnictwo-pod-cisnieniem-niskie-cisnienie-rdzennica\/\",\"name\":\"Czyszczenie ultrad\u017awi\u0119kowe dla odlewnictwa (podci\u015bnienie, niskie ci\u015bnienie)\",\"isPartOf\":{\"@id\":\"https:\/\/www.fisa.com\/pl\/#website\"},\"datePublished\":\"2020-01-27T12:33:21+00:00\",\"dateModified\":\"2020-05-15T12:25:41+00:00\",\"description\":\"Podwykonawcy w sektorach zakup\u00f3w - motoryzacyjnym, stalowym, urz\u0105dze\u0144 transportu bliskiego, urz\u0105dze\u0144 przemys\u0142owych, urz\u0105dze\u0144 elektrycznych, lotnictwa, uzbrojenia itp. - profesjonali\u015bci w zakresie odlewnictwa metali borykaj\u0105 si\u0119 z zanieczyszczeniem form metalowych spowodowanym g\u0142\u00f3wnie przez ich zabezpieczanie.\",\"breadcrumb\":{\"@id\":\"https:\/\/www.fisa.com\/pl\/czyszczenie-ultradzwiekowe-wszystkie-srodowiska\/odlewnictwo-pod-cisnieniem-niskie-cisnienie-rdzennica\/#breadcrumb\"},\"inLanguage\":\"pl-PL\",\"potentialAction\":[{\"@type\":\"ReadAction\",\"target\":[\"https:\/\/www.fisa.com\/pl\/czyszczenie-ultradzwiekowe-wszystkie-srodowiska\/odlewnictwo-pod-cisnieniem-niskie-cisnienie-rdzennica\/\"]}]},{\"@type\":\"BreadcrumbList\",\"@id\":\"https:\/\/www.fisa.com\/pl\/czyszczenie-ultradzwiekowe-wszystkie-srodowiska\/odlewnictwo-pod-cisnieniem-niskie-cisnienie-rdzennica\/#breadcrumb\",\"itemListElement\":[{\"@type\":\"ListItem\",\"position\":1,\"name\":\"Home\",\"item\":\"https:\/\/www.fisa.com\/pl\/\"},{\"@type\":\"ListItem\",\"position\":2,\"name\":\"Czyszczenie ultrad\u017awi\u0119kowe we wszystkich \u015brodowiskach przemys\u0142owych\",\"item\":\"https:\/\/www.fisa.com\/pl\/czyszczenie-ultradzwiekowe-wszystkie-srodowiska\/\"},{\"@type\":\"ListItem\",\"position\":3,\"name\":\"Czyszczenie ultrad\u017awi\u0119kowe dla odlewnictwa: podci\u015bnienie, niskie ci\u015bnienie, rdzennica\"}]},{\"@type\":\"WebSite\",\"@id\":\"https:\/\/www.fisa.com\/pl\/#website\",\"url\":\"https:\/\/www.fisa.com\/pl\/\",\"name\":\"FISA Group\",\"description\":\"Concepteur et fabricant de machines de nettoyage par ultrasons\",\"publisher\":{\"@id\":\"https:\/\/www.fisa.com\/pl\/#organization\"},\"potentialAction\":[{\"@type\":\"SearchAction\",\"target\":{\"@type\":\"EntryPoint\",\"urlTemplate\":\"https:\/\/www.fisa.com\/pl\/?s={search_term_string}\"},\"query-input\":\"required name=search_term_string\"}],\"inLanguage\":\"pl-PL\"},{\"@type\":\"Organization\",\"@id\":\"https:\/\/www.fisa.com\/pl\/#organization\",\"name\":\"FISA Group\",\"url\":\"https:\/\/www.fisa.com\/pl\/\",\"logo\":{\"@type\":\"ImageObject\",\"inLanguage\":\"pl-PL\",\"@id\":\"https:\/\/www.fisa.com\/pl\/#\/schema\/logo\/image\/\",\"url\":\"https:\/\/www.fisa.com\/wp-content\/uploads\/2019\/07\/logo-fisa-header.svg\",\"contentUrl\":\"https:\/\/www.fisa.com\/wp-content\/uploads\/2019\/07\/logo-fisa-header.svg\",\"width\":1,\"height\":1,\"caption\":\"FISA Group\"},\"image\":{\"@id\":\"https:\/\/www.fisa.com\/pl\/#\/schema\/logo\/image\/\"}}]}<\/script>\n<!-- \/ Yoast SEO plugin. -->","yoast_head_json":{"title":"Czyszczenie ultrad\u017awi\u0119kowe dla odlewnictwa (podci\u015bnienie, niskie ci\u015bnienie)","description":"Podwykonawcy w sektorach zakup\u00f3w - motoryzacyjnym, stalowym, urz\u0105dze\u0144 transportu bliskiego, urz\u0105dze\u0144 przemys\u0142owych, urz\u0105dze\u0144 elektrycznych, lotnictwa, uzbrojenia itp. - profesjonali\u015bci w zakresie odlewnictwa metali borykaj\u0105 si\u0119 z zanieczyszczeniem form metalowych spowodowanym g\u0142\u00f3wnie przez ich zabezpieczanie.","robots":{"index":"index","follow":"follow","max-snippet":"max-snippet:-1","max-image-preview":"max-image-preview:large","max-video-preview":"max-video-preview:-1"},"canonical":"https:\/\/www.fisa.com\/pl\/czyszczenie-ultradzwiekowe-wszystkie-srodowiska\/odlewnictwo-pod-cisnieniem-niskie-cisnienie-rdzennica\/","og_locale":"pl_PL","og_type":"article","og_title":"Czyszczenie ultrad\u017awi\u0119kowe dla odlewnictwa (podci\u015bnienie, niskie ci\u015bnienie)","og_description":"Podwykonawcy w sektorach zakup\u00f3w - motoryzacyjnym, stalowym, urz\u0105dze\u0144 transportu bliskiego, urz\u0105dze\u0144 przemys\u0142owych, urz\u0105dze\u0144 elektrycznych, lotnictwa, uzbrojenia itp. - profesjonali\u015bci w zakresie odlewnictwa metali borykaj\u0105 si\u0119 z zanieczyszczeniem form metalowych spowodowanym g\u0142\u00f3wnie przez ich zabezpieczanie.","og_url":"https:\/\/www.fisa.com\/pl\/czyszczenie-ultradzwiekowe-wszystkie-srodowiska\/odlewnictwo-pod-cisnieniem-niskie-cisnienie-rdzennica\/","og_site_name":"FISA","article_modified_time":"2020-05-15T12:25:41+00:00","twitter_card":"summary_large_image","schema":{"@context":"https:\/\/schema.org","@graph":[{"@type":"WebPage","@id":"https:\/\/www.fisa.com\/pl\/czyszczenie-ultradzwiekowe-wszystkie-srodowiska\/odlewnictwo-pod-cisnieniem-niskie-cisnienie-rdzennica\/","url":"https:\/\/www.fisa.com\/pl\/czyszczenie-ultradzwiekowe-wszystkie-srodowiska\/odlewnictwo-pod-cisnieniem-niskie-cisnienie-rdzennica\/","name":"Czyszczenie ultrad\u017awi\u0119kowe dla odlewnictwa (podci\u015bnienie, niskie ci\u015bnienie)","isPartOf":{"@id":"https:\/\/www.fisa.com\/pl\/#website"},"datePublished":"2020-01-27T12:33:21+00:00","dateModified":"2020-05-15T12:25:41+00:00","description":"Podwykonawcy w sektorach zakup\u00f3w - motoryzacyjnym, stalowym, urz\u0105dze\u0144 transportu bliskiego, urz\u0105dze\u0144 przemys\u0142owych, urz\u0105dze\u0144 elektrycznych, lotnictwa, uzbrojenia itp. - profesjonali\u015bci w zakresie odlewnictwa metali borykaj\u0105 si\u0119 z zanieczyszczeniem form metalowych spowodowanym g\u0142\u00f3wnie przez ich zabezpieczanie.","breadcrumb":{"@id":"https:\/\/www.fisa.com\/pl\/czyszczenie-ultradzwiekowe-wszystkie-srodowiska\/odlewnictwo-pod-cisnieniem-niskie-cisnienie-rdzennica\/#breadcrumb"},"inLanguage":"pl-PL","potentialAction":[{"@type":"ReadAction","target":["https:\/\/www.fisa.com\/pl\/czyszczenie-ultradzwiekowe-wszystkie-srodowiska\/odlewnictwo-pod-cisnieniem-niskie-cisnienie-rdzennica\/"]}]},{"@type":"BreadcrumbList","@id":"https:\/\/www.fisa.com\/pl\/czyszczenie-ultradzwiekowe-wszystkie-srodowiska\/odlewnictwo-pod-cisnieniem-niskie-cisnienie-rdzennica\/#breadcrumb","itemListElement":[{"@type":"ListItem","position":1,"name":"Home","item":"https:\/\/www.fisa.com\/pl\/"},{"@type":"ListItem","position":2,"name":"Czyszczenie ultrad\u017awi\u0119kowe we wszystkich \u015brodowiskach przemys\u0142owych","item":"https:\/\/www.fisa.com\/pl\/czyszczenie-ultradzwiekowe-wszystkie-srodowiska\/"},{"@type":"ListItem","position":3,"name":"Czyszczenie ultrad\u017awi\u0119kowe dla odlewnictwa: podci\u015bnienie, niskie ci\u015bnienie, rdzennica"}]},{"@type":"WebSite","@id":"https:\/\/www.fisa.com\/pl\/#website","url":"https:\/\/www.fisa.com\/pl\/","name":"FISA Group","description":"Concepteur et fabricant de machines de nettoyage par ultrasons","publisher":{"@id":"https:\/\/www.fisa.com\/pl\/#organization"},"potentialAction":[{"@type":"SearchAction","target":{"@type":"EntryPoint","urlTemplate":"https:\/\/www.fisa.com\/pl\/?s={search_term_string}"},"query-input":"required name=search_term_string"}],"inLanguage":"pl-PL"},{"@type":"Organization","@id":"https:\/\/www.fisa.com\/pl\/#organization","name":"FISA Group","url":"https:\/\/www.fisa.com\/pl\/","logo":{"@type":"ImageObject","inLanguage":"pl-PL","@id":"https:\/\/www.fisa.com\/pl\/#\/schema\/logo\/image\/","url":"https:\/\/www.fisa.com\/wp-content\/uploads\/2019\/07\/logo-fisa-header.svg","contentUrl":"https:\/\/www.fisa.com\/wp-content\/uploads\/2019\/07\/logo-fisa-header.svg","width":1,"height":1,"caption":"FISA Group"},"image":{"@id":"https:\/\/www.fisa.com\/pl\/#\/schema\/logo\/image\/"}}]}},"_links":{"self":[{"href":"https:\/\/www.fisa.com\/pl\/wp-json\/wp\/v2\/pages\/11709"}],"collection":[{"href":"https:\/\/www.fisa.com\/pl\/wp-json\/wp\/v2\/pages"}],"about":[{"href":"https:\/\/www.fisa.com\/pl\/wp-json\/wp\/v2\/types\/page"}],"author":[{"embeddable":true,"href":"https:\/\/www.fisa.com\/pl\/wp-json\/wp\/v2\/users\/2"}],"replies":[{"embeddable":true,"href":"https:\/\/www.fisa.com\/pl\/wp-json\/wp\/v2\/comments?post=11709"}],"version-history":[{"count":10,"href":"https:\/\/www.fisa.com\/pl\/wp-json\/wp\/v2\/pages\/11709\/revisions"}],"predecessor-version":[{"id":20583,"href":"https:\/\/www.fisa.com\/pl\/wp-json\/wp\/v2\/pages\/11709\/revisions\/20583"}],"up":[{"embeddable":true,"href":"https:\/\/www.fisa.com\/pl\/wp-json\/wp\/v2\/pages\/11697"}],"wp:attachment":[{"href":"https:\/\/www.fisa.com\/pl\/wp-json\/wp\/v2\/media?parent=11709"}],"curies":[{"name":"wp","href":"https:\/\/api.w.org\/{rel}","templated":true}]}}