{"id":11691,"date":"2020-01-27T13:33:21","date_gmt":"2020-01-27T12:33:21","guid":{"rendered":"https:\/\/www.fisa.com\/?page_id=11691"},"modified":"2023-09-08T21:14:00","modified_gmt":"2023-09-08T19:14:00","slug":"projektant-producent-urzadzenia-czyszczenie-ultradzwieki","status":"publish","type":"page","link":"https:\/\/www.fisa.com\/pl\/projektant-producent-urzadzenia-czyszczenie-ultradzwieki\/","title":{"rendered":"Projektant i producent ultrad\u017awi\u0119kowych urz\u0105dze\u0144 czyszcz\u0105cych obecny na rynku od 1981 r."},"content":{"rendered":"","protected":false},"excerpt":{"rendered":"","protected":false},"author":2,"featured_media":0,"parent":0,"menu_order":10,"comment_status":"closed","ping_status":"closed","template":"template-page.php","meta":{"footnotes":""},"acf":[],"yoast_head":"<!-- This site is optimized with the Yoast SEO plugin v21.1 - https:\/\/yoast.com\/wordpress\/plugins\/seo\/ -->\n<title>Projektant i producent ultrad\u017awi\u0119kowych urz\u0105dze\u0144 czyszcz\u0105cych obecny na rynku od 1981 r. - FISA<\/title>\n<meta name=\"description\" content=\"FISA, projektant i producent urz\u0105dze\u0144 do czyszczenia ultrad\u017awi\u0119kowego obecny na rynku od niemal 40 lat, oferuje procesy pior\u0105ce i systemy uzdatniania wody na ca\u0142ym \u015bwiecie.\" \/>\n<meta name=\"robots\" content=\"index, follow, max-snippet:-1, max-image-preview:large, max-video-preview:-1\" \/>\n<link rel=\"canonical\" href=\"https:\/\/www.fisa.com\/pl\/projektant-producent-urzadzenia-czyszczenie-ultradzwieki\/\" \/>\n<meta property=\"og:locale\" content=\"pl_PL\" \/>\n<meta property=\"og:type\" content=\"article\" \/>\n<meta property=\"og:title\" content=\"Projektant i producent ultrad\u017awi\u0119kowych urz\u0105dze\u0144 czyszcz\u0105cych obecny na rynku od 1981 r. - FISA\" \/>\n<meta property=\"og:description\" content=\"FISA, projektant i producent urz\u0105dze\u0144 do czyszczenia ultrad\u017awi\u0119kowego obecny na rynku od niemal 40 lat, oferuje procesy pior\u0105ce i systemy uzdatniania wody na ca\u0142ym \u015bwiecie.\" \/>\n<meta property=\"og:url\" content=\"https:\/\/www.fisa.com\/pl\/projektant-producent-urzadzenia-czyszczenie-ultradzwieki\/\" \/>\n<meta property=\"og:site_name\" content=\"FISA\" \/>\n<meta property=\"article:modified_time\" content=\"2023-09-08T19:14:00+00:00\" \/>\n<meta name=\"twitter:card\" content=\"summary_large_image\" \/>\n<script type=\"application\/ld+json\" class=\"yoast-schema-graph\">{\"@context\":\"https:\/\/schema.org\",\"@graph\":[{\"@type\":\"WebPage\",\"@id\":\"https:\/\/www.fisa.com\/pl\/projektant-producent-urzadzenia-czyszczenie-ultradzwieki\/\",\"url\":\"https:\/\/www.fisa.com\/pl\/projektant-producent-urzadzenia-czyszczenie-ultradzwieki\/\",\"name\":\"Projektant i producent ultrad\u017awi\u0119kowych urz\u0105dze\u0144 czyszcz\u0105cych obecny na rynku od 1981 r. - FISA\",\"isPartOf\":{\"@id\":\"https:\/\/www.fisa.com\/pl\/#website\"},\"datePublished\":\"2020-01-27T12:33:21+00:00\",\"dateModified\":\"2023-09-08T19:14:00+00:00\",\"description\":\"FISA, projektant i producent urz\u0105dze\u0144 do czyszczenia ultrad\u017awi\u0119kowego obecny na rynku od niemal 40 lat, oferuje procesy pior\u0105ce i systemy uzdatniania wody na ca\u0142ym \u015bwiecie.\",\"breadcrumb\":{\"@id\":\"https:\/\/www.fisa.com\/pl\/projektant-producent-urzadzenia-czyszczenie-ultradzwieki\/#breadcrumb\"},\"inLanguage\":\"pl-PL\",\"potentialAction\":[{\"@type\":\"ReadAction\",\"target\":[\"https:\/\/www.fisa.com\/pl\/projektant-producent-urzadzenia-czyszczenie-ultradzwieki\/\"]}]},{\"@type\":\"BreadcrumbList\",\"@id\":\"https:\/\/www.fisa.com\/pl\/projektant-producent-urzadzenia-czyszczenie-ultradzwieki\/#breadcrumb\",\"itemListElement\":[{\"@type\":\"ListItem\",\"position\":1,\"name\":\"Home\",\"item\":\"https:\/\/www.fisa.com\/pl\/\"},{\"@type\":\"ListItem\",\"position\":2,\"name\":\"Projektant i producent ultrad\u017awi\u0119kowych urz\u0105dze\u0144 czyszcz\u0105cych obecny na rynku od 1981 r.\"}]},{\"@type\":\"WebSite\",\"@id\":\"https:\/\/www.fisa.com\/pl\/#website\",\"url\":\"https:\/\/www.fisa.com\/pl\/\",\"name\":\"FISA Group\",\"description\":\"Concepteur et fabricant de machines de nettoyage par ultrasons\",\"publisher\":{\"@id\":\"https:\/\/www.fisa.com\/pl\/#organization\"},\"potentialAction\":[{\"@type\":\"SearchAction\",\"target\":{\"@type\":\"EntryPoint\",\"urlTemplate\":\"https:\/\/www.fisa.com\/pl\/?s={search_term_string}\"},\"query-input\":\"required name=search_term_string\"}],\"inLanguage\":\"pl-PL\"},{\"@type\":\"Organization\",\"@id\":\"https:\/\/www.fisa.com\/pl\/#organization\",\"name\":\"FISA Group\",\"url\":\"https:\/\/www.fisa.com\/pl\/\",\"logo\":{\"@type\":\"ImageObject\",\"inLanguage\":\"pl-PL\",\"@id\":\"https:\/\/www.fisa.com\/pl\/#\/schema\/logo\/image\/\",\"url\":\"https:\/\/www.fisa.com\/wp-content\/uploads\/2019\/07\/logo-fisa-header.svg\",\"contentUrl\":\"https:\/\/www.fisa.com\/wp-content\/uploads\/2019\/07\/logo-fisa-header.svg\",\"width\":1,\"height\":1,\"caption\":\"FISA Group\"},\"image\":{\"@id\":\"https:\/\/www.fisa.com\/pl\/#\/schema\/logo\/image\/\"}}]}<\/script>\n<!-- \/ Yoast SEO plugin. -->","yoast_head_json":{"title":"Projektant i producent ultrad\u017awi\u0119kowych urz\u0105dze\u0144 czyszcz\u0105cych obecny na rynku od 1981 r. - FISA","description":"FISA, projektant i producent urz\u0105dze\u0144 do czyszczenia ultrad\u017awi\u0119kowego obecny na rynku od niemal 40 lat, oferuje procesy pior\u0105ce i systemy uzdatniania wody na ca\u0142ym \u015bwiecie.","robots":{"index":"index","follow":"follow","max-snippet":"max-snippet:-1","max-image-preview":"max-image-preview:large","max-video-preview":"max-video-preview:-1"},"canonical":"https:\/\/www.fisa.com\/pl\/projektant-producent-urzadzenia-czyszczenie-ultradzwieki\/","og_locale":"pl_PL","og_type":"article","og_title":"Projektant i producent ultrad\u017awi\u0119kowych urz\u0105dze\u0144 czyszcz\u0105cych obecny na rynku od 1981 r. - FISA","og_description":"FISA, projektant i producent urz\u0105dze\u0144 do czyszczenia ultrad\u017awi\u0119kowego obecny na rynku od niemal 40 lat, oferuje procesy pior\u0105ce i systemy uzdatniania wody na ca\u0142ym \u015bwiecie.","og_url":"https:\/\/www.fisa.com\/pl\/projektant-producent-urzadzenia-czyszczenie-ultradzwieki\/","og_site_name":"FISA","article_modified_time":"2023-09-08T19:14:00+00:00","twitter_card":"summary_large_image","schema":{"@context":"https:\/\/schema.org","@graph":[{"@type":"WebPage","@id":"https:\/\/www.fisa.com\/pl\/projektant-producent-urzadzenia-czyszczenie-ultradzwieki\/","url":"https:\/\/www.fisa.com\/pl\/projektant-producent-urzadzenia-czyszczenie-ultradzwieki\/","name":"Projektant i producent ultrad\u017awi\u0119kowych urz\u0105dze\u0144 czyszcz\u0105cych obecny na rynku od 1981 r. - FISA","isPartOf":{"@id":"https:\/\/www.fisa.com\/pl\/#website"},"datePublished":"2020-01-27T12:33:21+00:00","dateModified":"2023-09-08T19:14:00+00:00","description":"FISA, projektant i producent urz\u0105dze\u0144 do czyszczenia ultrad\u017awi\u0119kowego obecny na rynku od niemal 40 lat, oferuje procesy pior\u0105ce i systemy uzdatniania wody na ca\u0142ym \u015bwiecie.","breadcrumb":{"@id":"https:\/\/www.fisa.com\/pl\/projektant-producent-urzadzenia-czyszczenie-ultradzwieki\/#breadcrumb"},"inLanguage":"pl-PL","potentialAction":[{"@type":"ReadAction","target":["https:\/\/www.fisa.com\/pl\/projektant-producent-urzadzenia-czyszczenie-ultradzwieki\/"]}]},{"@type":"BreadcrumbList","@id":"https:\/\/www.fisa.com\/pl\/projektant-producent-urzadzenia-czyszczenie-ultradzwieki\/#breadcrumb","itemListElement":[{"@type":"ListItem","position":1,"name":"Home","item":"https:\/\/www.fisa.com\/pl\/"},{"@type":"ListItem","position":2,"name":"Projektant i producent ultrad\u017awi\u0119kowych urz\u0105dze\u0144 czyszcz\u0105cych obecny na rynku od 1981 r."}]},{"@type":"WebSite","@id":"https:\/\/www.fisa.com\/pl\/#website","url":"https:\/\/www.fisa.com\/pl\/","name":"FISA Group","description":"Concepteur et fabricant de machines de nettoyage par ultrasons","publisher":{"@id":"https:\/\/www.fisa.com\/pl\/#organization"},"potentialAction":[{"@type":"SearchAction","target":{"@type":"EntryPoint","urlTemplate":"https:\/\/www.fisa.com\/pl\/?s={search_term_string}"},"query-input":"required name=search_term_string"}],"inLanguage":"pl-PL"},{"@type":"Organization","@id":"https:\/\/www.fisa.com\/pl\/#organization","name":"FISA Group","url":"https:\/\/www.fisa.com\/pl\/","logo":{"@type":"ImageObject","inLanguage":"pl-PL","@id":"https:\/\/www.fisa.com\/pl\/#\/schema\/logo\/image\/","url":"https:\/\/www.fisa.com\/wp-content\/uploads\/2019\/07\/logo-fisa-header.svg","contentUrl":"https:\/\/www.fisa.com\/wp-content\/uploads\/2019\/07\/logo-fisa-header.svg","width":1,"height":1,"caption":"FISA Group"},"image":{"@id":"https:\/\/www.fisa.com\/pl\/#\/schema\/logo\/image\/"}}]}},"_links":{"self":[{"href":"https:\/\/www.fisa.com\/pl\/wp-json\/wp\/v2\/pages\/11691"}],"collection":[{"href":"https:\/\/www.fisa.com\/pl\/wp-json\/wp\/v2\/pages"}],"about":[{"href":"https:\/\/www.fisa.com\/pl\/wp-json\/wp\/v2\/types\/page"}],"author":[{"embeddable":true,"href":"https:\/\/www.fisa.com\/pl\/wp-json\/wp\/v2\/users\/2"}],"replies":[{"embeddable":true,"href":"https:\/\/www.fisa.com\/pl\/wp-json\/wp\/v2\/comments?post=11691"}],"version-history":[{"count":8,"href":"https:\/\/www.fisa.com\/pl\/wp-json\/wp\/v2\/pages\/11691\/revisions"}],"predecessor-version":[{"id":20564,"href":"https:\/\/www.fisa.com\/pl\/wp-json\/wp\/v2\/pages\/11691\/revisions\/20564"}],"wp:attachment":[{"href":"https:\/\/www.fisa.com\/pl\/wp-json\/wp\/v2\/media?parent=11691"}],"curies":[{"name":"wp","href":"https:\/\/api.w.org\/{rel}","templated":true}]}}