{"id":11660,"date":"2020-01-27T13:33:40","date_gmt":"2020-01-27T12:33:40","guid":{"rendered":"https:\/\/www.fisa.com\/?page_id=11660"},"modified":"2022-01-24T11:41:43","modified_gmt":"2022-01-24T10:41:43","slug":"accueil","status":"publish","type":"page","link":"https:\/\/www.fisa.com\/pl\/","title":{"rendered":"Home"},"content":{"rendered":"","protected":false},"excerpt":{"rendered":"","protected":false},"author":2,"featured_media":0,"parent":0,"menu_order":0,"comment_status":"closed","ping_status":"closed","template":"","meta":{"footnotes":""},"acf":[],"yoast_head":"<!-- This site is optimized with the Yoast SEO plugin v21.1 - https:\/\/yoast.com\/wordpress\/plugins\/seo\/ -->\n<title>Projektant\/producent urz\u0105dze\u0144 do czyszczenia ultrad\u017awi\u0119kowego - Grupa FISA<\/title>\n<meta name=\"description\" content=\"Od 1981 roku Grupa FISA specjalizuje si\u0119 w badaniach i rozwoju, projektowaniu, in\u017cynierii, produkcji, sprzeda\u017cy i wsparciu technicznym urz\u0105dze\u0144 do czyszczenia ultrad\u017awi\u0119kowego i powlekaj\u0105cych na zam\u00f3wienie.\" \/>\n<meta name=\"robots\" content=\"index, follow, max-snippet:-1, max-image-preview:large, max-video-preview:-1\" \/>\n<link rel=\"canonical\" href=\"https:\/\/www.fisa.com\/pl\/\" \/>\n<meta property=\"og:locale\" content=\"pl_PL\" \/>\n<meta property=\"og:type\" content=\"article\" \/>\n<meta property=\"og:title\" content=\"Projektant\/producent urz\u0105dze\u0144 do czyszczenia ultrad\u017awi\u0119kowego - Grupa FISA\" \/>\n<meta property=\"og:description\" content=\"Od 1981 roku Grupa FISA specjalizuje si\u0119 w badaniach i rozwoju, projektowaniu, in\u017cynierii, produkcji, sprzeda\u017cy i wsparciu technicznym urz\u0105dze\u0144 do czyszczenia ultrad\u017awi\u0119kowego i powlekaj\u0105cych na zam\u00f3wienie.\" \/>\n<meta property=\"og:url\" content=\"https:\/\/www.fisa.com\/pl\/\" \/>\n<meta property=\"og:site_name\" content=\"FISA\" \/>\n<meta property=\"article:modified_time\" content=\"2022-01-24T10:41:43+00:00\" \/>\n<meta name=\"twitter:card\" content=\"summary_large_image\" \/>\n<script type=\"application\/ld+json\" class=\"yoast-schema-graph\">{\"@context\":\"https:\/\/schema.org\",\"@graph\":[{\"@type\":\"WebPage\",\"@id\":\"https:\/\/www.fisa.com\/pl\/\",\"url\":\"https:\/\/www.fisa.com\/pl\/\",\"name\":\"Projektant\/producent urz\u0105dze\u0144 do czyszczenia ultrad\u017awi\u0119kowego - Grupa FISA\",\"isPartOf\":{\"@id\":\"https:\/\/www.fisa.com\/pl\/#website\"},\"datePublished\":\"2020-01-27T12:33:40+00:00\",\"dateModified\":\"2022-01-24T10:41:43+00:00\",\"description\":\"Od 1981 roku Grupa FISA specjalizuje si\u0119 w badaniach i rozwoju, projektowaniu, in\u017cynierii, produkcji, sprzeda\u017cy i wsparciu technicznym urz\u0105dze\u0144 do czyszczenia ultrad\u017awi\u0119kowego i powlekaj\u0105cych na zam\u00f3wienie.\",\"breadcrumb\":{\"@id\":\"https:\/\/www.fisa.com\/pl\/#breadcrumb\"},\"inLanguage\":\"pl-PL\",\"potentialAction\":[{\"@type\":\"ReadAction\",\"target\":[\"https:\/\/www.fisa.com\/pl\/\"]}]},{\"@type\":\"BreadcrumbList\",\"@id\":\"https:\/\/www.fisa.com\/pl\/#breadcrumb\",\"itemListElement\":[{\"@type\":\"ListItem\",\"position\":1,\"name\":\"Home\",\"item\":\"https:\/\/www.fisa.com\/pl\/\"},{\"@type\":\"ListItem\",\"position\":2,\"name\":\"Home\"}]},{\"@type\":\"WebSite\",\"@id\":\"https:\/\/www.fisa.com\/pl\/#website\",\"url\":\"https:\/\/www.fisa.com\/pl\/\",\"name\":\"FISA Group\",\"description\":\"Concepteur et fabricant de machines de nettoyage par ultrasons\",\"publisher\":{\"@id\":\"https:\/\/www.fisa.com\/pl\/#organization\"},\"potentialAction\":[{\"@type\":\"SearchAction\",\"target\":{\"@type\":\"EntryPoint\",\"urlTemplate\":\"https:\/\/www.fisa.com\/pl\/?s={search_term_string}\"},\"query-input\":\"required name=search_term_string\"}],\"inLanguage\":\"pl-PL\"},{\"@type\":\"Organization\",\"@id\":\"https:\/\/www.fisa.com\/pl\/#organization\",\"name\":\"FISA Group\",\"url\":\"https:\/\/www.fisa.com\/pl\/\",\"logo\":{\"@type\":\"ImageObject\",\"inLanguage\":\"pl-PL\",\"@id\":\"https:\/\/www.fisa.com\/pl\/#\/schema\/logo\/image\/\",\"url\":\"https:\/\/www.fisa.com\/wp-content\/uploads\/2019\/07\/logo-fisa-header.svg\",\"contentUrl\":\"https:\/\/www.fisa.com\/wp-content\/uploads\/2019\/07\/logo-fisa-header.svg\",\"width\":1,\"height\":1,\"caption\":\"FISA Group\"},\"image\":{\"@id\":\"https:\/\/www.fisa.com\/pl\/#\/schema\/logo\/image\/\"}}]}<\/script>\n<!-- \/ Yoast SEO plugin. -->","yoast_head_json":{"title":"Projektant\/producent urz\u0105dze\u0144 do czyszczenia ultrad\u017awi\u0119kowego - Grupa FISA","description":"Od 1981 roku Grupa FISA specjalizuje si\u0119 w badaniach i rozwoju, projektowaniu, in\u017cynierii, produkcji, sprzeda\u017cy i wsparciu technicznym urz\u0105dze\u0144 do czyszczenia ultrad\u017awi\u0119kowego i powlekaj\u0105cych na zam\u00f3wienie.","robots":{"index":"index","follow":"follow","max-snippet":"max-snippet:-1","max-image-preview":"max-image-preview:large","max-video-preview":"max-video-preview:-1"},"canonical":"https:\/\/www.fisa.com\/pl\/","og_locale":"pl_PL","og_type":"article","og_title":"Projektant\/producent urz\u0105dze\u0144 do czyszczenia ultrad\u017awi\u0119kowego - Grupa FISA","og_description":"Od 1981 roku Grupa FISA specjalizuje si\u0119 w badaniach i rozwoju, projektowaniu, in\u017cynierii, produkcji, sprzeda\u017cy i wsparciu technicznym urz\u0105dze\u0144 do czyszczenia ultrad\u017awi\u0119kowego i powlekaj\u0105cych na zam\u00f3wienie.","og_url":"https:\/\/www.fisa.com\/pl\/","og_site_name":"FISA","article_modified_time":"2022-01-24T10:41:43+00:00","twitter_card":"summary_large_image","schema":{"@context":"https:\/\/schema.org","@graph":[{"@type":"WebPage","@id":"https:\/\/www.fisa.com\/pl\/","url":"https:\/\/www.fisa.com\/pl\/","name":"Projektant\/producent urz\u0105dze\u0144 do czyszczenia ultrad\u017awi\u0119kowego - Grupa FISA","isPartOf":{"@id":"https:\/\/www.fisa.com\/pl\/#website"},"datePublished":"2020-01-27T12:33:40+00:00","dateModified":"2022-01-24T10:41:43+00:00","description":"Od 1981 roku Grupa FISA specjalizuje si\u0119 w badaniach i rozwoju, projektowaniu, in\u017cynierii, produkcji, sprzeda\u017cy i wsparciu technicznym urz\u0105dze\u0144 do czyszczenia ultrad\u017awi\u0119kowego i powlekaj\u0105cych na zam\u00f3wienie.","breadcrumb":{"@id":"https:\/\/www.fisa.com\/pl\/#breadcrumb"},"inLanguage":"pl-PL","potentialAction":[{"@type":"ReadAction","target":["https:\/\/www.fisa.com\/pl\/"]}]},{"@type":"BreadcrumbList","@id":"https:\/\/www.fisa.com\/pl\/#breadcrumb","itemListElement":[{"@type":"ListItem","position":1,"name":"Home","item":"https:\/\/www.fisa.com\/pl\/"},{"@type":"ListItem","position":2,"name":"Home"}]},{"@type":"WebSite","@id":"https:\/\/www.fisa.com\/pl\/#website","url":"https:\/\/www.fisa.com\/pl\/","name":"FISA Group","description":"Concepteur et fabricant de machines de nettoyage par ultrasons","publisher":{"@id":"https:\/\/www.fisa.com\/pl\/#organization"},"potentialAction":[{"@type":"SearchAction","target":{"@type":"EntryPoint","urlTemplate":"https:\/\/www.fisa.com\/pl\/?s={search_term_string}"},"query-input":"required name=search_term_string"}],"inLanguage":"pl-PL"},{"@type":"Organization","@id":"https:\/\/www.fisa.com\/pl\/#organization","name":"FISA Group","url":"https:\/\/www.fisa.com\/pl\/","logo":{"@type":"ImageObject","inLanguage":"pl-PL","@id":"https:\/\/www.fisa.com\/pl\/#\/schema\/logo\/image\/","url":"https:\/\/www.fisa.com\/wp-content\/uploads\/2019\/07\/logo-fisa-header.svg","contentUrl":"https:\/\/www.fisa.com\/wp-content\/uploads\/2019\/07\/logo-fisa-header.svg","width":1,"height":1,"caption":"FISA Group"},"image":{"@id":"https:\/\/www.fisa.com\/pl\/#\/schema\/logo\/image\/"}}]}},"_links":{"self":[{"href":"https:\/\/www.fisa.com\/pl\/wp-json\/wp\/v2\/pages\/11660"}],"collection":[{"href":"https:\/\/www.fisa.com\/pl\/wp-json\/wp\/v2\/pages"}],"about":[{"href":"https:\/\/www.fisa.com\/pl\/wp-json\/wp\/v2\/types\/page"}],"author":[{"embeddable":true,"href":"https:\/\/www.fisa.com\/pl\/wp-json\/wp\/v2\/users\/2"}],"replies":[{"embeddable":true,"href":"https:\/\/www.fisa.com\/pl\/wp-json\/wp\/v2\/comments?post=11660"}],"version-history":[{"count":15,"href":"https:\/\/www.fisa.com\/pl\/wp-json\/wp\/v2\/pages\/11660\/revisions"}],"predecessor-version":[{"id":20821,"href":"https:\/\/www.fisa.com\/pl\/wp-json\/wp\/v2\/pages\/11660\/revisions\/20821"}],"wp:attachment":[{"href":"https:\/\/www.fisa.com\/pl\/wp-json\/wp\/v2\/media?parent=11660"}],"curies":[{"name":"wp","href":"https:\/\/api.w.org\/{rel}","templated":true}]}}