{"id":18203,"date":"2020-01-27T13:33:09","date_gmt":"2020-01-27T12:33:09","guid":{"rendered":"https:\/\/www.fisa.com\/nuestras-maquinas-de-limpieza-por-ultrasonidos-y-robots-el-control-absoluto-de-la-fabricacion\/nuestra-gama-de-maquinas-de-limpieza-por-ultrasonidos-estandar\/"},"modified":"2023-09-08T20:56:43","modified_gmt":"2023-09-08T18:56:43","slug":"nuestra-gama-de-maquinas-de-limpieza-por-ultrasonidos-estandar","status":"publish","type":"page","link":"https:\/\/www.fisa.com\/mx\/nuestras-maquinas-de-limpieza-por-ultrasonidos-y-robots-el-control-absoluto-de-la-fabricacion\/nuestra-gama-de-maquinas-de-limpieza-por-ultrasonidos-estandar\/","title":{"rendered":"Nuestra gama de m\u00e1quinas de limpieza por ultrasonidos est\u00e1ndar"},"content":{"rendered":"","protected":false},"excerpt":{"rendered":"","protected":false},"author":2,"featured_media":0,"parent":18201,"menu_order":0,"comment_status":"closed","ping_status":"closed","template":"template-page.php","meta":{"footnotes":""},"acf":[],"yoast_head":"<!-- This site is optimized with the Yoast SEO plugin v21.1 - https:\/\/yoast.com\/wordpress\/plugins\/seo\/ -->\n<title>Nuestras gamas de m\u00e1quinas est\u00e1ndar para la limpieza por ultrasonidos<\/title>\n<meta name=\"description\" content=\"Descubra nuestras diferentes gamas de m\u00e1quinas est\u00e1ndar: la l\u00ednea de lavado con detergente para el sector de la relojer\u00eda, los equipos m\u00e9dicos, la industria alimentaria, etc.; la gama de limpieza de moldes y utillajes; y la gama est\u00e1ndar para el sector de la \u00f3ptica.\" \/>\n<meta name=\"robots\" content=\"index, follow, max-snippet:-1, max-image-preview:large, max-video-preview:-1\" \/>\n<link rel=\"canonical\" href=\"https:\/\/www.fisa.com\/mx\/nuestras-maquinas-de-limpieza-por-ultrasonidos-y-robots-el-control-absoluto-de-la-fabricacion\/nuestra-gama-de-maquinas-de-limpieza-por-ultrasonidos-estandar\/\" \/>\n<meta property=\"og:locale\" content=\"es_MX\" \/>\n<meta property=\"og:type\" content=\"article\" \/>\n<meta property=\"og:title\" content=\"Nuestras gamas de m\u00e1quinas est\u00e1ndar para la limpieza por ultrasonidos\" \/>\n<meta property=\"og:description\" content=\"Descubra nuestras diferentes gamas de m\u00e1quinas est\u00e1ndar: la l\u00ednea de lavado con detergente para el sector de la relojer\u00eda, los equipos m\u00e9dicos, la industria alimentaria, etc.; la gama de limpieza de moldes y utillajes; y la gama est\u00e1ndar para el sector de la \u00f3ptica.\" \/>\n<meta property=\"og:url\" content=\"https:\/\/www.fisa.com\/mx\/nuestras-maquinas-de-limpieza-por-ultrasonidos-y-robots-el-control-absoluto-de-la-fabricacion\/nuestra-gama-de-maquinas-de-limpieza-por-ultrasonidos-estandar\/\" \/>\n<meta property=\"og:site_name\" content=\"FISA\" \/>\n<meta property=\"article:modified_time\" content=\"2023-09-08T18:56:43+00:00\" \/>\n<meta name=\"twitter:card\" content=\"summary_large_image\" \/>\n<script type=\"application\/ld+json\" class=\"yoast-schema-graph\">{\"@context\":\"https:\/\/schema.org\",\"@graph\":[{\"@type\":\"WebPage\",\"@id\":\"https:\/\/www.fisa.com\/mx\/nuestras-maquinas-de-limpieza-por-ultrasonidos-y-robots-el-control-absoluto-de-la-fabricacion\/nuestra-gama-de-maquinas-de-limpieza-por-ultrasonidos-estandar\/\",\"url\":\"https:\/\/www.fisa.com\/mx\/nuestras-maquinas-de-limpieza-por-ultrasonidos-y-robots-el-control-absoluto-de-la-fabricacion\/nuestra-gama-de-maquinas-de-limpieza-por-ultrasonidos-estandar\/\",\"name\":\"Nuestras gamas de m\u00e1quinas est\u00e1ndar para la limpieza por ultrasonidos\",\"isPartOf\":{\"@id\":\"https:\/\/www.fisa.com\/mx\/#website\"},\"datePublished\":\"2020-01-27T12:33:09+00:00\",\"dateModified\":\"2023-09-08T18:56:43+00:00\",\"description\":\"Descubra nuestras diferentes gamas de m\u00e1quinas est\u00e1ndar: la l\u00ednea de lavado con detergente para el sector de la relojer\u00eda, los equipos m\u00e9dicos, la industria alimentaria, etc.; la gama de limpieza de moldes y utillajes; y la gama est\u00e1ndar para el sector de la \u00f3ptica.\",\"breadcrumb\":{\"@id\":\"https:\/\/www.fisa.com\/mx\/nuestras-maquinas-de-limpieza-por-ultrasonidos-y-robots-el-control-absoluto-de-la-fabricacion\/nuestra-gama-de-maquinas-de-limpieza-por-ultrasonidos-estandar\/#breadcrumb\"},\"inLanguage\":\"es-MX\",\"potentialAction\":[{\"@type\":\"ReadAction\",\"target\":[\"https:\/\/www.fisa.com\/mx\/nuestras-maquinas-de-limpieza-por-ultrasonidos-y-robots-el-control-absoluto-de-la-fabricacion\/nuestra-gama-de-maquinas-de-limpieza-por-ultrasonidos-estandar\/\"]}]},{\"@type\":\"BreadcrumbList\",\"@id\":\"https:\/\/www.fisa.com\/mx\/nuestras-maquinas-de-limpieza-por-ultrasonidos-y-robots-el-control-absoluto-de-la-fabricacion\/nuestra-gama-de-maquinas-de-limpieza-por-ultrasonidos-estandar\/#breadcrumb\",\"itemListElement\":[{\"@type\":\"ListItem\",\"position\":1,\"name\":\"Home\",\"item\":\"https:\/\/www.fisa.com\/mx\/\"},{\"@type\":\"ListItem\",\"position\":2,\"name\":\"Nuestras m\u00e1quinas de limpieza por ultrasonidos y robots: el control absoluto de la fabricaci\u00f3n\",\"item\":\"https:\/\/www.fisa.com\/mx\/nuestras-maquinas-de-limpieza-por-ultrasonidos-y-robots-el-control-absoluto-de-la-fabricacion\/\"},{\"@type\":\"ListItem\",\"position\":3,\"name\":\"Nuestra gama de m\u00e1quinas de limpieza por ultrasonidos est\u00e1ndar\"}]},{\"@type\":\"WebSite\",\"@id\":\"https:\/\/www.fisa.com\/mx\/#website\",\"url\":\"https:\/\/www.fisa.com\/mx\/\",\"name\":\"FISA Group\",\"description\":\"Concepteur et fabricant de machines de nettoyage par ultrasons\",\"publisher\":{\"@id\":\"https:\/\/www.fisa.com\/mx\/#organization\"},\"potentialAction\":[{\"@type\":\"SearchAction\",\"target\":{\"@type\":\"EntryPoint\",\"urlTemplate\":\"https:\/\/www.fisa.com\/mx\/?s={search_term_string}\"},\"query-input\":\"required name=search_term_string\"}],\"inLanguage\":\"es-MX\"},{\"@type\":\"Organization\",\"@id\":\"https:\/\/www.fisa.com\/mx\/#organization\",\"name\":\"FISA Group\",\"url\":\"https:\/\/www.fisa.com\/mx\/\",\"logo\":{\"@type\":\"ImageObject\",\"inLanguage\":\"es-MX\",\"@id\":\"https:\/\/www.fisa.com\/mx\/#\/schema\/logo\/image\/\",\"url\":\"https:\/\/www.fisa.com\/wp-content\/uploads\/2019\/07\/logo-fisa-header.svg\",\"contentUrl\":\"https:\/\/www.fisa.com\/wp-content\/uploads\/2019\/07\/logo-fisa-header.svg\",\"width\":1,\"height\":1,\"caption\":\"FISA Group\"},\"image\":{\"@id\":\"https:\/\/www.fisa.com\/mx\/#\/schema\/logo\/image\/\"}}]}<\/script>\n<!-- \/ Yoast SEO plugin. -->","yoast_head_json":{"title":"Nuestras gamas de m\u00e1quinas est\u00e1ndar para la limpieza por ultrasonidos","description":"Descubra nuestras diferentes gamas de m\u00e1quinas est\u00e1ndar: la l\u00ednea de lavado con detergente para el sector de la relojer\u00eda, los equipos m\u00e9dicos, la industria alimentaria, etc.; la gama de limpieza de moldes y utillajes; y la gama est\u00e1ndar para el sector de la \u00f3ptica.","robots":{"index":"index","follow":"follow","max-snippet":"max-snippet:-1","max-image-preview":"max-image-preview:large","max-video-preview":"max-video-preview:-1"},"canonical":"https:\/\/www.fisa.com\/mx\/nuestras-maquinas-de-limpieza-por-ultrasonidos-y-robots-el-control-absoluto-de-la-fabricacion\/nuestra-gama-de-maquinas-de-limpieza-por-ultrasonidos-estandar\/","og_locale":"es_MX","og_type":"article","og_title":"Nuestras gamas de m\u00e1quinas est\u00e1ndar para la limpieza por ultrasonidos","og_description":"Descubra nuestras diferentes gamas de m\u00e1quinas est\u00e1ndar: la l\u00ednea de lavado con detergente para el sector de la relojer\u00eda, los equipos m\u00e9dicos, la industria alimentaria, etc.; la gama de limpieza de moldes y utillajes; y la gama est\u00e1ndar para el sector de la \u00f3ptica.","og_url":"https:\/\/www.fisa.com\/mx\/nuestras-maquinas-de-limpieza-por-ultrasonidos-y-robots-el-control-absoluto-de-la-fabricacion\/nuestra-gama-de-maquinas-de-limpieza-por-ultrasonidos-estandar\/","og_site_name":"FISA","article_modified_time":"2023-09-08T18:56:43+00:00","twitter_card":"summary_large_image","schema":{"@context":"https:\/\/schema.org","@graph":[{"@type":"WebPage","@id":"https:\/\/www.fisa.com\/mx\/nuestras-maquinas-de-limpieza-por-ultrasonidos-y-robots-el-control-absoluto-de-la-fabricacion\/nuestra-gama-de-maquinas-de-limpieza-por-ultrasonidos-estandar\/","url":"https:\/\/www.fisa.com\/mx\/nuestras-maquinas-de-limpieza-por-ultrasonidos-y-robots-el-control-absoluto-de-la-fabricacion\/nuestra-gama-de-maquinas-de-limpieza-por-ultrasonidos-estandar\/","name":"Nuestras gamas de m\u00e1quinas est\u00e1ndar para la limpieza por ultrasonidos","isPartOf":{"@id":"https:\/\/www.fisa.com\/mx\/#website"},"datePublished":"2020-01-27T12:33:09+00:00","dateModified":"2023-09-08T18:56:43+00:00","description":"Descubra nuestras diferentes gamas de m\u00e1quinas est\u00e1ndar: la l\u00ednea de lavado con detergente para el sector de la relojer\u00eda, los equipos m\u00e9dicos, la industria alimentaria, etc.; la gama de limpieza de moldes y utillajes; y la gama est\u00e1ndar para el sector de la \u00f3ptica.","breadcrumb":{"@id":"https:\/\/www.fisa.com\/mx\/nuestras-maquinas-de-limpieza-por-ultrasonidos-y-robots-el-control-absoluto-de-la-fabricacion\/nuestra-gama-de-maquinas-de-limpieza-por-ultrasonidos-estandar\/#breadcrumb"},"inLanguage":"es-MX","potentialAction":[{"@type":"ReadAction","target":["https:\/\/www.fisa.com\/mx\/nuestras-maquinas-de-limpieza-por-ultrasonidos-y-robots-el-control-absoluto-de-la-fabricacion\/nuestra-gama-de-maquinas-de-limpieza-por-ultrasonidos-estandar\/"]}]},{"@type":"BreadcrumbList","@id":"https:\/\/www.fisa.com\/mx\/nuestras-maquinas-de-limpieza-por-ultrasonidos-y-robots-el-control-absoluto-de-la-fabricacion\/nuestra-gama-de-maquinas-de-limpieza-por-ultrasonidos-estandar\/#breadcrumb","itemListElement":[{"@type":"ListItem","position":1,"name":"Home","item":"https:\/\/www.fisa.com\/mx\/"},{"@type":"ListItem","position":2,"name":"Nuestras m\u00e1quinas de limpieza por ultrasonidos y robots: el control absoluto de la fabricaci\u00f3n","item":"https:\/\/www.fisa.com\/mx\/nuestras-maquinas-de-limpieza-por-ultrasonidos-y-robots-el-control-absoluto-de-la-fabricacion\/"},{"@type":"ListItem","position":3,"name":"Nuestra gama de m\u00e1quinas de limpieza por ultrasonidos est\u00e1ndar"}]},{"@type":"WebSite","@id":"https:\/\/www.fisa.com\/mx\/#website","url":"https:\/\/www.fisa.com\/mx\/","name":"FISA Group","description":"Concepteur et fabricant de machines de nettoyage par ultrasons","publisher":{"@id":"https:\/\/www.fisa.com\/mx\/#organization"},"potentialAction":[{"@type":"SearchAction","target":{"@type":"EntryPoint","urlTemplate":"https:\/\/www.fisa.com\/mx\/?s={search_term_string}"},"query-input":"required name=search_term_string"}],"inLanguage":"es-MX"},{"@type":"Organization","@id":"https:\/\/www.fisa.com\/mx\/#organization","name":"FISA Group","url":"https:\/\/www.fisa.com\/mx\/","logo":{"@type":"ImageObject","inLanguage":"es-MX","@id":"https:\/\/www.fisa.com\/mx\/#\/schema\/logo\/image\/","url":"https:\/\/www.fisa.com\/wp-content\/uploads\/2019\/07\/logo-fisa-header.svg","contentUrl":"https:\/\/www.fisa.com\/wp-content\/uploads\/2019\/07\/logo-fisa-header.svg","width":1,"height":1,"caption":"FISA Group"},"image":{"@id":"https:\/\/www.fisa.com\/mx\/#\/schema\/logo\/image\/"}}]}},"_links":{"self":[{"href":"https:\/\/www.fisa.com\/mx\/wp-json\/wp\/v2\/pages\/18203"}],"collection":[{"href":"https:\/\/www.fisa.com\/mx\/wp-json\/wp\/v2\/pages"}],"about":[{"href":"https:\/\/www.fisa.com\/mx\/wp-json\/wp\/v2\/types\/page"}],"author":[{"embeddable":true,"href":"https:\/\/www.fisa.com\/mx\/wp-json\/wp\/v2\/users\/2"}],"replies":[{"embeddable":true,"href":"https:\/\/www.fisa.com\/mx\/wp-json\/wp\/v2\/comments?post=18203"}],"version-history":[{"count":5,"href":"https:\/\/www.fisa.com\/mx\/wp-json\/wp\/v2\/pages\/18203\/revisions"}],"predecessor-version":[{"id":20638,"href":"https:\/\/www.fisa.com\/mx\/wp-json\/wp\/v2\/pages\/18203\/revisions\/20638"}],"up":[{"embeddable":true,"href":"https:\/\/www.fisa.com\/mx\/wp-json\/wp\/v2\/pages\/18201"}],"wp:attachment":[{"href":"https:\/\/www.fisa.com\/mx\/wp-json\/wp\/v2\/media?parent=18203"}],"curies":[{"name":"wp","href":"https:\/\/api.w.org\/{rel}","templated":true}]}}