{"id":18202,"date":"2020-01-27T13:33:09","date_gmt":"2020-01-27T12:33:09","guid":{"rendered":"https:\/\/www.fisa.com\/nuestras-maquinas-de-limpieza-por-ultrasonidos-y-robots-el-control-absoluto-de-la-fabricacion\/nuestras-maquinas-de-limpieza-por-ultrasonidos-estan-hechas-a-medida\/"},"modified":"2023-09-08T20:57:30","modified_gmt":"2023-09-08T18:57:30","slug":"nuestras-maquinas-de-limpieza-por-ultrasonidos-estan-hechas-a-medida","status":"publish","type":"page","link":"https:\/\/www.fisa.com\/mx\/nuestras-maquinas-de-limpieza-por-ultrasonidos-y-robots-el-control-absoluto-de-la-fabricacion\/nuestras-maquinas-de-limpieza-por-ultrasonidos-estan-hechas-a-medida\/","title":{"rendered":"Nuestras m\u00e1quinas de limpieza por ultrasonidos est\u00e1n hechas a medida"},"content":{"rendered":"","protected":false},"excerpt":{"rendered":"","protected":false},"author":2,"featured_media":0,"parent":18201,"menu_order":0,"comment_status":"closed","ping_status":"closed","template":"template-page.php","meta":{"footnotes":""},"acf":[],"yoast_head":"<!-- This site is optimized with the Yoast SEO plugin v21.1 - https:\/\/yoast.com\/wordpress\/plugins\/seo\/ -->\n<title>Nuestras m\u00e1quinas de limpieza por ultrasonidos est\u00e1n hechas a medida para nuestros clientes<\/title>\n<meta name=\"description\" content=\"Para nosotros, cada nueva solicitud que recibimos es un nuevo proyecto. Cada sistema de producci\u00f3n y cada pieza que hay que limpiar tienen sus propias particularidades que hay que tener en cuenta. Adem\u00e1s, el tama\u00f1o, los materiales, el tipo de suciedad que se quiere eliminar, el tama\u00f1o final de la m\u00e1quina, el ritmo de producci\u00f3n son factores determinantes y diferenciadores a la hora de dise\u00f1ar una soluci\u00f3n de limpieza por ultrasonidos.\" \/>\n<meta name=\"robots\" content=\"index, follow, max-snippet:-1, max-image-preview:large, max-video-preview:-1\" \/>\n<link rel=\"canonical\" href=\"https:\/\/www.fisa.com\/mx\/nuestras-maquinas-de-limpieza-por-ultrasonidos-y-robots-el-control-absoluto-de-la-fabricacion\/nuestras-maquinas-de-limpieza-por-ultrasonidos-estan-hechas-a-medida\/\" \/>\n<meta property=\"og:locale\" content=\"es_MX\" \/>\n<meta property=\"og:type\" content=\"article\" \/>\n<meta property=\"og:title\" content=\"Nuestras m\u00e1quinas de limpieza por ultrasonidos est\u00e1n hechas a medida para nuestros clientes\" \/>\n<meta property=\"og:description\" content=\"Para nosotros, cada nueva solicitud que recibimos es un nuevo proyecto. Cada sistema de producci\u00f3n y cada pieza que hay que limpiar tienen sus propias particularidades que hay que tener en cuenta. Adem\u00e1s, el tama\u00f1o, los materiales, el tipo de suciedad que se quiere eliminar, el tama\u00f1o final de la m\u00e1quina, el ritmo de producci\u00f3n son factores determinantes y diferenciadores a la hora de dise\u00f1ar una soluci\u00f3n de limpieza por ultrasonidos.\" \/>\n<meta property=\"og:url\" content=\"https:\/\/www.fisa.com\/mx\/nuestras-maquinas-de-limpieza-por-ultrasonidos-y-robots-el-control-absoluto-de-la-fabricacion\/nuestras-maquinas-de-limpieza-por-ultrasonidos-estan-hechas-a-medida\/\" \/>\n<meta property=\"og:site_name\" content=\"FISA\" \/>\n<meta property=\"article:modified_time\" content=\"2023-09-08T18:57:30+00:00\" \/>\n<meta name=\"twitter:card\" content=\"summary_large_image\" \/>\n<script type=\"application\/ld+json\" class=\"yoast-schema-graph\">{\"@context\":\"https:\/\/schema.org\",\"@graph\":[{\"@type\":\"WebPage\",\"@id\":\"https:\/\/www.fisa.com\/mx\/nuestras-maquinas-de-limpieza-por-ultrasonidos-y-robots-el-control-absoluto-de-la-fabricacion\/nuestras-maquinas-de-limpieza-por-ultrasonidos-estan-hechas-a-medida\/\",\"url\":\"https:\/\/www.fisa.com\/mx\/nuestras-maquinas-de-limpieza-por-ultrasonidos-y-robots-el-control-absoluto-de-la-fabricacion\/nuestras-maquinas-de-limpieza-por-ultrasonidos-estan-hechas-a-medida\/\",\"name\":\"Nuestras m\u00e1quinas de limpieza por ultrasonidos est\u00e1n hechas a medida para nuestros clientes\",\"isPartOf\":{\"@id\":\"https:\/\/www.fisa.com\/mx\/#website\"},\"datePublished\":\"2020-01-27T12:33:09+00:00\",\"dateModified\":\"2023-09-08T18:57:30+00:00\",\"description\":\"Para nosotros, cada nueva solicitud que recibimos es un nuevo proyecto. Cada sistema de producci\u00f3n y cada pieza que hay que limpiar tienen sus propias particularidades que hay que tener en cuenta. Adem\u00e1s, el tama\u00f1o, los materiales, el tipo de suciedad que se quiere eliminar, el tama\u00f1o final de la m\u00e1quina, el ritmo de producci\u00f3n son factores determinantes y diferenciadores a la hora de dise\u00f1ar una soluci\u00f3n de limpieza por ultrasonidos.\",\"breadcrumb\":{\"@id\":\"https:\/\/www.fisa.com\/mx\/nuestras-maquinas-de-limpieza-por-ultrasonidos-y-robots-el-control-absoluto-de-la-fabricacion\/nuestras-maquinas-de-limpieza-por-ultrasonidos-estan-hechas-a-medida\/#breadcrumb\"},\"inLanguage\":\"es-MX\",\"potentialAction\":[{\"@type\":\"ReadAction\",\"target\":[\"https:\/\/www.fisa.com\/mx\/nuestras-maquinas-de-limpieza-por-ultrasonidos-y-robots-el-control-absoluto-de-la-fabricacion\/nuestras-maquinas-de-limpieza-por-ultrasonidos-estan-hechas-a-medida\/\"]}]},{\"@type\":\"BreadcrumbList\",\"@id\":\"https:\/\/www.fisa.com\/mx\/nuestras-maquinas-de-limpieza-por-ultrasonidos-y-robots-el-control-absoluto-de-la-fabricacion\/nuestras-maquinas-de-limpieza-por-ultrasonidos-estan-hechas-a-medida\/#breadcrumb\",\"itemListElement\":[{\"@type\":\"ListItem\",\"position\":1,\"name\":\"Home\",\"item\":\"https:\/\/www.fisa.com\/mx\/\"},{\"@type\":\"ListItem\",\"position\":2,\"name\":\"Nuestras m\u00e1quinas de limpieza por ultrasonidos y robots: el control absoluto de la fabricaci\u00f3n\",\"item\":\"https:\/\/www.fisa.com\/mx\/nuestras-maquinas-de-limpieza-por-ultrasonidos-y-robots-el-control-absoluto-de-la-fabricacion\/\"},{\"@type\":\"ListItem\",\"position\":3,\"name\":\"Nuestras m\u00e1quinas de limpieza por ultrasonidos est\u00e1n hechas a medida\"}]},{\"@type\":\"WebSite\",\"@id\":\"https:\/\/www.fisa.com\/mx\/#website\",\"url\":\"https:\/\/www.fisa.com\/mx\/\",\"name\":\"FISA Group\",\"description\":\"Concepteur et fabricant de machines de nettoyage par ultrasons\",\"publisher\":{\"@id\":\"https:\/\/www.fisa.com\/mx\/#organization\"},\"potentialAction\":[{\"@type\":\"SearchAction\",\"target\":{\"@type\":\"EntryPoint\",\"urlTemplate\":\"https:\/\/www.fisa.com\/mx\/?s={search_term_string}\"},\"query-input\":\"required name=search_term_string\"}],\"inLanguage\":\"es-MX\"},{\"@type\":\"Organization\",\"@id\":\"https:\/\/www.fisa.com\/mx\/#organization\",\"name\":\"FISA Group\",\"url\":\"https:\/\/www.fisa.com\/mx\/\",\"logo\":{\"@type\":\"ImageObject\",\"inLanguage\":\"es-MX\",\"@id\":\"https:\/\/www.fisa.com\/mx\/#\/schema\/logo\/image\/\",\"url\":\"https:\/\/www.fisa.com\/wp-content\/uploads\/2019\/07\/logo-fisa-header.svg\",\"contentUrl\":\"https:\/\/www.fisa.com\/wp-content\/uploads\/2019\/07\/logo-fisa-header.svg\",\"width\":1,\"height\":1,\"caption\":\"FISA Group\"},\"image\":{\"@id\":\"https:\/\/www.fisa.com\/mx\/#\/schema\/logo\/image\/\"}}]}<\/script>\n<!-- \/ Yoast SEO plugin. -->","yoast_head_json":{"title":"Nuestras m\u00e1quinas de limpieza por ultrasonidos est\u00e1n hechas a medida para nuestros clientes","description":"Para nosotros, cada nueva solicitud que recibimos es un nuevo proyecto. Cada sistema de producci\u00f3n y cada pieza que hay que limpiar tienen sus propias particularidades que hay que tener en cuenta. Adem\u00e1s, el tama\u00f1o, los materiales, el tipo de suciedad que se quiere eliminar, el tama\u00f1o final de la m\u00e1quina, el ritmo de producci\u00f3n son factores determinantes y diferenciadores a la hora de dise\u00f1ar una soluci\u00f3n de limpieza por ultrasonidos.","robots":{"index":"index","follow":"follow","max-snippet":"max-snippet:-1","max-image-preview":"max-image-preview:large","max-video-preview":"max-video-preview:-1"},"canonical":"https:\/\/www.fisa.com\/mx\/nuestras-maquinas-de-limpieza-por-ultrasonidos-y-robots-el-control-absoluto-de-la-fabricacion\/nuestras-maquinas-de-limpieza-por-ultrasonidos-estan-hechas-a-medida\/","og_locale":"es_MX","og_type":"article","og_title":"Nuestras m\u00e1quinas de limpieza por ultrasonidos est\u00e1n hechas a medida para nuestros clientes","og_description":"Para nosotros, cada nueva solicitud que recibimos es un nuevo proyecto. Cada sistema de producci\u00f3n y cada pieza que hay que limpiar tienen sus propias particularidades que hay que tener en cuenta. Adem\u00e1s, el tama\u00f1o, los materiales, el tipo de suciedad que se quiere eliminar, el tama\u00f1o final de la m\u00e1quina, el ritmo de producci\u00f3n son factores determinantes y diferenciadores a la hora de dise\u00f1ar una soluci\u00f3n de limpieza por ultrasonidos.","og_url":"https:\/\/www.fisa.com\/mx\/nuestras-maquinas-de-limpieza-por-ultrasonidos-y-robots-el-control-absoluto-de-la-fabricacion\/nuestras-maquinas-de-limpieza-por-ultrasonidos-estan-hechas-a-medida\/","og_site_name":"FISA","article_modified_time":"2023-09-08T18:57:30+00:00","twitter_card":"summary_large_image","schema":{"@context":"https:\/\/schema.org","@graph":[{"@type":"WebPage","@id":"https:\/\/www.fisa.com\/mx\/nuestras-maquinas-de-limpieza-por-ultrasonidos-y-robots-el-control-absoluto-de-la-fabricacion\/nuestras-maquinas-de-limpieza-por-ultrasonidos-estan-hechas-a-medida\/","url":"https:\/\/www.fisa.com\/mx\/nuestras-maquinas-de-limpieza-por-ultrasonidos-y-robots-el-control-absoluto-de-la-fabricacion\/nuestras-maquinas-de-limpieza-por-ultrasonidos-estan-hechas-a-medida\/","name":"Nuestras m\u00e1quinas de limpieza por ultrasonidos est\u00e1n hechas a medida para nuestros clientes","isPartOf":{"@id":"https:\/\/www.fisa.com\/mx\/#website"},"datePublished":"2020-01-27T12:33:09+00:00","dateModified":"2023-09-08T18:57:30+00:00","description":"Para nosotros, cada nueva solicitud que recibimos es un nuevo proyecto. Cada sistema de producci\u00f3n y cada pieza que hay que limpiar tienen sus propias particularidades que hay que tener en cuenta. Adem\u00e1s, el tama\u00f1o, los materiales, el tipo de suciedad que se quiere eliminar, el tama\u00f1o final de la m\u00e1quina, el ritmo de producci\u00f3n son factores determinantes y diferenciadores a la hora de dise\u00f1ar una soluci\u00f3n de limpieza por ultrasonidos.","breadcrumb":{"@id":"https:\/\/www.fisa.com\/mx\/nuestras-maquinas-de-limpieza-por-ultrasonidos-y-robots-el-control-absoluto-de-la-fabricacion\/nuestras-maquinas-de-limpieza-por-ultrasonidos-estan-hechas-a-medida\/#breadcrumb"},"inLanguage":"es-MX","potentialAction":[{"@type":"ReadAction","target":["https:\/\/www.fisa.com\/mx\/nuestras-maquinas-de-limpieza-por-ultrasonidos-y-robots-el-control-absoluto-de-la-fabricacion\/nuestras-maquinas-de-limpieza-por-ultrasonidos-estan-hechas-a-medida\/"]}]},{"@type":"BreadcrumbList","@id":"https:\/\/www.fisa.com\/mx\/nuestras-maquinas-de-limpieza-por-ultrasonidos-y-robots-el-control-absoluto-de-la-fabricacion\/nuestras-maquinas-de-limpieza-por-ultrasonidos-estan-hechas-a-medida\/#breadcrumb","itemListElement":[{"@type":"ListItem","position":1,"name":"Home","item":"https:\/\/www.fisa.com\/mx\/"},{"@type":"ListItem","position":2,"name":"Nuestras m\u00e1quinas de limpieza por ultrasonidos y robots: el control absoluto de la fabricaci\u00f3n","item":"https:\/\/www.fisa.com\/mx\/nuestras-maquinas-de-limpieza-por-ultrasonidos-y-robots-el-control-absoluto-de-la-fabricacion\/"},{"@type":"ListItem","position":3,"name":"Nuestras m\u00e1quinas de limpieza por ultrasonidos est\u00e1n hechas a medida"}]},{"@type":"WebSite","@id":"https:\/\/www.fisa.com\/mx\/#website","url":"https:\/\/www.fisa.com\/mx\/","name":"FISA Group","description":"Concepteur et fabricant de machines de nettoyage par ultrasons","publisher":{"@id":"https:\/\/www.fisa.com\/mx\/#organization"},"potentialAction":[{"@type":"SearchAction","target":{"@type":"EntryPoint","urlTemplate":"https:\/\/www.fisa.com\/mx\/?s={search_term_string}"},"query-input":"required name=search_term_string"}],"inLanguage":"es-MX"},{"@type":"Organization","@id":"https:\/\/www.fisa.com\/mx\/#organization","name":"FISA Group","url":"https:\/\/www.fisa.com\/mx\/","logo":{"@type":"ImageObject","inLanguage":"es-MX","@id":"https:\/\/www.fisa.com\/mx\/#\/schema\/logo\/image\/","url":"https:\/\/www.fisa.com\/wp-content\/uploads\/2019\/07\/logo-fisa-header.svg","contentUrl":"https:\/\/www.fisa.com\/wp-content\/uploads\/2019\/07\/logo-fisa-header.svg","width":1,"height":1,"caption":"FISA Group"},"image":{"@id":"https:\/\/www.fisa.com\/mx\/#\/schema\/logo\/image\/"}}]}},"_links":{"self":[{"href":"https:\/\/www.fisa.com\/mx\/wp-json\/wp\/v2\/pages\/18202"}],"collection":[{"href":"https:\/\/www.fisa.com\/mx\/wp-json\/wp\/v2\/pages"}],"about":[{"href":"https:\/\/www.fisa.com\/mx\/wp-json\/wp\/v2\/types\/page"}],"author":[{"embeddable":true,"href":"https:\/\/www.fisa.com\/mx\/wp-json\/wp\/v2\/users\/2"}],"replies":[{"embeddable":true,"href":"https:\/\/www.fisa.com\/mx\/wp-json\/wp\/v2\/comments?post=18202"}],"version-history":[{"count":6,"href":"https:\/\/www.fisa.com\/mx\/wp-json\/wp\/v2\/pages\/18202\/revisions"}],"predecessor-version":[{"id":20631,"href":"https:\/\/www.fisa.com\/mx\/wp-json\/wp\/v2\/pages\/18202\/revisions\/20631"}],"up":[{"embeddable":true,"href":"https:\/\/www.fisa.com\/mx\/wp-json\/wp\/v2\/pages\/18201"}],"wp:attachment":[{"href":"https:\/\/www.fisa.com\/mx\/wp-json\/wp\/v2\/media?parent=18202"}],"curies":[{"name":"wp","href":"https:\/\/api.w.org\/{rel}","templated":true}]}}