{"id":18200,"date":"2020-01-27T13:33:09","date_gmt":"2020-01-27T12:33:09","guid":{"rendered":""},"modified":"2020-05-15T14:34:19","modified_gmt":"2020-05-15T12:34:19","slug":"limpieza-por-ultrasonidos-para-el-mantenimiento-de-moldes-y-utillajes-para-inyeccion-extrusion-y-compresion-de-plasticos-y-cauchos","status":"publish","type":"page","link":"https:\/\/www.fisa.com\/mx\/disenador-y-fabricante-de-maquinas-de-limpieza-por-ultrasonidos-para-todos-los-campos-de-actividad-mercados-y-sectores-industriales\/limpieza-por-ultrasonidos-para-el-mantenimiento-de-moldes-y-utillajes-para-inyeccion-extrusion-y-compresion-de-plasticos-y-cauchos\/","title":{"rendered":"Limpieza por ultrasonidos para el mantenimiento de moldes y utillajes para inyecci\u00f3n, extrusi\u00f3n y compresi\u00f3n de pl\u00e1sticos y cauchos"},"content":{"rendered":"","protected":false},"excerpt":{"rendered":"","protected":false},"author":2,"featured_media":0,"parent":18193,"menu_order":35,"comment_status":"closed","ping_status":"closed","template":"template-page.php","meta":{"footnotes":""},"acf":[],"yoast_head":"<!-- This site is optimized with the Yoast SEO plugin v21.1 - https:\/\/yoast.com\/wordpress\/plugins\/seo\/ -->\n<title>Limpieza por ultrasonidos de moldes y utillajes para pl\u00e1sticos y cauchos<\/title>\n<meta name=\"description\" content=\"Si se dedica a la inyecci\u00f3n de termopl\u00e1sticos o termoestable, o est\u00e1 especializado en la extrusi\u00f3n de pl\u00e1stico o caucho, se enfrenta al dilema permanente de c\u00f3mo mantener sus moldes, placas y herramientas, que constituyen un factor clave para la producci\u00f3n de piezas de alta calidad.\" \/>\n<meta name=\"robots\" content=\"index, follow, max-snippet:-1, max-image-preview:large, max-video-preview:-1\" \/>\n<link rel=\"canonical\" href=\"https:\/\/www.fisa.com\/mx\/disenador-y-fabricante-de-maquinas-de-limpieza-por-ultrasonidos-para-todos-los-campos-de-actividad-mercados-y-sectores-industriales\/limpieza-por-ultrasonidos-para-el-mantenimiento-de-moldes-y-utillajes-para-inyeccion-extrusion-y-compresion-de-plasticos-y-cauchos\/\" \/>\n<meta property=\"og:locale\" content=\"es_MX\" \/>\n<meta property=\"og:type\" content=\"article\" \/>\n<meta property=\"og:title\" content=\"Limpieza por ultrasonidos de moldes y utillajes para pl\u00e1sticos y cauchos\" \/>\n<meta property=\"og:description\" content=\"Si se dedica a la inyecci\u00f3n de termopl\u00e1sticos o termoestable, o est\u00e1 especializado en la extrusi\u00f3n de pl\u00e1stico o caucho, se enfrenta al dilema permanente de c\u00f3mo mantener sus moldes, placas y herramientas, que constituyen un factor clave para la producci\u00f3n de piezas de alta calidad.\" \/>\n<meta property=\"og:url\" content=\"https:\/\/www.fisa.com\/mx\/disenador-y-fabricante-de-maquinas-de-limpieza-por-ultrasonidos-para-todos-los-campos-de-actividad-mercados-y-sectores-industriales\/limpieza-por-ultrasonidos-para-el-mantenimiento-de-moldes-y-utillajes-para-inyeccion-extrusion-y-compresion-de-plasticos-y-cauchos\/\" \/>\n<meta property=\"og:site_name\" content=\"FISA\" \/>\n<meta property=\"article:modified_time\" content=\"2020-05-15T12:34:19+00:00\" \/>\n<meta name=\"twitter:card\" content=\"summary_large_image\" \/>\n<script type=\"application\/ld+json\" class=\"yoast-schema-graph\">{\"@context\":\"https:\/\/schema.org\",\"@graph\":[{\"@type\":\"WebPage\",\"@id\":\"https:\/\/www.fisa.com\/mx\/disenador-y-fabricante-de-maquinas-de-limpieza-por-ultrasonidos-para-todos-los-campos-de-actividad-mercados-y-sectores-industriales\/limpieza-por-ultrasonidos-para-el-mantenimiento-de-moldes-y-utillajes-para-inyeccion-extrusion-y-compresion-de-plasticos-y-cauchos\/\",\"url\":\"https:\/\/www.fisa.com\/mx\/disenador-y-fabricante-de-maquinas-de-limpieza-por-ultrasonidos-para-todos-los-campos-de-actividad-mercados-y-sectores-industriales\/limpieza-por-ultrasonidos-para-el-mantenimiento-de-moldes-y-utillajes-para-inyeccion-extrusion-y-compresion-de-plasticos-y-cauchos\/\",\"name\":\"Limpieza por ultrasonidos de moldes y utillajes para pl\u00e1sticos y cauchos\",\"isPartOf\":{\"@id\":\"https:\/\/www.fisa.com\/mx\/#website\"},\"datePublished\":\"2020-01-27T12:33:09+00:00\",\"dateModified\":\"2020-05-15T12:34:19+00:00\",\"description\":\"Si se dedica a la inyecci\u00f3n de termopl\u00e1sticos o termoestable, o est\u00e1 especializado en la extrusi\u00f3n de pl\u00e1stico o caucho, se enfrenta al dilema permanente de c\u00f3mo mantener sus moldes, placas y herramientas, que constituyen un factor clave para la producci\u00f3n de piezas de alta calidad.\",\"breadcrumb\":{\"@id\":\"https:\/\/www.fisa.com\/mx\/disenador-y-fabricante-de-maquinas-de-limpieza-por-ultrasonidos-para-todos-los-campos-de-actividad-mercados-y-sectores-industriales\/limpieza-por-ultrasonidos-para-el-mantenimiento-de-moldes-y-utillajes-para-inyeccion-extrusion-y-compresion-de-plasticos-y-cauchos\/#breadcrumb\"},\"inLanguage\":\"es-MX\",\"potentialAction\":[{\"@type\":\"ReadAction\",\"target\":[\"https:\/\/www.fisa.com\/mx\/disenador-y-fabricante-de-maquinas-de-limpieza-por-ultrasonidos-para-todos-los-campos-de-actividad-mercados-y-sectores-industriales\/limpieza-por-ultrasonidos-para-el-mantenimiento-de-moldes-y-utillajes-para-inyeccion-extrusion-y-compresion-de-plasticos-y-cauchos\/\"]}]},{\"@type\":\"BreadcrumbList\",\"@id\":\"https:\/\/www.fisa.com\/mx\/disenador-y-fabricante-de-maquinas-de-limpieza-por-ultrasonidos-para-todos-los-campos-de-actividad-mercados-y-sectores-industriales\/limpieza-por-ultrasonidos-para-el-mantenimiento-de-moldes-y-utillajes-para-inyeccion-extrusion-y-compresion-de-plasticos-y-cauchos\/#breadcrumb\",\"itemListElement\":[{\"@type\":\"ListItem\",\"position\":1,\"name\":\"Home\",\"item\":\"https:\/\/www.fisa.com\/mx\/\"},{\"@type\":\"ListItem\",\"position\":2,\"name\":\"Dise\u00f1ador y fabricante de m\u00e1quinas de limpieza por ultrasonidos para todos los campos de actividad, mercados y sectores industriales\",\"item\":\"https:\/\/www.fisa.com\/mx\/disenador-y-fabricante-de-maquinas-de-limpieza-por-ultrasonidos-para-todos-los-campos-de-actividad-mercados-y-sectores-industriales\/\"},{\"@type\":\"ListItem\",\"position\":3,\"name\":\"Limpieza por ultrasonidos para el mantenimiento de moldes y utillajes para inyecci\u00f3n, extrusi\u00f3n y compresi\u00f3n de pl\u00e1sticos y cauchos\"}]},{\"@type\":\"WebSite\",\"@id\":\"https:\/\/www.fisa.com\/mx\/#website\",\"url\":\"https:\/\/www.fisa.com\/mx\/\",\"name\":\"FISA Group\",\"description\":\"Concepteur et fabricant de machines de nettoyage par ultrasons\",\"publisher\":{\"@id\":\"https:\/\/www.fisa.com\/mx\/#organization\"},\"potentialAction\":[{\"@type\":\"SearchAction\",\"target\":{\"@type\":\"EntryPoint\",\"urlTemplate\":\"https:\/\/www.fisa.com\/mx\/?s={search_term_string}\"},\"query-input\":\"required name=search_term_string\"}],\"inLanguage\":\"es-MX\"},{\"@type\":\"Organization\",\"@id\":\"https:\/\/www.fisa.com\/mx\/#organization\",\"name\":\"FISA Group\",\"url\":\"https:\/\/www.fisa.com\/mx\/\",\"logo\":{\"@type\":\"ImageObject\",\"inLanguage\":\"es-MX\",\"@id\":\"https:\/\/www.fisa.com\/mx\/#\/schema\/logo\/image\/\",\"url\":\"https:\/\/www.fisa.com\/wp-content\/uploads\/2019\/07\/logo-fisa-header.svg\",\"contentUrl\":\"https:\/\/www.fisa.com\/wp-content\/uploads\/2019\/07\/logo-fisa-header.svg\",\"width\":1,\"height\":1,\"caption\":\"FISA Group\"},\"image\":{\"@id\":\"https:\/\/www.fisa.com\/mx\/#\/schema\/logo\/image\/\"}}]}<\/script>\n<!-- \/ Yoast SEO plugin. -->","yoast_head_json":{"title":"Limpieza por ultrasonidos de moldes y utillajes para pl\u00e1sticos y cauchos","description":"Si se dedica a la inyecci\u00f3n de termopl\u00e1sticos o termoestable, o est\u00e1 especializado en la extrusi\u00f3n de pl\u00e1stico o caucho, se enfrenta al dilema permanente de c\u00f3mo mantener sus moldes, placas y herramientas, que constituyen un factor clave para la producci\u00f3n de piezas de alta calidad.","robots":{"index":"index","follow":"follow","max-snippet":"max-snippet:-1","max-image-preview":"max-image-preview:large","max-video-preview":"max-video-preview:-1"},"canonical":"https:\/\/www.fisa.com\/mx\/disenador-y-fabricante-de-maquinas-de-limpieza-por-ultrasonidos-para-todos-los-campos-de-actividad-mercados-y-sectores-industriales\/limpieza-por-ultrasonidos-para-el-mantenimiento-de-moldes-y-utillajes-para-inyeccion-extrusion-y-compresion-de-plasticos-y-cauchos\/","og_locale":"es_MX","og_type":"article","og_title":"Limpieza por ultrasonidos de moldes y utillajes para pl\u00e1sticos y cauchos","og_description":"Si se dedica a la inyecci\u00f3n de termopl\u00e1sticos o termoestable, o est\u00e1 especializado en la extrusi\u00f3n de pl\u00e1stico o caucho, se enfrenta al dilema permanente de c\u00f3mo mantener sus moldes, placas y herramientas, que constituyen un factor clave para la producci\u00f3n de piezas de alta calidad.","og_url":"https:\/\/www.fisa.com\/mx\/disenador-y-fabricante-de-maquinas-de-limpieza-por-ultrasonidos-para-todos-los-campos-de-actividad-mercados-y-sectores-industriales\/limpieza-por-ultrasonidos-para-el-mantenimiento-de-moldes-y-utillajes-para-inyeccion-extrusion-y-compresion-de-plasticos-y-cauchos\/","og_site_name":"FISA","article_modified_time":"2020-05-15T12:34:19+00:00","twitter_card":"summary_large_image","schema":{"@context":"https:\/\/schema.org","@graph":[{"@type":"WebPage","@id":"https:\/\/www.fisa.com\/mx\/disenador-y-fabricante-de-maquinas-de-limpieza-por-ultrasonidos-para-todos-los-campos-de-actividad-mercados-y-sectores-industriales\/limpieza-por-ultrasonidos-para-el-mantenimiento-de-moldes-y-utillajes-para-inyeccion-extrusion-y-compresion-de-plasticos-y-cauchos\/","url":"https:\/\/www.fisa.com\/mx\/disenador-y-fabricante-de-maquinas-de-limpieza-por-ultrasonidos-para-todos-los-campos-de-actividad-mercados-y-sectores-industriales\/limpieza-por-ultrasonidos-para-el-mantenimiento-de-moldes-y-utillajes-para-inyeccion-extrusion-y-compresion-de-plasticos-y-cauchos\/","name":"Limpieza por ultrasonidos de moldes y utillajes para pl\u00e1sticos y cauchos","isPartOf":{"@id":"https:\/\/www.fisa.com\/mx\/#website"},"datePublished":"2020-01-27T12:33:09+00:00","dateModified":"2020-05-15T12:34:19+00:00","description":"Si se dedica a la inyecci\u00f3n de termopl\u00e1sticos o termoestable, o est\u00e1 especializado en la extrusi\u00f3n de pl\u00e1stico o caucho, se enfrenta al dilema permanente de c\u00f3mo mantener sus moldes, placas y herramientas, que constituyen un factor clave para la producci\u00f3n de piezas de alta calidad.","breadcrumb":{"@id":"https:\/\/www.fisa.com\/mx\/disenador-y-fabricante-de-maquinas-de-limpieza-por-ultrasonidos-para-todos-los-campos-de-actividad-mercados-y-sectores-industriales\/limpieza-por-ultrasonidos-para-el-mantenimiento-de-moldes-y-utillajes-para-inyeccion-extrusion-y-compresion-de-plasticos-y-cauchos\/#breadcrumb"},"inLanguage":"es-MX","potentialAction":[{"@type":"ReadAction","target":["https:\/\/www.fisa.com\/mx\/disenador-y-fabricante-de-maquinas-de-limpieza-por-ultrasonidos-para-todos-los-campos-de-actividad-mercados-y-sectores-industriales\/limpieza-por-ultrasonidos-para-el-mantenimiento-de-moldes-y-utillajes-para-inyeccion-extrusion-y-compresion-de-plasticos-y-cauchos\/"]}]},{"@type":"BreadcrumbList","@id":"https:\/\/www.fisa.com\/mx\/disenador-y-fabricante-de-maquinas-de-limpieza-por-ultrasonidos-para-todos-los-campos-de-actividad-mercados-y-sectores-industriales\/limpieza-por-ultrasonidos-para-el-mantenimiento-de-moldes-y-utillajes-para-inyeccion-extrusion-y-compresion-de-plasticos-y-cauchos\/#breadcrumb","itemListElement":[{"@type":"ListItem","position":1,"name":"Home","item":"https:\/\/www.fisa.com\/mx\/"},{"@type":"ListItem","position":2,"name":"Dise\u00f1ador y fabricante de m\u00e1quinas de limpieza por ultrasonidos para todos los campos de actividad, mercados y sectores industriales","item":"https:\/\/www.fisa.com\/mx\/disenador-y-fabricante-de-maquinas-de-limpieza-por-ultrasonidos-para-todos-los-campos-de-actividad-mercados-y-sectores-industriales\/"},{"@type":"ListItem","position":3,"name":"Limpieza por ultrasonidos para el mantenimiento de moldes y utillajes para inyecci\u00f3n, extrusi\u00f3n y compresi\u00f3n de pl\u00e1sticos y cauchos"}]},{"@type":"WebSite","@id":"https:\/\/www.fisa.com\/mx\/#website","url":"https:\/\/www.fisa.com\/mx\/","name":"FISA Group","description":"Concepteur et fabricant de machines de nettoyage par ultrasons","publisher":{"@id":"https:\/\/www.fisa.com\/mx\/#organization"},"potentialAction":[{"@type":"SearchAction","target":{"@type":"EntryPoint","urlTemplate":"https:\/\/www.fisa.com\/mx\/?s={search_term_string}"},"query-input":"required name=search_term_string"}],"inLanguage":"es-MX"},{"@type":"Organization","@id":"https:\/\/www.fisa.com\/mx\/#organization","name":"FISA Group","url":"https:\/\/www.fisa.com\/mx\/","logo":{"@type":"ImageObject","inLanguage":"es-MX","@id":"https:\/\/www.fisa.com\/mx\/#\/schema\/logo\/image\/","url":"https:\/\/www.fisa.com\/wp-content\/uploads\/2019\/07\/logo-fisa-header.svg","contentUrl":"https:\/\/www.fisa.com\/wp-content\/uploads\/2019\/07\/logo-fisa-header.svg","width":1,"height":1,"caption":"FISA Group"},"image":{"@id":"https:\/\/www.fisa.com\/mx\/#\/schema\/logo\/image\/"}}]}},"_links":{"self":[{"href":"https:\/\/www.fisa.com\/mx\/wp-json\/wp\/v2\/pages\/18200"}],"collection":[{"href":"https:\/\/www.fisa.com\/mx\/wp-json\/wp\/v2\/pages"}],"about":[{"href":"https:\/\/www.fisa.com\/mx\/wp-json\/wp\/v2\/types\/page"}],"author":[{"embeddable":true,"href":"https:\/\/www.fisa.com\/mx\/wp-json\/wp\/v2\/users\/2"}],"replies":[{"embeddable":true,"href":"https:\/\/www.fisa.com\/mx\/wp-json\/wp\/v2\/comments?post=18200"}],"version-history":[{"count":4,"href":"https:\/\/www.fisa.com\/mx\/wp-json\/wp\/v2\/pages\/18200\/revisions"}],"predecessor-version":[{"id":20613,"href":"https:\/\/www.fisa.com\/mx\/wp-json\/wp\/v2\/pages\/18200\/revisions\/20613"}],"up":[{"embeddable":true,"href":"https:\/\/www.fisa.com\/mx\/wp-json\/wp\/v2\/pages\/18193"}],"wp:attachment":[{"href":"https:\/\/www.fisa.com\/mx\/wp-json\/wp\/v2\/media?parent=18200"}],"curies":[{"name":"wp","href":"https:\/\/api.w.org\/{rel}","templated":true}]}}