{"id":80,"date":"2019-07-23T12:45:04","date_gmt":"2019-07-23T10:45:04","guid":{"rendered":"https:\/\/www.fisa.com\/?page_id=80"},"modified":"2023-09-08T19:31:36","modified_gmt":"2023-09-08T17:31:36","slug":"plastique-caoutchouc-injection-extrusion-compression","status":"publish","type":"page","link":"https:\/\/www.fisa.com\/fr\/nettoyage-par-ultrasons-tous-milieux\/plastique-caoutchouc-injection-extrusion-compression\/","title":{"rendered":"Nettoyage par ultrasons pour l&rsquo;entretien des moules et outillages pour injection \/ extrusion \/ compression des mati\u00e8res plastiques et caoutchoucs"},"content":{"rendered":"","protected":false},"excerpt":{"rendered":"","protected":false},"author":2,"featured_media":0,"parent":6,"menu_order":35,"comment_status":"closed","ping_status":"closed","template":"template-page.php","meta":{"footnotes":""},"acf":[],"yoast_head":"<!-- This site is optimized with the Yoast SEO plugin v21.1 - https:\/\/yoast.com\/wordpress\/plugins\/seo\/ -->\n<title>Nettoyage par ultrasons moules \/ outillages pour plastiques &amp; caoutchoucs<\/title>\n<meta name=\"description\" content=\"Professionnels de l\u2019injection de mati\u00e8res thermoformables ou thermoplastiques ou professionnels de l\u2019extrusion de mati\u00e8res plastiques ou caoutchoucs, vous \u00eates confront\u00e9s au souci permanent de la maintenance de vos moules, plaques et outillages, facteur garant d\u2019une production de pi\u00e8ces de qualit\u00e9.\" \/>\n<meta name=\"robots\" content=\"index, follow, max-snippet:-1, max-image-preview:large, max-video-preview:-1\" \/>\n<link rel=\"canonical\" href=\"https:\/\/www.fisa.com\/fr\/nettoyage-par-ultrasons-tous-milieux\/plastique-caoutchouc-injection-extrusion-compression\/\" \/>\n<meta property=\"og:locale\" content=\"fr_FR\" \/>\n<meta property=\"og:type\" content=\"article\" \/>\n<meta property=\"og:title\" content=\"Nettoyage par ultrasons moules \/ outillages pour plastiques &amp; caoutchoucs\" \/>\n<meta property=\"og:description\" content=\"Professionnels de l\u2019injection de mati\u00e8res thermoformables ou thermoplastiques ou professionnels de l\u2019extrusion de mati\u00e8res plastiques ou caoutchoucs, vous \u00eates confront\u00e9s au souci permanent de la maintenance de vos moules, plaques et outillages, facteur garant d\u2019une production de pi\u00e8ces de qualit\u00e9.\" \/>\n<meta property=\"og:url\" content=\"https:\/\/www.fisa.com\/fr\/nettoyage-par-ultrasons-tous-milieux\/plastique-caoutchouc-injection-extrusion-compression\/\" \/>\n<meta property=\"og:site_name\" content=\"FISA\" \/>\n<meta property=\"article:modified_time\" content=\"2023-09-08T17:31:36+00:00\" \/>\n<meta name=\"twitter:card\" content=\"summary_large_image\" \/>\n<script type=\"application\/ld+json\" class=\"yoast-schema-graph\">{\"@context\":\"https:\/\/schema.org\",\"@graph\":[{\"@type\":\"WebPage\",\"@id\":\"https:\/\/www.fisa.com\/fr\/nettoyage-par-ultrasons-tous-milieux\/plastique-caoutchouc-injection-extrusion-compression\/\",\"url\":\"https:\/\/www.fisa.com\/fr\/nettoyage-par-ultrasons-tous-milieux\/plastique-caoutchouc-injection-extrusion-compression\/\",\"name\":\"Nettoyage par ultrasons moules \/ outillages pour plastiques & caoutchoucs\",\"isPartOf\":{\"@id\":\"https:\/\/www.fisa.com\/fr\/#website\"},\"datePublished\":\"2019-07-23T10:45:04+00:00\",\"dateModified\":\"2023-09-08T17:31:36+00:00\",\"description\":\"Professionnels de l\u2019injection de mati\u00e8res thermoformables ou thermoplastiques ou professionnels de l\u2019extrusion de mati\u00e8res plastiques ou caoutchoucs, vous \u00eates confront\u00e9s au souci permanent de la maintenance de vos moules, plaques et outillages, facteur garant d\u2019une production de pi\u00e8ces de qualit\u00e9.\",\"breadcrumb\":{\"@id\":\"https:\/\/www.fisa.com\/fr\/nettoyage-par-ultrasons-tous-milieux\/plastique-caoutchouc-injection-extrusion-compression\/#breadcrumb\"},\"inLanguage\":\"fr-FR\",\"potentialAction\":[{\"@type\":\"ReadAction\",\"target\":[\"https:\/\/www.fisa.com\/fr\/nettoyage-par-ultrasons-tous-milieux\/plastique-caoutchouc-injection-extrusion-compression\/\"]}]},{\"@type\":\"BreadcrumbList\",\"@id\":\"https:\/\/www.fisa.com\/fr\/nettoyage-par-ultrasons-tous-milieux\/plastique-caoutchouc-injection-extrusion-compression\/#breadcrumb\",\"itemListElement\":[{\"@type\":\"ListItem\",\"position\":1,\"name\":\"Home\",\"item\":\"https:\/\/www.fisa.com\/fr\/\"},{\"@type\":\"ListItem\",\"position\":2,\"name\":\"Concepteur et fabricant de machines de nettoyage par ultrasons pour tous domaines d\u2019activit\u00e9s, tous march\u00e9s, tous milieux industriels\",\"item\":\"https:\/\/www.fisa.com\/fr\/nettoyage-par-ultrasons-tous-milieux\/\"},{\"@type\":\"ListItem\",\"position\":3,\"name\":\"Nettoyage par ultrasons pour l&rsquo;entretien des moules et outillages pour injection \/ extrusion \/ compression des mati\u00e8res plastiques et caoutchoucs\"}]},{\"@type\":\"WebSite\",\"@id\":\"https:\/\/www.fisa.com\/fr\/#website\",\"url\":\"https:\/\/www.fisa.com\/fr\/\",\"name\":\"FISA Group\",\"description\":\"Concepteur et fabricant de machines de nettoyage par ultrasons\",\"publisher\":{\"@id\":\"https:\/\/www.fisa.com\/fr\/#organization\"},\"potentialAction\":[{\"@type\":\"SearchAction\",\"target\":{\"@type\":\"EntryPoint\",\"urlTemplate\":\"https:\/\/www.fisa.com\/fr\/?s={search_term_string}\"},\"query-input\":\"required name=search_term_string\"}],\"inLanguage\":\"fr-FR\"},{\"@type\":\"Organization\",\"@id\":\"https:\/\/www.fisa.com\/fr\/#organization\",\"name\":\"FISA Group\",\"url\":\"https:\/\/www.fisa.com\/fr\/\",\"logo\":{\"@type\":\"ImageObject\",\"inLanguage\":\"fr-FR\",\"@id\":\"https:\/\/www.fisa.com\/fr\/#\/schema\/logo\/image\/\",\"url\":\"https:\/\/www.fisa.com\/wp-content\/uploads\/2019\/07\/logo-fisa-header.svg\",\"contentUrl\":\"https:\/\/www.fisa.com\/wp-content\/uploads\/2019\/07\/logo-fisa-header.svg\",\"width\":1,\"height\":1,\"caption\":\"FISA Group\"},\"image\":{\"@id\":\"https:\/\/www.fisa.com\/fr\/#\/schema\/logo\/image\/\"}}]}<\/script>\n<!-- \/ Yoast SEO plugin. -->","yoast_head_json":{"title":"Nettoyage par ultrasons moules \/ outillages pour plastiques & caoutchoucs","description":"Professionnels de l\u2019injection de mati\u00e8res thermoformables ou thermoplastiques ou professionnels de l\u2019extrusion de mati\u00e8res plastiques ou caoutchoucs, vous \u00eates confront\u00e9s au souci permanent de la maintenance de vos moules, plaques et outillages, facteur garant d\u2019une production de pi\u00e8ces de qualit\u00e9.","robots":{"index":"index","follow":"follow","max-snippet":"max-snippet:-1","max-image-preview":"max-image-preview:large","max-video-preview":"max-video-preview:-1"},"canonical":"https:\/\/www.fisa.com\/fr\/nettoyage-par-ultrasons-tous-milieux\/plastique-caoutchouc-injection-extrusion-compression\/","og_locale":"fr_FR","og_type":"article","og_title":"Nettoyage par ultrasons moules \/ outillages pour plastiques & caoutchoucs","og_description":"Professionnels de l\u2019injection de mati\u00e8res thermoformables ou thermoplastiques ou professionnels de l\u2019extrusion de mati\u00e8res plastiques ou caoutchoucs, vous \u00eates confront\u00e9s au souci permanent de la maintenance de vos moules, plaques et outillages, facteur garant d\u2019une production de pi\u00e8ces de qualit\u00e9.","og_url":"https:\/\/www.fisa.com\/fr\/nettoyage-par-ultrasons-tous-milieux\/plastique-caoutchouc-injection-extrusion-compression\/","og_site_name":"FISA","article_modified_time":"2023-09-08T17:31:36+00:00","twitter_card":"summary_large_image","schema":{"@context":"https:\/\/schema.org","@graph":[{"@type":"WebPage","@id":"https:\/\/www.fisa.com\/fr\/nettoyage-par-ultrasons-tous-milieux\/plastique-caoutchouc-injection-extrusion-compression\/","url":"https:\/\/www.fisa.com\/fr\/nettoyage-par-ultrasons-tous-milieux\/plastique-caoutchouc-injection-extrusion-compression\/","name":"Nettoyage par ultrasons moules \/ outillages pour plastiques & caoutchoucs","isPartOf":{"@id":"https:\/\/www.fisa.com\/fr\/#website"},"datePublished":"2019-07-23T10:45:04+00:00","dateModified":"2023-09-08T17:31:36+00:00","description":"Professionnels de l\u2019injection de mati\u00e8res thermoformables ou thermoplastiques ou professionnels de l\u2019extrusion de mati\u00e8res plastiques ou caoutchoucs, vous \u00eates confront\u00e9s au souci permanent de la maintenance de vos moules, plaques et outillages, facteur garant d\u2019une production de pi\u00e8ces de qualit\u00e9.","breadcrumb":{"@id":"https:\/\/www.fisa.com\/fr\/nettoyage-par-ultrasons-tous-milieux\/plastique-caoutchouc-injection-extrusion-compression\/#breadcrumb"},"inLanguage":"fr-FR","potentialAction":[{"@type":"ReadAction","target":["https:\/\/www.fisa.com\/fr\/nettoyage-par-ultrasons-tous-milieux\/plastique-caoutchouc-injection-extrusion-compression\/"]}]},{"@type":"BreadcrumbList","@id":"https:\/\/www.fisa.com\/fr\/nettoyage-par-ultrasons-tous-milieux\/plastique-caoutchouc-injection-extrusion-compression\/#breadcrumb","itemListElement":[{"@type":"ListItem","position":1,"name":"Home","item":"https:\/\/www.fisa.com\/fr\/"},{"@type":"ListItem","position":2,"name":"Concepteur et fabricant de machines de nettoyage par ultrasons pour tous domaines d\u2019activit\u00e9s, tous march\u00e9s, tous milieux industriels","item":"https:\/\/www.fisa.com\/fr\/nettoyage-par-ultrasons-tous-milieux\/"},{"@type":"ListItem","position":3,"name":"Nettoyage par ultrasons pour l&rsquo;entretien des moules et outillages pour injection \/ extrusion \/ compression des mati\u00e8res plastiques et caoutchoucs"}]},{"@type":"WebSite","@id":"https:\/\/www.fisa.com\/fr\/#website","url":"https:\/\/www.fisa.com\/fr\/","name":"FISA Group","description":"Concepteur et fabricant de machines de nettoyage par ultrasons","publisher":{"@id":"https:\/\/www.fisa.com\/fr\/#organization"},"potentialAction":[{"@type":"SearchAction","target":{"@type":"EntryPoint","urlTemplate":"https:\/\/www.fisa.com\/fr\/?s={search_term_string}"},"query-input":"required name=search_term_string"}],"inLanguage":"fr-FR"},{"@type":"Organization","@id":"https:\/\/www.fisa.com\/fr\/#organization","name":"FISA Group","url":"https:\/\/www.fisa.com\/fr\/","logo":{"@type":"ImageObject","inLanguage":"fr-FR","@id":"https:\/\/www.fisa.com\/fr\/#\/schema\/logo\/image\/","url":"https:\/\/www.fisa.com\/wp-content\/uploads\/2019\/07\/logo-fisa-header.svg","contentUrl":"https:\/\/www.fisa.com\/wp-content\/uploads\/2019\/07\/logo-fisa-header.svg","width":1,"height":1,"caption":"FISA Group"},"image":{"@id":"https:\/\/www.fisa.com\/fr\/#\/schema\/logo\/image\/"}}]}},"_links":{"self":[{"href":"https:\/\/www.fisa.com\/fr\/wp-json\/wp\/v2\/pages\/80"}],"collection":[{"href":"https:\/\/www.fisa.com\/fr\/wp-json\/wp\/v2\/pages"}],"about":[{"href":"https:\/\/www.fisa.com\/fr\/wp-json\/wp\/v2\/types\/page"}],"author":[{"embeddable":true,"href":"https:\/\/www.fisa.com\/fr\/wp-json\/wp\/v2\/users\/2"}],"replies":[{"embeddable":true,"href":"https:\/\/www.fisa.com\/fr\/wp-json\/wp\/v2\/comments?post=80"}],"version-history":[{"count":15,"href":"https:\/\/www.fisa.com\/fr\/wp-json\/wp\/v2\/pages\/80\/revisions"}],"predecessor-version":[{"id":16124,"href":"https:\/\/www.fisa.com\/fr\/wp-json\/wp\/v2\/pages\/80\/revisions\/16124"}],"up":[{"embeddable":true,"href":"https:\/\/www.fisa.com\/fr\/wp-json\/wp\/v2\/pages\/6"}],"wp:attachment":[{"href":"https:\/\/www.fisa.com\/fr\/wp-json\/wp\/v2\/media?parent=80"}],"curies":[{"name":"wp","href":"https:\/\/api.w.org\/{rel}","templated":true}]}}