{"id":79,"date":"2019-07-23T12:44:45","date_gmt":"2019-07-23T10:44:45","guid":{"rendered":"https:\/\/www.fisa.com\/?page_id=79"},"modified":"2023-09-08T19:30:42","modified_gmt":"2023-09-08T17:30:42","slug":"optique","status":"publish","type":"page","link":"https:\/\/www.fisa.com\/fr\/nettoyage-par-ultrasons-tous-milieux\/optique\/","title":{"rendered":"Nettoyage par ultrasons pour l\u2019optique ophtalmique, solaire, l\u2019optique de pr\u00e9cision, l\u2019optique s\u00e9curitaire\u2026"},"content":{"rendered":"","protected":false},"excerpt":{"rendered":"","protected":false},"author":2,"featured_media":0,"parent":6,"menu_order":30,"comment_status":"closed","ping_status":"closed","template":"template-page.php","meta":{"footnotes":""},"acf":[],"yoast_head":"<!-- This site is optimized with the Yoast SEO plugin v21.1 - https:\/\/yoast.com\/wordpress\/plugins\/seo\/ -->\n<title>Nettoyage par ultrasons pour l&#039;optique : lunettes de vue, de protection...<\/title>\n<meta name=\"description\" content=\"Notre gamme de nettoyage sp\u00e9cifique couvre tous les besoins de la cha\u00eene de production des pi\u00e8ces en verre, polym\u00e8res et monom\u00e8res, ...\" \/>\n<meta name=\"robots\" content=\"index, follow, max-snippet:-1, max-image-preview:large, max-video-preview:-1\" \/>\n<link rel=\"canonical\" href=\"https:\/\/www.fisa.com\/fr\/nettoyage-par-ultrasons-tous-milieux\/optique\/\" \/>\n<meta property=\"og:locale\" content=\"fr_FR\" \/>\n<meta property=\"og:type\" content=\"article\" \/>\n<meta property=\"og:title\" content=\"Nettoyage par ultrasons pour l&#039;optique : lunettes de vue, de protection...\" \/>\n<meta property=\"og:description\" content=\"Notre gamme de nettoyage sp\u00e9cifique couvre tous les besoins de la cha\u00eene de production des pi\u00e8ces en verre, polym\u00e8res et monom\u00e8res, ...\" \/>\n<meta property=\"og:url\" content=\"https:\/\/www.fisa.com\/fr\/nettoyage-par-ultrasons-tous-milieux\/optique\/\" \/>\n<meta property=\"og:site_name\" content=\"FISA\" \/>\n<meta property=\"article:modified_time\" content=\"2023-09-08T17:30:42+00:00\" \/>\n<meta name=\"twitter:card\" content=\"summary_large_image\" \/>\n<script type=\"application\/ld+json\" class=\"yoast-schema-graph\">{\"@context\":\"https:\/\/schema.org\",\"@graph\":[{\"@type\":\"WebPage\",\"@id\":\"https:\/\/www.fisa.com\/fr\/nettoyage-par-ultrasons-tous-milieux\/optique\/\",\"url\":\"https:\/\/www.fisa.com\/fr\/nettoyage-par-ultrasons-tous-milieux\/optique\/\",\"name\":\"Nettoyage par ultrasons pour l'optique : lunettes de vue, de protection...\",\"isPartOf\":{\"@id\":\"https:\/\/www.fisa.com\/fr\/#website\"},\"datePublished\":\"2019-07-23T10:44:45+00:00\",\"dateModified\":\"2023-09-08T17:30:42+00:00\",\"description\":\"Notre gamme de nettoyage sp\u00e9cifique couvre tous les besoins de la cha\u00eene de production des pi\u00e8ces en verre, polym\u00e8res et monom\u00e8res, ...\",\"breadcrumb\":{\"@id\":\"https:\/\/www.fisa.com\/fr\/nettoyage-par-ultrasons-tous-milieux\/optique\/#breadcrumb\"},\"inLanguage\":\"fr-FR\",\"potentialAction\":[{\"@type\":\"ReadAction\",\"target\":[\"https:\/\/www.fisa.com\/fr\/nettoyage-par-ultrasons-tous-milieux\/optique\/\"]}]},{\"@type\":\"BreadcrumbList\",\"@id\":\"https:\/\/www.fisa.com\/fr\/nettoyage-par-ultrasons-tous-milieux\/optique\/#breadcrumb\",\"itemListElement\":[{\"@type\":\"ListItem\",\"position\":1,\"name\":\"Home\",\"item\":\"https:\/\/www.fisa.com\/fr\/\"},{\"@type\":\"ListItem\",\"position\":2,\"name\":\"Concepteur et fabricant de machines de nettoyage par ultrasons pour tous domaines d\u2019activit\u00e9s, tous march\u00e9s, tous milieux industriels\",\"item\":\"https:\/\/www.fisa.com\/fr\/nettoyage-par-ultrasons-tous-milieux\/\"},{\"@type\":\"ListItem\",\"position\":3,\"name\":\"Nettoyage par ultrasons pour l\u2019optique ophtalmique, solaire, l\u2019optique de pr\u00e9cision, l\u2019optique s\u00e9curitaire\u2026\"}]},{\"@type\":\"WebSite\",\"@id\":\"https:\/\/www.fisa.com\/fr\/#website\",\"url\":\"https:\/\/www.fisa.com\/fr\/\",\"name\":\"FISA Group\",\"description\":\"Concepteur et fabricant de machines de nettoyage par ultrasons\",\"publisher\":{\"@id\":\"https:\/\/www.fisa.com\/fr\/#organization\"},\"potentialAction\":[{\"@type\":\"SearchAction\",\"target\":{\"@type\":\"EntryPoint\",\"urlTemplate\":\"https:\/\/www.fisa.com\/fr\/?s={search_term_string}\"},\"query-input\":\"required name=search_term_string\"}],\"inLanguage\":\"fr-FR\"},{\"@type\":\"Organization\",\"@id\":\"https:\/\/www.fisa.com\/fr\/#organization\",\"name\":\"FISA Group\",\"url\":\"https:\/\/www.fisa.com\/fr\/\",\"logo\":{\"@type\":\"ImageObject\",\"inLanguage\":\"fr-FR\",\"@id\":\"https:\/\/www.fisa.com\/fr\/#\/schema\/logo\/image\/\",\"url\":\"https:\/\/www.fisa.com\/wp-content\/uploads\/2019\/07\/logo-fisa-header.svg\",\"contentUrl\":\"https:\/\/www.fisa.com\/wp-content\/uploads\/2019\/07\/logo-fisa-header.svg\",\"width\":1,\"height\":1,\"caption\":\"FISA Group\"},\"image\":{\"@id\":\"https:\/\/www.fisa.com\/fr\/#\/schema\/logo\/image\/\"}}]}<\/script>\n<!-- \/ Yoast SEO plugin. -->","yoast_head_json":{"title":"Nettoyage par ultrasons pour l'optique : lunettes de vue, de protection...","description":"Notre gamme de nettoyage sp\u00e9cifique couvre tous les besoins de la cha\u00eene de production des pi\u00e8ces en verre, polym\u00e8res et monom\u00e8res, ...","robots":{"index":"index","follow":"follow","max-snippet":"max-snippet:-1","max-image-preview":"max-image-preview:large","max-video-preview":"max-video-preview:-1"},"canonical":"https:\/\/www.fisa.com\/fr\/nettoyage-par-ultrasons-tous-milieux\/optique\/","og_locale":"fr_FR","og_type":"article","og_title":"Nettoyage par ultrasons pour l'optique : lunettes de vue, de protection...","og_description":"Notre gamme de nettoyage sp\u00e9cifique couvre tous les besoins de la cha\u00eene de production des pi\u00e8ces en verre, polym\u00e8res et monom\u00e8res, ...","og_url":"https:\/\/www.fisa.com\/fr\/nettoyage-par-ultrasons-tous-milieux\/optique\/","og_site_name":"FISA","article_modified_time":"2023-09-08T17:30:42+00:00","twitter_card":"summary_large_image","schema":{"@context":"https:\/\/schema.org","@graph":[{"@type":"WebPage","@id":"https:\/\/www.fisa.com\/fr\/nettoyage-par-ultrasons-tous-milieux\/optique\/","url":"https:\/\/www.fisa.com\/fr\/nettoyage-par-ultrasons-tous-milieux\/optique\/","name":"Nettoyage par ultrasons pour l'optique : lunettes de vue, de protection...","isPartOf":{"@id":"https:\/\/www.fisa.com\/fr\/#website"},"datePublished":"2019-07-23T10:44:45+00:00","dateModified":"2023-09-08T17:30:42+00:00","description":"Notre gamme de nettoyage sp\u00e9cifique couvre tous les besoins de la cha\u00eene de production des pi\u00e8ces en verre, polym\u00e8res et monom\u00e8res, ...","breadcrumb":{"@id":"https:\/\/www.fisa.com\/fr\/nettoyage-par-ultrasons-tous-milieux\/optique\/#breadcrumb"},"inLanguage":"fr-FR","potentialAction":[{"@type":"ReadAction","target":["https:\/\/www.fisa.com\/fr\/nettoyage-par-ultrasons-tous-milieux\/optique\/"]}]},{"@type":"BreadcrumbList","@id":"https:\/\/www.fisa.com\/fr\/nettoyage-par-ultrasons-tous-milieux\/optique\/#breadcrumb","itemListElement":[{"@type":"ListItem","position":1,"name":"Home","item":"https:\/\/www.fisa.com\/fr\/"},{"@type":"ListItem","position":2,"name":"Concepteur et fabricant de machines de nettoyage par ultrasons pour tous domaines d\u2019activit\u00e9s, tous march\u00e9s, tous milieux industriels","item":"https:\/\/www.fisa.com\/fr\/nettoyage-par-ultrasons-tous-milieux\/"},{"@type":"ListItem","position":3,"name":"Nettoyage par ultrasons pour l\u2019optique ophtalmique, solaire, l\u2019optique de pr\u00e9cision, l\u2019optique s\u00e9curitaire\u2026"}]},{"@type":"WebSite","@id":"https:\/\/www.fisa.com\/fr\/#website","url":"https:\/\/www.fisa.com\/fr\/","name":"FISA Group","description":"Concepteur et fabricant de machines de nettoyage par ultrasons","publisher":{"@id":"https:\/\/www.fisa.com\/fr\/#organization"},"potentialAction":[{"@type":"SearchAction","target":{"@type":"EntryPoint","urlTemplate":"https:\/\/www.fisa.com\/fr\/?s={search_term_string}"},"query-input":"required name=search_term_string"}],"inLanguage":"fr-FR"},{"@type":"Organization","@id":"https:\/\/www.fisa.com\/fr\/#organization","name":"FISA Group","url":"https:\/\/www.fisa.com\/fr\/","logo":{"@type":"ImageObject","inLanguage":"fr-FR","@id":"https:\/\/www.fisa.com\/fr\/#\/schema\/logo\/image\/","url":"https:\/\/www.fisa.com\/wp-content\/uploads\/2019\/07\/logo-fisa-header.svg","contentUrl":"https:\/\/www.fisa.com\/wp-content\/uploads\/2019\/07\/logo-fisa-header.svg","width":1,"height":1,"caption":"FISA Group"},"image":{"@id":"https:\/\/www.fisa.com\/fr\/#\/schema\/logo\/image\/"}}]}},"_links":{"self":[{"href":"https:\/\/www.fisa.com\/fr\/wp-json\/wp\/v2\/pages\/79"}],"collection":[{"href":"https:\/\/www.fisa.com\/fr\/wp-json\/wp\/v2\/pages"}],"about":[{"href":"https:\/\/www.fisa.com\/fr\/wp-json\/wp\/v2\/types\/page"}],"author":[{"embeddable":true,"href":"https:\/\/www.fisa.com\/fr\/wp-json\/wp\/v2\/users\/2"}],"replies":[{"embeddable":true,"href":"https:\/\/www.fisa.com\/fr\/wp-json\/wp\/v2\/comments?post=79"}],"version-history":[{"count":15,"href":"https:\/\/www.fisa.com\/fr\/wp-json\/wp\/v2\/pages\/79\/revisions"}],"predecessor-version":[{"id":16123,"href":"https:\/\/www.fisa.com\/fr\/wp-json\/wp\/v2\/pages\/79\/revisions\/16123"}],"up":[{"embeddable":true,"href":"https:\/\/www.fisa.com\/fr\/wp-json\/wp\/v2\/pages\/6"}],"wp:attachment":[{"href":"https:\/\/www.fisa.com\/fr\/wp-json\/wp\/v2\/media?parent=79"}],"curies":[{"name":"wp","href":"https:\/\/api.w.org\/{rel}","templated":true}]}}