{"id":76,"date":"2019-07-23T12:44:15","date_gmt":"2019-07-23T10:44:15","guid":{"rendered":"https:\/\/www.fisa.com\/?page_id=76"},"modified":"2023-09-08T19:28:48","modified_gmt":"2023-09-08T17:28:48","slug":"horlogerie-joaillerie","status":"publish","type":"page","link":"https:\/\/www.fisa.com\/fr\/nettoyage-par-ultrasons-tous-milieux\/horlogerie-joaillerie\/","title":{"rendered":"Nettoyage par ultrasons pour l\u2019horlogerie et la joaillerie : un r\u00e9sultat esth\u00e9tique et m\u00e9canique id\u00e9al"},"content":{"rendered":"","protected":false},"excerpt":{"rendered":"","protected":false},"author":2,"featured_media":0,"parent":6,"menu_order":15,"comment_status":"closed","ping_status":"closed","template":"template-page.php","meta":{"footnotes":""},"acf":[],"yoast_head":"<!-- This site is optimized with the Yoast SEO plugin v21.1 - https:\/\/yoast.com\/wordpress\/plugins\/seo\/ -->\n<title>Nettoyage ultrasons horlogerie \/ bijouterie \/ joaillerie\u00a0: or, argent, platine, saphir...<\/title>\n<meta name=\"description\" content=\"Professionnels de l\u2019horlogerie ou de la joaillerie, vous \u00eates confront\u00e9s \u00e0 des probl\u00e9matiques de nettoyage de type finition. Le proc\u00e9d\u00e9 de nettoyage par ultrasons FISA vous assure un r\u00e9sultat esth\u00e9tique et m\u00e9canique id\u00e9al, en parfaite ad\u00e9quation avec vos exigences.\" \/>\n<meta name=\"robots\" content=\"index, follow, max-snippet:-1, max-image-preview:large, max-video-preview:-1\" \/>\n<link rel=\"canonical\" href=\"https:\/\/www.fisa.com\/fr\/nettoyage-par-ultrasons-tous-milieux\/horlogerie-joaillerie\/\" \/>\n<meta property=\"og:locale\" content=\"fr_FR\" \/>\n<meta property=\"og:type\" content=\"article\" \/>\n<meta property=\"og:title\" content=\"Nettoyage ultrasons horlogerie \/ bijouterie \/ joaillerie\u00a0: or, argent, platine, saphir...\" \/>\n<meta property=\"og:description\" content=\"Professionnels de l\u2019horlogerie ou de la joaillerie, vous \u00eates confront\u00e9s \u00e0 des probl\u00e9matiques de nettoyage de type finition. Le proc\u00e9d\u00e9 de nettoyage par ultrasons FISA vous assure un r\u00e9sultat esth\u00e9tique et m\u00e9canique id\u00e9al, en parfaite ad\u00e9quation avec vos exigences.\" \/>\n<meta property=\"og:url\" content=\"https:\/\/www.fisa.com\/fr\/nettoyage-par-ultrasons-tous-milieux\/horlogerie-joaillerie\/\" \/>\n<meta property=\"og:site_name\" content=\"FISA\" \/>\n<meta property=\"article:modified_time\" content=\"2023-09-08T17:28:48+00:00\" \/>\n<meta name=\"twitter:card\" content=\"summary_large_image\" \/>\n<script type=\"application\/ld+json\" class=\"yoast-schema-graph\">{\"@context\":\"https:\/\/schema.org\",\"@graph\":[{\"@type\":\"WebPage\",\"@id\":\"https:\/\/www.fisa.com\/fr\/nettoyage-par-ultrasons-tous-milieux\/horlogerie-joaillerie\/\",\"url\":\"https:\/\/www.fisa.com\/fr\/nettoyage-par-ultrasons-tous-milieux\/horlogerie-joaillerie\/\",\"name\":\"Nettoyage ultrasons horlogerie \/ bijouterie \/ joaillerie\u00a0: or, argent, platine, saphir...\",\"isPartOf\":{\"@id\":\"https:\/\/www.fisa.com\/fr\/#website\"},\"datePublished\":\"2019-07-23T10:44:15+00:00\",\"dateModified\":\"2023-09-08T17:28:48+00:00\",\"description\":\"Professionnels de l\u2019horlogerie ou de la joaillerie, vous \u00eates confront\u00e9s \u00e0 des probl\u00e9matiques de nettoyage de type finition. Le proc\u00e9d\u00e9 de nettoyage par ultrasons FISA vous assure un r\u00e9sultat esth\u00e9tique et m\u00e9canique id\u00e9al, en parfaite ad\u00e9quation avec vos exigences.\",\"breadcrumb\":{\"@id\":\"https:\/\/www.fisa.com\/fr\/nettoyage-par-ultrasons-tous-milieux\/horlogerie-joaillerie\/#breadcrumb\"},\"inLanguage\":\"fr-FR\",\"potentialAction\":[{\"@type\":\"ReadAction\",\"target\":[\"https:\/\/www.fisa.com\/fr\/nettoyage-par-ultrasons-tous-milieux\/horlogerie-joaillerie\/\"]}]},{\"@type\":\"BreadcrumbList\",\"@id\":\"https:\/\/www.fisa.com\/fr\/nettoyage-par-ultrasons-tous-milieux\/horlogerie-joaillerie\/#breadcrumb\",\"itemListElement\":[{\"@type\":\"ListItem\",\"position\":1,\"name\":\"Home\",\"item\":\"https:\/\/www.fisa.com\/fr\/\"},{\"@type\":\"ListItem\",\"position\":2,\"name\":\"Concepteur et fabricant de machines de nettoyage par ultrasons pour tous domaines d\u2019activit\u00e9s, tous march\u00e9s, tous milieux industriels\",\"item\":\"https:\/\/www.fisa.com\/fr\/nettoyage-par-ultrasons-tous-milieux\/\"},{\"@type\":\"ListItem\",\"position\":3,\"name\":\"Nettoyage par ultrasons pour l\u2019horlogerie et la joaillerie : un r\u00e9sultat esth\u00e9tique et m\u00e9canique id\u00e9al\"}]},{\"@type\":\"WebSite\",\"@id\":\"https:\/\/www.fisa.com\/fr\/#website\",\"url\":\"https:\/\/www.fisa.com\/fr\/\",\"name\":\"FISA Group\",\"description\":\"Concepteur et fabricant de machines de nettoyage par ultrasons\",\"publisher\":{\"@id\":\"https:\/\/www.fisa.com\/fr\/#organization\"},\"potentialAction\":[{\"@type\":\"SearchAction\",\"target\":{\"@type\":\"EntryPoint\",\"urlTemplate\":\"https:\/\/www.fisa.com\/fr\/?s={search_term_string}\"},\"query-input\":\"required name=search_term_string\"}],\"inLanguage\":\"fr-FR\"},{\"@type\":\"Organization\",\"@id\":\"https:\/\/www.fisa.com\/fr\/#organization\",\"name\":\"FISA Group\",\"url\":\"https:\/\/www.fisa.com\/fr\/\",\"logo\":{\"@type\":\"ImageObject\",\"inLanguage\":\"fr-FR\",\"@id\":\"https:\/\/www.fisa.com\/fr\/#\/schema\/logo\/image\/\",\"url\":\"https:\/\/www.fisa.com\/wp-content\/uploads\/2019\/07\/logo-fisa-header.svg\",\"contentUrl\":\"https:\/\/www.fisa.com\/wp-content\/uploads\/2019\/07\/logo-fisa-header.svg\",\"width\":1,\"height\":1,\"caption\":\"FISA Group\"},\"image\":{\"@id\":\"https:\/\/www.fisa.com\/fr\/#\/schema\/logo\/image\/\"}}]}<\/script>\n<!-- \/ Yoast SEO plugin. -->","yoast_head_json":{"title":"Nettoyage ultrasons horlogerie \/ bijouterie \/ joaillerie\u00a0: or, argent, platine, saphir...","description":"Professionnels de l\u2019horlogerie ou de la joaillerie, vous \u00eates confront\u00e9s \u00e0 des probl\u00e9matiques de nettoyage de type finition. Le proc\u00e9d\u00e9 de nettoyage par ultrasons FISA vous assure un r\u00e9sultat esth\u00e9tique et m\u00e9canique id\u00e9al, en parfaite ad\u00e9quation avec vos exigences.","robots":{"index":"index","follow":"follow","max-snippet":"max-snippet:-1","max-image-preview":"max-image-preview:large","max-video-preview":"max-video-preview:-1"},"canonical":"https:\/\/www.fisa.com\/fr\/nettoyage-par-ultrasons-tous-milieux\/horlogerie-joaillerie\/","og_locale":"fr_FR","og_type":"article","og_title":"Nettoyage ultrasons horlogerie \/ bijouterie \/ joaillerie\u00a0: or, argent, platine, saphir...","og_description":"Professionnels de l\u2019horlogerie ou de la joaillerie, vous \u00eates confront\u00e9s \u00e0 des probl\u00e9matiques de nettoyage de type finition. Le proc\u00e9d\u00e9 de nettoyage par ultrasons FISA vous assure un r\u00e9sultat esth\u00e9tique et m\u00e9canique id\u00e9al, en parfaite ad\u00e9quation avec vos exigences.","og_url":"https:\/\/www.fisa.com\/fr\/nettoyage-par-ultrasons-tous-milieux\/horlogerie-joaillerie\/","og_site_name":"FISA","article_modified_time":"2023-09-08T17:28:48+00:00","twitter_card":"summary_large_image","schema":{"@context":"https:\/\/schema.org","@graph":[{"@type":"WebPage","@id":"https:\/\/www.fisa.com\/fr\/nettoyage-par-ultrasons-tous-milieux\/horlogerie-joaillerie\/","url":"https:\/\/www.fisa.com\/fr\/nettoyage-par-ultrasons-tous-milieux\/horlogerie-joaillerie\/","name":"Nettoyage ultrasons horlogerie \/ bijouterie \/ joaillerie\u00a0: or, argent, platine, saphir...","isPartOf":{"@id":"https:\/\/www.fisa.com\/fr\/#website"},"datePublished":"2019-07-23T10:44:15+00:00","dateModified":"2023-09-08T17:28:48+00:00","description":"Professionnels de l\u2019horlogerie ou de la joaillerie, vous \u00eates confront\u00e9s \u00e0 des probl\u00e9matiques de nettoyage de type finition. Le proc\u00e9d\u00e9 de nettoyage par ultrasons FISA vous assure un r\u00e9sultat esth\u00e9tique et m\u00e9canique id\u00e9al, en parfaite ad\u00e9quation avec vos exigences.","breadcrumb":{"@id":"https:\/\/www.fisa.com\/fr\/nettoyage-par-ultrasons-tous-milieux\/horlogerie-joaillerie\/#breadcrumb"},"inLanguage":"fr-FR","potentialAction":[{"@type":"ReadAction","target":["https:\/\/www.fisa.com\/fr\/nettoyage-par-ultrasons-tous-milieux\/horlogerie-joaillerie\/"]}]},{"@type":"BreadcrumbList","@id":"https:\/\/www.fisa.com\/fr\/nettoyage-par-ultrasons-tous-milieux\/horlogerie-joaillerie\/#breadcrumb","itemListElement":[{"@type":"ListItem","position":1,"name":"Home","item":"https:\/\/www.fisa.com\/fr\/"},{"@type":"ListItem","position":2,"name":"Concepteur et fabricant de machines de nettoyage par ultrasons pour tous domaines d\u2019activit\u00e9s, tous march\u00e9s, tous milieux industriels","item":"https:\/\/www.fisa.com\/fr\/nettoyage-par-ultrasons-tous-milieux\/"},{"@type":"ListItem","position":3,"name":"Nettoyage par ultrasons pour l\u2019horlogerie et la joaillerie : un r\u00e9sultat esth\u00e9tique et m\u00e9canique id\u00e9al"}]},{"@type":"WebSite","@id":"https:\/\/www.fisa.com\/fr\/#website","url":"https:\/\/www.fisa.com\/fr\/","name":"FISA Group","description":"Concepteur et fabricant de machines de nettoyage par ultrasons","publisher":{"@id":"https:\/\/www.fisa.com\/fr\/#organization"},"potentialAction":[{"@type":"SearchAction","target":{"@type":"EntryPoint","urlTemplate":"https:\/\/www.fisa.com\/fr\/?s={search_term_string}"},"query-input":"required name=search_term_string"}],"inLanguage":"fr-FR"},{"@type":"Organization","@id":"https:\/\/www.fisa.com\/fr\/#organization","name":"FISA Group","url":"https:\/\/www.fisa.com\/fr\/","logo":{"@type":"ImageObject","inLanguage":"fr-FR","@id":"https:\/\/www.fisa.com\/fr\/#\/schema\/logo\/image\/","url":"https:\/\/www.fisa.com\/wp-content\/uploads\/2019\/07\/logo-fisa-header.svg","contentUrl":"https:\/\/www.fisa.com\/wp-content\/uploads\/2019\/07\/logo-fisa-header.svg","width":1,"height":1,"caption":"FISA Group"},"image":{"@id":"https:\/\/www.fisa.com\/fr\/#\/schema\/logo\/image\/"}}]}},"_links":{"self":[{"href":"https:\/\/www.fisa.com\/fr\/wp-json\/wp\/v2\/pages\/76"}],"collection":[{"href":"https:\/\/www.fisa.com\/fr\/wp-json\/wp\/v2\/pages"}],"about":[{"href":"https:\/\/www.fisa.com\/fr\/wp-json\/wp\/v2\/types\/page"}],"author":[{"embeddable":true,"href":"https:\/\/www.fisa.com\/fr\/wp-json\/wp\/v2\/users\/2"}],"replies":[{"embeddable":true,"href":"https:\/\/www.fisa.com\/fr\/wp-json\/wp\/v2\/comments?post=76"}],"version-history":[{"count":15,"href":"https:\/\/www.fisa.com\/fr\/wp-json\/wp\/v2\/pages\/76\/revisions"}],"predecessor-version":[{"id":16120,"href":"https:\/\/www.fisa.com\/fr\/wp-json\/wp\/v2\/pages\/76\/revisions\/16120"}],"up":[{"embeddable":true,"href":"https:\/\/www.fisa.com\/fr\/wp-json\/wp\/v2\/pages\/6"}],"wp:attachment":[{"href":"https:\/\/www.fisa.com\/fr\/wp-json\/wp\/v2\/media?parent=76"}],"curies":[{"name":"wp","href":"https:\/\/api.w.org\/{rel}","templated":true}]}}