{"id":75,"date":"2019-07-23T12:43:23","date_gmt":"2019-07-23T10:43:23","guid":{"rendered":"https:\/\/www.fisa.com\/?page_id=75"},"modified":"2023-09-08T19:28:12","modified_gmt":"2023-09-08T17:28:12","slug":"fonderie-sous-pression-basse-pression-boite-a-noyaux","status":"publish","type":"page","link":"https:\/\/www.fisa.com\/fr\/nettoyage-par-ultrasons-tous-milieux\/fonderie-sous-pression-basse-pression-boite-a-noyaux\/","title":{"rendered":"Nettoyage par ultrasons pour la fonderie\u00a0: sous-pression, basse-pression, bo\u00eete \u00e0 noyaux"},"content":{"rendered":"","protected":false},"excerpt":{"rendered":"","protected":false},"author":2,"featured_media":0,"parent":6,"menu_order":10,"comment_status":"closed","ping_status":"closed","template":"template-page.php","meta":{"footnotes":""},"acf":[],"yoast_head":"<!-- This site is optimized with the Yoast SEO plugin v21.1 - https:\/\/yoast.com\/wordpress\/plugins\/seo\/ -->\n<title>Nettoyage par ultrasons pour la Fonderie (sous-pression, basse-pression)<\/title>\n<meta name=\"description\" content=\"Sous-traitants des secteurs acqu\u00e9reurs - automobile, sid\u00e9rurgie, mat\u00e9riel de manutention, \u00e9quipement industriel, mat\u00e9riel \u00e9lectrique, a\u00e9ronautique, armement, \u2026 - les professionnels de la Fonderie de m\u00e9taux sont confront\u00e9s \u00e0 l\u2019encrassement des moules m\u00e9talliques ou coquilles, notamment en raison de la pr\u00e9sence de poteyage.\" \/>\n<meta name=\"robots\" content=\"index, follow, max-snippet:-1, max-image-preview:large, max-video-preview:-1\" \/>\n<link rel=\"canonical\" href=\"https:\/\/www.fisa.com\/fr\/nettoyage-par-ultrasons-tous-milieux\/fonderie-sous-pression-basse-pression-boite-a-noyaux\/\" \/>\n<meta property=\"og:locale\" content=\"fr_FR\" \/>\n<meta property=\"og:type\" content=\"article\" \/>\n<meta property=\"og:title\" content=\"Nettoyage par ultrasons pour la Fonderie (sous-pression, basse-pression)\" \/>\n<meta property=\"og:description\" content=\"Sous-traitants des secteurs acqu\u00e9reurs - automobile, sid\u00e9rurgie, mat\u00e9riel de manutention, \u00e9quipement industriel, mat\u00e9riel \u00e9lectrique, a\u00e9ronautique, armement, \u2026 - les professionnels de la Fonderie de m\u00e9taux sont confront\u00e9s \u00e0 l\u2019encrassement des moules m\u00e9talliques ou coquilles, notamment en raison de la pr\u00e9sence de poteyage.\" \/>\n<meta property=\"og:url\" content=\"https:\/\/www.fisa.com\/fr\/nettoyage-par-ultrasons-tous-milieux\/fonderie-sous-pression-basse-pression-boite-a-noyaux\/\" \/>\n<meta property=\"og:site_name\" content=\"FISA\" \/>\n<meta property=\"article:modified_time\" content=\"2023-09-08T17:28:12+00:00\" \/>\n<meta name=\"twitter:card\" content=\"summary_large_image\" \/>\n<script type=\"application\/ld+json\" class=\"yoast-schema-graph\">{\"@context\":\"https:\/\/schema.org\",\"@graph\":[{\"@type\":\"WebPage\",\"@id\":\"https:\/\/www.fisa.com\/fr\/nettoyage-par-ultrasons-tous-milieux\/fonderie-sous-pression-basse-pression-boite-a-noyaux\/\",\"url\":\"https:\/\/www.fisa.com\/fr\/nettoyage-par-ultrasons-tous-milieux\/fonderie-sous-pression-basse-pression-boite-a-noyaux\/\",\"name\":\"Nettoyage par ultrasons pour la Fonderie (sous-pression, basse-pression)\",\"isPartOf\":{\"@id\":\"https:\/\/www.fisa.com\/fr\/#website\"},\"datePublished\":\"2019-07-23T10:43:23+00:00\",\"dateModified\":\"2023-09-08T17:28:12+00:00\",\"description\":\"Sous-traitants des secteurs acqu\u00e9reurs - automobile, sid\u00e9rurgie, mat\u00e9riel de manutention, \u00e9quipement industriel, mat\u00e9riel \u00e9lectrique, a\u00e9ronautique, armement, \u2026 - les professionnels de la Fonderie de m\u00e9taux sont confront\u00e9s \u00e0 l\u2019encrassement des moules m\u00e9talliques ou coquilles, notamment en raison de la pr\u00e9sence de poteyage.\",\"breadcrumb\":{\"@id\":\"https:\/\/www.fisa.com\/fr\/nettoyage-par-ultrasons-tous-milieux\/fonderie-sous-pression-basse-pression-boite-a-noyaux\/#breadcrumb\"},\"inLanguage\":\"fr-FR\",\"potentialAction\":[{\"@type\":\"ReadAction\",\"target\":[\"https:\/\/www.fisa.com\/fr\/nettoyage-par-ultrasons-tous-milieux\/fonderie-sous-pression-basse-pression-boite-a-noyaux\/\"]}]},{\"@type\":\"BreadcrumbList\",\"@id\":\"https:\/\/www.fisa.com\/fr\/nettoyage-par-ultrasons-tous-milieux\/fonderie-sous-pression-basse-pression-boite-a-noyaux\/#breadcrumb\",\"itemListElement\":[{\"@type\":\"ListItem\",\"position\":1,\"name\":\"Home\",\"item\":\"https:\/\/www.fisa.com\/fr\/\"},{\"@type\":\"ListItem\",\"position\":2,\"name\":\"Concepteur et fabricant de machines de nettoyage par ultrasons pour tous domaines d\u2019activit\u00e9s, tous march\u00e9s, tous milieux industriels\",\"item\":\"https:\/\/www.fisa.com\/fr\/nettoyage-par-ultrasons-tous-milieux\/\"},{\"@type\":\"ListItem\",\"position\":3,\"name\":\"Nettoyage par ultrasons pour la fonderie\u00a0: sous-pression, basse-pression, bo\u00eete \u00e0 noyaux\"}]},{\"@type\":\"WebSite\",\"@id\":\"https:\/\/www.fisa.com\/fr\/#website\",\"url\":\"https:\/\/www.fisa.com\/fr\/\",\"name\":\"FISA Group\",\"description\":\"Concepteur et fabricant de machines de nettoyage par ultrasons\",\"publisher\":{\"@id\":\"https:\/\/www.fisa.com\/fr\/#organization\"},\"potentialAction\":[{\"@type\":\"SearchAction\",\"target\":{\"@type\":\"EntryPoint\",\"urlTemplate\":\"https:\/\/www.fisa.com\/fr\/?s={search_term_string}\"},\"query-input\":\"required name=search_term_string\"}],\"inLanguage\":\"fr-FR\"},{\"@type\":\"Organization\",\"@id\":\"https:\/\/www.fisa.com\/fr\/#organization\",\"name\":\"FISA Group\",\"url\":\"https:\/\/www.fisa.com\/fr\/\",\"logo\":{\"@type\":\"ImageObject\",\"inLanguage\":\"fr-FR\",\"@id\":\"https:\/\/www.fisa.com\/fr\/#\/schema\/logo\/image\/\",\"url\":\"https:\/\/www.fisa.com\/wp-content\/uploads\/2019\/07\/logo-fisa-header.svg\",\"contentUrl\":\"https:\/\/www.fisa.com\/wp-content\/uploads\/2019\/07\/logo-fisa-header.svg\",\"width\":1,\"height\":1,\"caption\":\"FISA Group\"},\"image\":{\"@id\":\"https:\/\/www.fisa.com\/fr\/#\/schema\/logo\/image\/\"}}]}<\/script>\n<!-- \/ Yoast SEO plugin. -->","yoast_head_json":{"title":"Nettoyage par ultrasons pour la Fonderie (sous-pression, basse-pression)","description":"Sous-traitants des secteurs acqu\u00e9reurs - automobile, sid\u00e9rurgie, mat\u00e9riel de manutention, \u00e9quipement industriel, mat\u00e9riel \u00e9lectrique, a\u00e9ronautique, armement, \u2026 - les professionnels de la Fonderie de m\u00e9taux sont confront\u00e9s \u00e0 l\u2019encrassement des moules m\u00e9talliques ou coquilles, notamment en raison de la pr\u00e9sence de poteyage.","robots":{"index":"index","follow":"follow","max-snippet":"max-snippet:-1","max-image-preview":"max-image-preview:large","max-video-preview":"max-video-preview:-1"},"canonical":"https:\/\/www.fisa.com\/fr\/nettoyage-par-ultrasons-tous-milieux\/fonderie-sous-pression-basse-pression-boite-a-noyaux\/","og_locale":"fr_FR","og_type":"article","og_title":"Nettoyage par ultrasons pour la Fonderie (sous-pression, basse-pression)","og_description":"Sous-traitants des secteurs acqu\u00e9reurs - automobile, sid\u00e9rurgie, mat\u00e9riel de manutention, \u00e9quipement industriel, mat\u00e9riel \u00e9lectrique, a\u00e9ronautique, armement, \u2026 - les professionnels de la Fonderie de m\u00e9taux sont confront\u00e9s \u00e0 l\u2019encrassement des moules m\u00e9talliques ou coquilles, notamment en raison de la pr\u00e9sence de poteyage.","og_url":"https:\/\/www.fisa.com\/fr\/nettoyage-par-ultrasons-tous-milieux\/fonderie-sous-pression-basse-pression-boite-a-noyaux\/","og_site_name":"FISA","article_modified_time":"2023-09-08T17:28:12+00:00","twitter_card":"summary_large_image","schema":{"@context":"https:\/\/schema.org","@graph":[{"@type":"WebPage","@id":"https:\/\/www.fisa.com\/fr\/nettoyage-par-ultrasons-tous-milieux\/fonderie-sous-pression-basse-pression-boite-a-noyaux\/","url":"https:\/\/www.fisa.com\/fr\/nettoyage-par-ultrasons-tous-milieux\/fonderie-sous-pression-basse-pression-boite-a-noyaux\/","name":"Nettoyage par ultrasons pour la Fonderie (sous-pression, basse-pression)","isPartOf":{"@id":"https:\/\/www.fisa.com\/fr\/#website"},"datePublished":"2019-07-23T10:43:23+00:00","dateModified":"2023-09-08T17:28:12+00:00","description":"Sous-traitants des secteurs acqu\u00e9reurs - automobile, sid\u00e9rurgie, mat\u00e9riel de manutention, \u00e9quipement industriel, mat\u00e9riel \u00e9lectrique, a\u00e9ronautique, armement, \u2026 - les professionnels de la Fonderie de m\u00e9taux sont confront\u00e9s \u00e0 l\u2019encrassement des moules m\u00e9talliques ou coquilles, notamment en raison de la pr\u00e9sence de poteyage.","breadcrumb":{"@id":"https:\/\/www.fisa.com\/fr\/nettoyage-par-ultrasons-tous-milieux\/fonderie-sous-pression-basse-pression-boite-a-noyaux\/#breadcrumb"},"inLanguage":"fr-FR","potentialAction":[{"@type":"ReadAction","target":["https:\/\/www.fisa.com\/fr\/nettoyage-par-ultrasons-tous-milieux\/fonderie-sous-pression-basse-pression-boite-a-noyaux\/"]}]},{"@type":"BreadcrumbList","@id":"https:\/\/www.fisa.com\/fr\/nettoyage-par-ultrasons-tous-milieux\/fonderie-sous-pression-basse-pression-boite-a-noyaux\/#breadcrumb","itemListElement":[{"@type":"ListItem","position":1,"name":"Home","item":"https:\/\/www.fisa.com\/fr\/"},{"@type":"ListItem","position":2,"name":"Concepteur et fabricant de machines de nettoyage par ultrasons pour tous domaines d\u2019activit\u00e9s, tous march\u00e9s, tous milieux industriels","item":"https:\/\/www.fisa.com\/fr\/nettoyage-par-ultrasons-tous-milieux\/"},{"@type":"ListItem","position":3,"name":"Nettoyage par ultrasons pour la fonderie\u00a0: sous-pression, basse-pression, bo\u00eete \u00e0 noyaux"}]},{"@type":"WebSite","@id":"https:\/\/www.fisa.com\/fr\/#website","url":"https:\/\/www.fisa.com\/fr\/","name":"FISA Group","description":"Concepteur et fabricant de machines de nettoyage par ultrasons","publisher":{"@id":"https:\/\/www.fisa.com\/fr\/#organization"},"potentialAction":[{"@type":"SearchAction","target":{"@type":"EntryPoint","urlTemplate":"https:\/\/www.fisa.com\/fr\/?s={search_term_string}"},"query-input":"required name=search_term_string"}],"inLanguage":"fr-FR"},{"@type":"Organization","@id":"https:\/\/www.fisa.com\/fr\/#organization","name":"FISA Group","url":"https:\/\/www.fisa.com\/fr\/","logo":{"@type":"ImageObject","inLanguage":"fr-FR","@id":"https:\/\/www.fisa.com\/fr\/#\/schema\/logo\/image\/","url":"https:\/\/www.fisa.com\/wp-content\/uploads\/2019\/07\/logo-fisa-header.svg","contentUrl":"https:\/\/www.fisa.com\/wp-content\/uploads\/2019\/07\/logo-fisa-header.svg","width":1,"height":1,"caption":"FISA Group"},"image":{"@id":"https:\/\/www.fisa.com\/fr\/#\/schema\/logo\/image\/"}}]}},"_links":{"self":[{"href":"https:\/\/www.fisa.com\/fr\/wp-json\/wp\/v2\/pages\/75"}],"collection":[{"href":"https:\/\/www.fisa.com\/fr\/wp-json\/wp\/v2\/pages"}],"about":[{"href":"https:\/\/www.fisa.com\/fr\/wp-json\/wp\/v2\/types\/page"}],"author":[{"embeddable":true,"href":"https:\/\/www.fisa.com\/fr\/wp-json\/wp\/v2\/users\/2"}],"replies":[{"embeddable":true,"href":"https:\/\/www.fisa.com\/fr\/wp-json\/wp\/v2\/comments?post=75"}],"version-history":[{"count":15,"href":"https:\/\/www.fisa.com\/fr\/wp-json\/wp\/v2\/pages\/75\/revisions"}],"predecessor-version":[{"id":16119,"href":"https:\/\/www.fisa.com\/fr\/wp-json\/wp\/v2\/pages\/75\/revisions\/16119"}],"up":[{"embeddable":true,"href":"https:\/\/www.fisa.com\/fr\/wp-json\/wp\/v2\/pages\/6"}],"wp:attachment":[{"href":"https:\/\/www.fisa.com\/fr\/wp-json\/wp\/v2\/media?parent=75"}],"curies":[{"name":"wp","href":"https:\/\/api.w.org\/{rel}","templated":true}]}}