{"id":530,"date":"2019-07-29T13:54:37","date_gmt":"2019-07-29T11:54:37","guid":{"rendered":"https:\/\/www.fisa.com\/?page_id=530"},"modified":"2020-02-02T18:06:36","modified_gmt":"2020-02-02T17:06:36","slug":"faq","status":"publish","type":"page","link":"https:\/\/www.fisa.com\/fr\/faq\/","title":{"rendered":"FAQ"},"content":{"rendered":"","protected":false},"excerpt":{"rendered":"","protected":false},"author":2,"featured_media":0,"parent":0,"menu_order":60,"comment_status":"closed","ping_status":"closed","template":"template-page.php","meta":{"footnotes":""},"acf":[],"yoast_head":"<!-- This site is optimized with the Yoast SEO plugin v21.1 - https:\/\/yoast.com\/wordpress\/plugins\/seo\/ -->\n<title>Questions fr\u00e9quentes sur nos solutions \/ machines de nettoyage par ultrasons<\/title>\n<meta name=\"description\" content=\"Concepteur et fabricant de machines de nettoyage par ultrasons depuis pr\u00e8s de 40 ans, Fisa propose des process lessiviels et des syst\u00e8mes de traitement de l\u2019eau\u00a0: des solutions cl\u00e9-en-main pour r\u00e9pondre \u00e0 tous vos besoins.\" \/>\n<meta name=\"robots\" content=\"index, follow, max-snippet:-1, max-image-preview:large, max-video-preview:-1\" \/>\n<link rel=\"canonical\" href=\"https:\/\/www.fisa.com\/fr\/faq\/\" \/>\n<meta property=\"og:locale\" content=\"fr_FR\" \/>\n<meta property=\"og:type\" content=\"article\" \/>\n<meta property=\"og:title\" content=\"Questions fr\u00e9quentes sur nos solutions \/ machines de nettoyage par ultrasons\" \/>\n<meta property=\"og:description\" content=\"Concepteur et fabricant de machines de nettoyage par ultrasons depuis pr\u00e8s de 40 ans, Fisa propose des process lessiviels et des syst\u00e8mes de traitement de l\u2019eau\u00a0: des solutions cl\u00e9-en-main pour r\u00e9pondre \u00e0 tous vos besoins.\" \/>\n<meta property=\"og:url\" content=\"https:\/\/www.fisa.com\/fr\/faq\/\" \/>\n<meta property=\"og:site_name\" content=\"FISA\" \/>\n<meta property=\"article:modified_time\" content=\"2020-02-02T17:06:36+00:00\" \/>\n<meta name=\"twitter:card\" content=\"summary_large_image\" \/>\n<script type=\"application\/ld+json\" class=\"yoast-schema-graph\">{\"@context\":\"https:\/\/schema.org\",\"@graph\":[{\"@type\":\"WebPage\",\"@id\":\"https:\/\/www.fisa.com\/fr\/faq\/\",\"url\":\"https:\/\/www.fisa.com\/fr\/faq\/\",\"name\":\"Questions fr\u00e9quentes sur nos solutions \/ machines de nettoyage par ultrasons\",\"isPartOf\":{\"@id\":\"https:\/\/www.fisa.com\/fr\/#website\"},\"datePublished\":\"2019-07-29T11:54:37+00:00\",\"dateModified\":\"2020-02-02T17:06:36+00:00\",\"description\":\"Concepteur et fabricant de machines de nettoyage par ultrasons depuis pr\u00e8s de 40 ans, Fisa propose des process lessiviels et des syst\u00e8mes de traitement de l\u2019eau\u00a0: des solutions cl\u00e9-en-main pour r\u00e9pondre \u00e0 tous vos besoins.\",\"breadcrumb\":{\"@id\":\"https:\/\/www.fisa.com\/fr\/faq\/#breadcrumb\"},\"inLanguage\":\"fr-FR\",\"potentialAction\":[{\"@type\":\"ReadAction\",\"target\":[\"https:\/\/www.fisa.com\/fr\/faq\/\"]}]},{\"@type\":\"BreadcrumbList\",\"@id\":\"https:\/\/www.fisa.com\/fr\/faq\/#breadcrumb\",\"itemListElement\":[{\"@type\":\"ListItem\",\"position\":1,\"name\":\"Home\",\"item\":\"https:\/\/www.fisa.com\/fr\/\"},{\"@type\":\"ListItem\",\"position\":2,\"name\":\"FAQ\"}]},{\"@type\":\"WebSite\",\"@id\":\"https:\/\/www.fisa.com\/fr\/#website\",\"url\":\"https:\/\/www.fisa.com\/fr\/\",\"name\":\"FISA Group\",\"description\":\"Concepteur et fabricant de machines de nettoyage par ultrasons\",\"publisher\":{\"@id\":\"https:\/\/www.fisa.com\/fr\/#organization\"},\"potentialAction\":[{\"@type\":\"SearchAction\",\"target\":{\"@type\":\"EntryPoint\",\"urlTemplate\":\"https:\/\/www.fisa.com\/fr\/?s={search_term_string}\"},\"query-input\":\"required name=search_term_string\"}],\"inLanguage\":\"fr-FR\"},{\"@type\":\"Organization\",\"@id\":\"https:\/\/www.fisa.com\/fr\/#organization\",\"name\":\"FISA Group\",\"url\":\"https:\/\/www.fisa.com\/fr\/\",\"logo\":{\"@type\":\"ImageObject\",\"inLanguage\":\"fr-FR\",\"@id\":\"https:\/\/www.fisa.com\/fr\/#\/schema\/logo\/image\/\",\"url\":\"https:\/\/www.fisa.com\/wp-content\/uploads\/2019\/07\/logo-fisa-header.svg\",\"contentUrl\":\"https:\/\/www.fisa.com\/wp-content\/uploads\/2019\/07\/logo-fisa-header.svg\",\"width\":1,\"height\":1,\"caption\":\"FISA Group\"},\"image\":{\"@id\":\"https:\/\/www.fisa.com\/fr\/#\/schema\/logo\/image\/\"}}]}<\/script>\n<!-- \/ Yoast SEO plugin. -->","yoast_head_json":{"title":"Questions fr\u00e9quentes sur nos solutions \/ machines de nettoyage par ultrasons","description":"Concepteur et fabricant de machines de nettoyage par ultrasons depuis pr\u00e8s de 40 ans, Fisa propose des process lessiviels et des syst\u00e8mes de traitement de l\u2019eau\u00a0: des solutions cl\u00e9-en-main pour r\u00e9pondre \u00e0 tous vos besoins.","robots":{"index":"index","follow":"follow","max-snippet":"max-snippet:-1","max-image-preview":"max-image-preview:large","max-video-preview":"max-video-preview:-1"},"canonical":"https:\/\/www.fisa.com\/fr\/faq\/","og_locale":"fr_FR","og_type":"article","og_title":"Questions fr\u00e9quentes sur nos solutions \/ machines de nettoyage par ultrasons","og_description":"Concepteur et fabricant de machines de nettoyage par ultrasons depuis pr\u00e8s de 40 ans, Fisa propose des process lessiviels et des syst\u00e8mes de traitement de l\u2019eau\u00a0: des solutions cl\u00e9-en-main pour r\u00e9pondre \u00e0 tous vos besoins.","og_url":"https:\/\/www.fisa.com\/fr\/faq\/","og_site_name":"FISA","article_modified_time":"2020-02-02T17:06:36+00:00","twitter_card":"summary_large_image","schema":{"@context":"https:\/\/schema.org","@graph":[{"@type":"WebPage","@id":"https:\/\/www.fisa.com\/fr\/faq\/","url":"https:\/\/www.fisa.com\/fr\/faq\/","name":"Questions fr\u00e9quentes sur nos solutions \/ machines de nettoyage par ultrasons","isPartOf":{"@id":"https:\/\/www.fisa.com\/fr\/#website"},"datePublished":"2019-07-29T11:54:37+00:00","dateModified":"2020-02-02T17:06:36+00:00","description":"Concepteur et fabricant de machines de nettoyage par ultrasons depuis pr\u00e8s de 40 ans, Fisa propose des process lessiviels et des syst\u00e8mes de traitement de l\u2019eau\u00a0: des solutions cl\u00e9-en-main pour r\u00e9pondre \u00e0 tous vos besoins.","breadcrumb":{"@id":"https:\/\/www.fisa.com\/fr\/faq\/#breadcrumb"},"inLanguage":"fr-FR","potentialAction":[{"@type":"ReadAction","target":["https:\/\/www.fisa.com\/fr\/faq\/"]}]},{"@type":"BreadcrumbList","@id":"https:\/\/www.fisa.com\/fr\/faq\/#breadcrumb","itemListElement":[{"@type":"ListItem","position":1,"name":"Home","item":"https:\/\/www.fisa.com\/fr\/"},{"@type":"ListItem","position":2,"name":"FAQ"}]},{"@type":"WebSite","@id":"https:\/\/www.fisa.com\/fr\/#website","url":"https:\/\/www.fisa.com\/fr\/","name":"FISA Group","description":"Concepteur et fabricant de machines de nettoyage par ultrasons","publisher":{"@id":"https:\/\/www.fisa.com\/fr\/#organization"},"potentialAction":[{"@type":"SearchAction","target":{"@type":"EntryPoint","urlTemplate":"https:\/\/www.fisa.com\/fr\/?s={search_term_string}"},"query-input":"required name=search_term_string"}],"inLanguage":"fr-FR"},{"@type":"Organization","@id":"https:\/\/www.fisa.com\/fr\/#organization","name":"FISA Group","url":"https:\/\/www.fisa.com\/fr\/","logo":{"@type":"ImageObject","inLanguage":"fr-FR","@id":"https:\/\/www.fisa.com\/fr\/#\/schema\/logo\/image\/","url":"https:\/\/www.fisa.com\/wp-content\/uploads\/2019\/07\/logo-fisa-header.svg","contentUrl":"https:\/\/www.fisa.com\/wp-content\/uploads\/2019\/07\/logo-fisa-header.svg","width":1,"height":1,"caption":"FISA Group"},"image":{"@id":"https:\/\/www.fisa.com\/fr\/#\/schema\/logo\/image\/"}}]}},"_links":{"self":[{"href":"https:\/\/www.fisa.com\/fr\/wp-json\/wp\/v2\/pages\/530"}],"collection":[{"href":"https:\/\/www.fisa.com\/fr\/wp-json\/wp\/v2\/pages"}],"about":[{"href":"https:\/\/www.fisa.com\/fr\/wp-json\/wp\/v2\/types\/page"}],"author":[{"embeddable":true,"href":"https:\/\/www.fisa.com\/fr\/wp-json\/wp\/v2\/users\/2"}],"replies":[{"embeddable":true,"href":"https:\/\/www.fisa.com\/fr\/wp-json\/wp\/v2\/comments?post=530"}],"version-history":[{"count":14,"href":"https:\/\/www.fisa.com\/fr\/wp-json\/wp\/v2\/pages\/530\/revisions"}],"predecessor-version":[{"id":18179,"href":"https:\/\/www.fisa.com\/fr\/wp-json\/wp\/v2\/pages\/530\/revisions\/18179"}],"wp:attachment":[{"href":"https:\/\/www.fisa.com\/fr\/wp-json\/wp\/v2\/media?parent=530"}],"curies":[{"name":"wp","href":"https:\/\/api.w.org\/{rel}","templated":true}]}}