{"id":11902,"date":"2020-01-27T13:33:09","date_gmt":"2020-01-27T12:33:09","guid":{"rendered":"https:\/\/www.fisa.com\/?page_id=11902"},"modified":"2023-09-08T19:51:48","modified_gmt":"2023-09-08T17:51:48","slug":"mapa-del-sitio-web","status":"publish","type":"page","link":"https:\/\/www.fisa.com\/es\/mapa-del-sitio-web\/","title":{"rendered":"Mapa del sitio web"},"content":{"rendered":"","protected":false},"excerpt":{"rendered":"","protected":false},"author":2,"featured_media":0,"parent":0,"menu_order":0,"comment_status":"closed","ping_status":"closed","template":"template-sitemap.php","meta":{"footnotes":""},"acf":[],"yoast_head":"<!-- This site is optimized with the Yoast SEO plugin v21.1 - https:\/\/yoast.com\/wordpress\/plugins\/seo\/ -->\n<title>Mapa del sitio web - FISA<\/title>\n<meta name=\"description\" content=\"Dise\u00f1ador y fabricante de m\u00e1quinas de limpieza por ultrasonidos en \u00e1mbitos de aplicaci\u00f3n ilimitados.\" \/>\n<meta name=\"robots\" content=\"index, follow, max-snippet:-1, max-image-preview:large, max-video-preview:-1\" \/>\n<link rel=\"canonical\" href=\"https:\/\/www.fisa.com\/es\/machines-robots\/notre-gamme-de-machines-standards-de-nettoyage-par-ultrasons\/\" \/>\n<meta property=\"og:locale\" content=\"es_ES\" \/>\n<meta property=\"og:type\" content=\"article\" \/>\n<meta property=\"og:title\" content=\"Mapa del sitio web - FISA\" \/>\n<meta property=\"og:description\" content=\"Dise\u00f1ador y fabricante de m\u00e1quinas de limpieza por ultrasonidos en \u00e1mbitos de aplicaci\u00f3n ilimitados.\" \/>\n<meta property=\"og:url\" content=\"https:\/\/www.fisa.com\/fr\/machines-robots\/notre-gamme-de-machines-standards-de-nettoyage-par-ultrasons\/\" \/>\n<meta property=\"og:site_name\" content=\"FISA\" \/>\n<meta property=\"article:modified_time\" content=\"2023-09-08T17:51:48+00:00\" \/>\n<meta name=\"twitter:card\" content=\"summary_large_image\" \/>\n<script type=\"application\/ld+json\" class=\"yoast-schema-graph\">{\"@context\":\"https:\/\/schema.org\",\"@graph\":[{\"@type\":\"WebPage\",\"@id\":\"https:\/\/www.fisa.com\/es\/mapa-del-sitio-web\/\",\"url\":\"https:\/\/www.fisa.com\/fr\/machines-robots\/notre-gamme-de-machines-standards-de-nettoyage-par-ultrasons\/\",\"name\":\"Mapa del sitio web - FISA\",\"isPartOf\":{\"@id\":\"https:\/\/www.fisa.com\/es\/#website\"},\"datePublished\":\"2020-01-27T12:33:09+00:00\",\"dateModified\":\"2023-09-08T17:51:48+00:00\",\"description\":\"Dise\u00f1ador y fabricante de m\u00e1quinas de limpieza por ultrasonidos en \u00e1mbitos de aplicaci\u00f3n ilimitados.\",\"breadcrumb\":{\"@id\":\"https:\/\/www.fisa.com\/fr\/machines-robots\/notre-gamme-de-machines-standards-de-nettoyage-par-ultrasons\/#breadcrumb\"},\"inLanguage\":\"es\",\"potentialAction\":[{\"@type\":\"ReadAction\",\"target\":[\"https:\/\/www.fisa.com\/fr\/machines-robots\/notre-gamme-de-machines-standards-de-nettoyage-par-ultrasons\/\"]}]},{\"@type\":\"BreadcrumbList\",\"@id\":\"https:\/\/www.fisa.com\/fr\/machines-robots\/notre-gamme-de-machines-standards-de-nettoyage-par-ultrasons\/#breadcrumb\",\"itemListElement\":[{\"@type\":\"ListItem\",\"position\":1,\"name\":\"Home\",\"item\":\"https:\/\/www.fisa.com\/es\/\"},{\"@type\":\"ListItem\",\"position\":2,\"name\":\"Mapa del sitio web\"}]},{\"@type\":\"WebSite\",\"@id\":\"https:\/\/www.fisa.com\/es\/#website\",\"url\":\"https:\/\/www.fisa.com\/es\/\",\"name\":\"FISA Group\",\"description\":\"Concepteur et fabricant de machines de nettoyage par ultrasons\",\"publisher\":{\"@id\":\"https:\/\/www.fisa.com\/es\/#organization\"},\"potentialAction\":[{\"@type\":\"SearchAction\",\"target\":{\"@type\":\"EntryPoint\",\"urlTemplate\":\"https:\/\/www.fisa.com\/es\/?s={search_term_string}\"},\"query-input\":\"required name=search_term_string\"}],\"inLanguage\":\"es\"},{\"@type\":\"Organization\",\"@id\":\"https:\/\/www.fisa.com\/es\/#organization\",\"name\":\"FISA Group\",\"url\":\"https:\/\/www.fisa.com\/es\/\",\"logo\":{\"@type\":\"ImageObject\",\"inLanguage\":\"es\",\"@id\":\"https:\/\/www.fisa.com\/es\/#\/schema\/logo\/image\/\",\"url\":\"https:\/\/www.fisa.com\/wp-content\/uploads\/2019\/07\/logo-fisa-header.svg\",\"contentUrl\":\"https:\/\/www.fisa.com\/wp-content\/uploads\/2019\/07\/logo-fisa-header.svg\",\"width\":1,\"height\":1,\"caption\":\"FISA Group\"},\"image\":{\"@id\":\"https:\/\/www.fisa.com\/es\/#\/schema\/logo\/image\/\"}}]}<\/script>\n<!-- \/ Yoast SEO plugin. -->","yoast_head_json":{"title":"Mapa del sitio web - FISA","description":"Dise\u00f1ador y fabricante de m\u00e1quinas de limpieza por ultrasonidos en \u00e1mbitos de aplicaci\u00f3n ilimitados.","robots":{"index":"index","follow":"follow","max-snippet":"max-snippet:-1","max-image-preview":"max-image-preview:large","max-video-preview":"max-video-preview:-1"},"canonical":"https:\/\/www.fisa.com\/es\/machines-robots\/notre-gamme-de-machines-standards-de-nettoyage-par-ultrasons\/","og_locale":"es_ES","og_type":"article","og_title":"Mapa del sitio web - FISA","og_description":"Dise\u00f1ador y fabricante de m\u00e1quinas de limpieza por ultrasonidos en \u00e1mbitos de aplicaci\u00f3n ilimitados.","og_url":"https:\/\/www.fisa.com\/fr\/machines-robots\/notre-gamme-de-machines-standards-de-nettoyage-par-ultrasons\/","og_site_name":"FISA","article_modified_time":"2023-09-08T17:51:48+00:00","twitter_card":"summary_large_image","schema":{"@context":"https:\/\/schema.org","@graph":[{"@type":"WebPage","@id":"https:\/\/www.fisa.com\/es\/mapa-del-sitio-web\/","url":"https:\/\/www.fisa.com\/fr\/machines-robots\/notre-gamme-de-machines-standards-de-nettoyage-par-ultrasons\/","name":"Mapa del sitio web - FISA","isPartOf":{"@id":"https:\/\/www.fisa.com\/es\/#website"},"datePublished":"2020-01-27T12:33:09+00:00","dateModified":"2023-09-08T17:51:48+00:00","description":"Dise\u00f1ador y fabricante de m\u00e1quinas de limpieza por ultrasonidos en \u00e1mbitos de aplicaci\u00f3n ilimitados.","breadcrumb":{"@id":"https:\/\/www.fisa.com\/fr\/machines-robots\/notre-gamme-de-machines-standards-de-nettoyage-par-ultrasons\/#breadcrumb"},"inLanguage":"es","potentialAction":[{"@type":"ReadAction","target":["https:\/\/www.fisa.com\/fr\/machines-robots\/notre-gamme-de-machines-standards-de-nettoyage-par-ultrasons\/"]}]},{"@type":"BreadcrumbList","@id":"https:\/\/www.fisa.com\/fr\/machines-robots\/notre-gamme-de-machines-standards-de-nettoyage-par-ultrasons\/#breadcrumb","itemListElement":[{"@type":"ListItem","position":1,"name":"Home","item":"https:\/\/www.fisa.com\/es\/"},{"@type":"ListItem","position":2,"name":"Mapa del sitio web"}]},{"@type":"WebSite","@id":"https:\/\/www.fisa.com\/es\/#website","url":"https:\/\/www.fisa.com\/es\/","name":"FISA Group","description":"Concepteur et fabricant de machines de nettoyage par ultrasons","publisher":{"@id":"https:\/\/www.fisa.com\/es\/#organization"},"potentialAction":[{"@type":"SearchAction","target":{"@type":"EntryPoint","urlTemplate":"https:\/\/www.fisa.com\/es\/?s={search_term_string}"},"query-input":"required name=search_term_string"}],"inLanguage":"es"},{"@type":"Organization","@id":"https:\/\/www.fisa.com\/es\/#organization","name":"FISA Group","url":"https:\/\/www.fisa.com\/es\/","logo":{"@type":"ImageObject","inLanguage":"es","@id":"https:\/\/www.fisa.com\/es\/#\/schema\/logo\/image\/","url":"https:\/\/www.fisa.com\/wp-content\/uploads\/2019\/07\/logo-fisa-header.svg","contentUrl":"https:\/\/www.fisa.com\/wp-content\/uploads\/2019\/07\/logo-fisa-header.svg","width":1,"height":1,"caption":"FISA Group"},"image":{"@id":"https:\/\/www.fisa.com\/es\/#\/schema\/logo\/image\/"}}]}},"_links":{"self":[{"href":"https:\/\/www.fisa.com\/es\/wp-json\/wp\/v2\/pages\/11902"}],"collection":[{"href":"https:\/\/www.fisa.com\/es\/wp-json\/wp\/v2\/pages"}],"about":[{"href":"https:\/\/www.fisa.com\/es\/wp-json\/wp\/v2\/types\/page"}],"author":[{"embeddable":true,"href":"https:\/\/www.fisa.com\/es\/wp-json\/wp\/v2\/users\/2"}],"replies":[{"embeddable":true,"href":"https:\/\/www.fisa.com\/es\/wp-json\/wp\/v2\/comments?post=11902"}],"version-history":[{"count":2,"href":"https:\/\/www.fisa.com\/es\/wp-json\/wp\/v2\/pages\/11902\/revisions"}],"predecessor-version":[{"id":12397,"href":"https:\/\/www.fisa.com\/es\/wp-json\/wp\/v2\/pages\/11902\/revisions\/12397"}],"wp:attachment":[{"href":"https:\/\/www.fisa.com\/es\/wp-json\/wp\/v2\/media?parent=11902"}],"curies":[{"name":"wp","href":"https:\/\/api.w.org\/{rel}","templated":true}]}}