{"id":11710,"date":"2020-01-27T13:33:08","date_gmt":"2020-01-27T12:33:08","guid":{"rendered":"https:\/\/www.fisa.com\/?page_id=11710"},"modified":"2023-09-08T19:54:26","modified_gmt":"2023-09-08T17:54:26","slug":"limpieza-por-ultrasonidos-para-la-fundicion-a-presion-baja-presion-cajas-de-noyos","status":"publish","type":"page","link":"https:\/\/www.fisa.com\/es\/disenador-y-fabricante-de-maquinas-de-limpieza-por-ultrasonidos-para-todos-los-campos-de-actividad-mercados-y-sectores-industriales\/limpieza-por-ultrasonidos-para-la-fundicion-a-presion-baja-presion-cajas-de-noyos\/","title":{"rendered":"Limpieza por ultrasonidos para la fundici\u00f3n: a presi\u00f3n, baja presi\u00f3n, cajas de noyos"},"content":{"rendered":"","protected":false},"excerpt":{"rendered":"","protected":false},"author":2,"featured_media":0,"parent":11698,"menu_order":10,"comment_status":"closed","ping_status":"closed","template":"template-page.php","meta":{"footnotes":""},"acf":[],"yoast_head":"<!-- This site is optimized with the Yoast SEO plugin v21.1 - https:\/\/yoast.com\/wordpress\/plugins\/seo\/ -->\n<title>Limpieza por ultrasonidos para el sector de la fundici\u00f3n (a presi\u00f3n, baja presi\u00f3n)<\/title>\n<meta name=\"description\" content=\"Los subcontratistas de ciertos sectores, como los fabricantes de autom\u00f3viles, la industria sider\u00fargica, los equipos de manipulaci\u00f3n, los equipos industriales, los productos el\u00e9ctricos, el sector aeroespacial, la industria armament\u00edstica, etc., y los profesionales del sector de la fundici\u00f3n de metales se enfrentan al problema de la obstrucci\u00f3n de los moldes met\u00e1licos u otros moldes, especialmente debido a agentes desmoldeantes.\" \/>\n<meta name=\"robots\" content=\"index, follow, max-snippet:-1, max-image-preview:large, max-video-preview:-1\" \/>\n<link rel=\"canonical\" href=\"https:\/\/www.fisa.com\/es\/disenador-y-fabricante-de-maquinas-de-limpieza-por-ultrasonidos-desde-1981\/\" \/>\n<meta property=\"og:locale\" content=\"es_ES\" \/>\n<meta property=\"og:type\" content=\"article\" \/>\n<meta property=\"og:title\" content=\"Limpieza por ultrasonidos para el sector de la fundici\u00f3n (a presi\u00f3n, baja presi\u00f3n)\" \/>\n<meta property=\"og:description\" content=\"Los subcontratistas de ciertos sectores, como los fabricantes de autom\u00f3viles, la industria sider\u00fargica, los equipos de manipulaci\u00f3n, los equipos industriales, los productos el\u00e9ctricos, el sector aeroespacial, la industria armament\u00edstica, etc., y los profesionales del sector de la fundici\u00f3n de metales se enfrentan al problema de la obstrucci\u00f3n de los moldes met\u00e1licos u otros moldes, especialmente debido a agentes desmoldeantes.\" \/>\n<meta property=\"og:url\" content=\"https:\/\/www.fisa.com\/es\/disenador-y-fabricante-de-maquinas-de-limpieza-por-ultrasonidos-desde-1981\/\" \/>\n<meta property=\"og:site_name\" content=\"FISA\" \/>\n<meta property=\"article:modified_time\" content=\"2023-09-08T17:54:26+00:00\" \/>\n<meta name=\"twitter:card\" content=\"summary_large_image\" \/>\n<script type=\"application\/ld+json\" class=\"yoast-schema-graph\">{\"@context\":\"https:\/\/schema.org\",\"@graph\":[{\"@type\":\"WebPage\",\"@id\":\"https:\/\/www.fisa.com\/es\/disenador-y-fabricante-de-maquinas-de-limpieza-por-ultrasonidos-para-todos-los-campos-de-actividad-mercados-y-sectores-industriales\/limpieza-por-ultrasonidos-para-la-fundicion-a-presion-baja-presion-cajas-de-noyos\/\",\"url\":\"https:\/\/www.fisa.com\/es\/disenador-y-fabricante-de-maquinas-de-limpieza-por-ultrasonidos-desde-1981\/\",\"name\":\"Limpieza por ultrasonidos para el sector de la fundici\u00f3n (a presi\u00f3n, baja presi\u00f3n)\",\"isPartOf\":{\"@id\":\"https:\/\/www.fisa.com\/es\/#website\"},\"datePublished\":\"2020-01-27T12:33:08+00:00\",\"dateModified\":\"2023-09-08T17:54:26+00:00\",\"description\":\"Los subcontratistas de ciertos sectores, como los fabricantes de autom\u00f3viles, la industria sider\u00fargica, los equipos de manipulaci\u00f3n, los equipos industriales, los productos el\u00e9ctricos, el sector aeroespacial, la industria armament\u00edstica, etc., y los profesionales del sector de la fundici\u00f3n de metales se enfrentan al problema de la obstrucci\u00f3n de los moldes met\u00e1licos u otros moldes, especialmente debido a agentes desmoldeantes.\",\"breadcrumb\":{\"@id\":\"https:\/\/www.fisa.com\/es\/disenador-y-fabricante-de-maquinas-de-limpieza-por-ultrasonidos-desde-1981\/#breadcrumb\"},\"inLanguage\":\"es\",\"potentialAction\":[{\"@type\":\"ReadAction\",\"target\":[\"https:\/\/www.fisa.com\/es\/disenador-y-fabricante-de-maquinas-de-limpieza-por-ultrasonidos-desde-1981\/\"]}]},{\"@type\":\"BreadcrumbList\",\"@id\":\"https:\/\/www.fisa.com\/es\/disenador-y-fabricante-de-maquinas-de-limpieza-por-ultrasonidos-desde-1981\/#breadcrumb\",\"itemListElement\":[{\"@type\":\"ListItem\",\"position\":1,\"name\":\"Home\",\"item\":\"https:\/\/www.fisa.com\/es\/\"},{\"@type\":\"ListItem\",\"position\":2,\"name\":\"Dise\u00f1ador y fabricante de m\u00e1quinas de limpieza por ultrasonidos para todos los campos de actividad, mercados y sectores industriales\",\"item\":\"https:\/\/www.fisa.com\/es\/disenador-y-fabricante-de-maquinas-de-limpieza-por-ultrasonidos-para-todos-los-campos-de-actividad-mercados-y-sectores-industriales\/\"},{\"@type\":\"ListItem\",\"position\":3,\"name\":\"Limpieza por ultrasonidos para la fundici\u00f3n: a presi\u00f3n, baja presi\u00f3n, cajas de noyos\"}]},{\"@type\":\"WebSite\",\"@id\":\"https:\/\/www.fisa.com\/es\/#website\",\"url\":\"https:\/\/www.fisa.com\/es\/\",\"name\":\"FISA Group\",\"description\":\"Concepteur et fabricant de machines de nettoyage par ultrasons\",\"publisher\":{\"@id\":\"https:\/\/www.fisa.com\/es\/#organization\"},\"potentialAction\":[{\"@type\":\"SearchAction\",\"target\":{\"@type\":\"EntryPoint\",\"urlTemplate\":\"https:\/\/www.fisa.com\/es\/?s={search_term_string}\"},\"query-input\":\"required name=search_term_string\"}],\"inLanguage\":\"es\"},{\"@type\":\"Organization\",\"@id\":\"https:\/\/www.fisa.com\/es\/#organization\",\"name\":\"FISA Group\",\"url\":\"https:\/\/www.fisa.com\/es\/\",\"logo\":{\"@type\":\"ImageObject\",\"inLanguage\":\"es\",\"@id\":\"https:\/\/www.fisa.com\/es\/#\/schema\/logo\/image\/\",\"url\":\"https:\/\/www.fisa.com\/wp-content\/uploads\/2019\/07\/logo-fisa-header.svg\",\"contentUrl\":\"https:\/\/www.fisa.com\/wp-content\/uploads\/2019\/07\/logo-fisa-header.svg\",\"width\":1,\"height\":1,\"caption\":\"FISA Group\"},\"image\":{\"@id\":\"https:\/\/www.fisa.com\/es\/#\/schema\/logo\/image\/\"}}]}<\/script>\n<!-- \/ Yoast SEO plugin. -->","yoast_head_json":{"title":"Limpieza por ultrasonidos para el sector de la fundici\u00f3n (a presi\u00f3n, baja presi\u00f3n)","description":"Los subcontratistas de ciertos sectores, como los fabricantes de autom\u00f3viles, la industria sider\u00fargica, los equipos de manipulaci\u00f3n, los equipos industriales, los productos el\u00e9ctricos, el sector aeroespacial, la industria armament\u00edstica, etc., y los profesionales del sector de la fundici\u00f3n de metales se enfrentan al problema de la obstrucci\u00f3n de los moldes met\u00e1licos u otros moldes, especialmente debido a agentes desmoldeantes.","robots":{"index":"index","follow":"follow","max-snippet":"max-snippet:-1","max-image-preview":"max-image-preview:large","max-video-preview":"max-video-preview:-1"},"canonical":"https:\/\/www.fisa.com\/es\/disenador-y-fabricante-de-maquinas-de-limpieza-por-ultrasonidos-desde-1981\/","og_locale":"es_ES","og_type":"article","og_title":"Limpieza por ultrasonidos para el sector de la fundici\u00f3n (a presi\u00f3n, baja presi\u00f3n)","og_description":"Los subcontratistas de ciertos sectores, como los fabricantes de autom\u00f3viles, la industria sider\u00fargica, los equipos de manipulaci\u00f3n, los equipos industriales, los productos el\u00e9ctricos, el sector aeroespacial, la industria armament\u00edstica, etc., y los profesionales del sector de la fundici\u00f3n de metales se enfrentan al problema de la obstrucci\u00f3n de los moldes met\u00e1licos u otros moldes, especialmente debido a agentes desmoldeantes.","og_url":"https:\/\/www.fisa.com\/es\/disenador-y-fabricante-de-maquinas-de-limpieza-por-ultrasonidos-desde-1981\/","og_site_name":"FISA","article_modified_time":"2023-09-08T17:54:26+00:00","twitter_card":"summary_large_image","schema":{"@context":"https:\/\/schema.org","@graph":[{"@type":"WebPage","@id":"https:\/\/www.fisa.com\/es\/disenador-y-fabricante-de-maquinas-de-limpieza-por-ultrasonidos-para-todos-los-campos-de-actividad-mercados-y-sectores-industriales\/limpieza-por-ultrasonidos-para-la-fundicion-a-presion-baja-presion-cajas-de-noyos\/","url":"https:\/\/www.fisa.com\/es\/disenador-y-fabricante-de-maquinas-de-limpieza-por-ultrasonidos-desde-1981\/","name":"Limpieza por ultrasonidos para el sector de la fundici\u00f3n (a presi\u00f3n, baja presi\u00f3n)","isPartOf":{"@id":"https:\/\/www.fisa.com\/es\/#website"},"datePublished":"2020-01-27T12:33:08+00:00","dateModified":"2023-09-08T17:54:26+00:00","description":"Los subcontratistas de ciertos sectores, como los fabricantes de autom\u00f3viles, la industria sider\u00fargica, los equipos de manipulaci\u00f3n, los equipos industriales, los productos el\u00e9ctricos, el sector aeroespacial, la industria armament\u00edstica, etc., y los profesionales del sector de la fundici\u00f3n de metales se enfrentan al problema de la obstrucci\u00f3n de los moldes met\u00e1licos u otros moldes, especialmente debido a agentes desmoldeantes.","breadcrumb":{"@id":"https:\/\/www.fisa.com\/es\/disenador-y-fabricante-de-maquinas-de-limpieza-por-ultrasonidos-desde-1981\/#breadcrumb"},"inLanguage":"es","potentialAction":[{"@type":"ReadAction","target":["https:\/\/www.fisa.com\/es\/disenador-y-fabricante-de-maquinas-de-limpieza-por-ultrasonidos-desde-1981\/"]}]},{"@type":"BreadcrumbList","@id":"https:\/\/www.fisa.com\/es\/disenador-y-fabricante-de-maquinas-de-limpieza-por-ultrasonidos-desde-1981\/#breadcrumb","itemListElement":[{"@type":"ListItem","position":1,"name":"Home","item":"https:\/\/www.fisa.com\/es\/"},{"@type":"ListItem","position":2,"name":"Dise\u00f1ador y fabricante de m\u00e1quinas de limpieza por ultrasonidos para todos los campos de actividad, mercados y sectores industriales","item":"https:\/\/www.fisa.com\/es\/disenador-y-fabricante-de-maquinas-de-limpieza-por-ultrasonidos-para-todos-los-campos-de-actividad-mercados-y-sectores-industriales\/"},{"@type":"ListItem","position":3,"name":"Limpieza por ultrasonidos para la fundici\u00f3n: a presi\u00f3n, baja presi\u00f3n, cajas de noyos"}]},{"@type":"WebSite","@id":"https:\/\/www.fisa.com\/es\/#website","url":"https:\/\/www.fisa.com\/es\/","name":"FISA Group","description":"Concepteur et fabricant de machines de nettoyage par ultrasons","publisher":{"@id":"https:\/\/www.fisa.com\/es\/#organization"},"potentialAction":[{"@type":"SearchAction","target":{"@type":"EntryPoint","urlTemplate":"https:\/\/www.fisa.com\/es\/?s={search_term_string}"},"query-input":"required name=search_term_string"}],"inLanguage":"es"},{"@type":"Organization","@id":"https:\/\/www.fisa.com\/es\/#organization","name":"FISA Group","url":"https:\/\/www.fisa.com\/es\/","logo":{"@type":"ImageObject","inLanguage":"es","@id":"https:\/\/www.fisa.com\/es\/#\/schema\/logo\/image\/","url":"https:\/\/www.fisa.com\/wp-content\/uploads\/2019\/07\/logo-fisa-header.svg","contentUrl":"https:\/\/www.fisa.com\/wp-content\/uploads\/2019\/07\/logo-fisa-header.svg","width":1,"height":1,"caption":"FISA Group"},"image":{"@id":"https:\/\/www.fisa.com\/es\/#\/schema\/logo\/image\/"}}]}},"_links":{"self":[{"href":"https:\/\/www.fisa.com\/es\/wp-json\/wp\/v2\/pages\/11710"}],"collection":[{"href":"https:\/\/www.fisa.com\/es\/wp-json\/wp\/v2\/pages"}],"about":[{"href":"https:\/\/www.fisa.com\/es\/wp-json\/wp\/v2\/types\/page"}],"author":[{"embeddable":true,"href":"https:\/\/www.fisa.com\/es\/wp-json\/wp\/v2\/users\/2"}],"replies":[{"embeddable":true,"href":"https:\/\/www.fisa.com\/es\/wp-json\/wp\/v2\/comments?post=11710"}],"version-history":[{"count":15,"href":"https:\/\/www.fisa.com\/es\/wp-json\/wp\/v2\/pages\/11710\/revisions"}],"predecessor-version":[{"id":20584,"href":"https:\/\/www.fisa.com\/es\/wp-json\/wp\/v2\/pages\/11710\/revisions\/20584"}],"up":[{"embeddable":true,"href":"https:\/\/www.fisa.com\/es\/wp-json\/wp\/v2\/pages\/11698"}],"wp:attachment":[{"href":"https:\/\/www.fisa.com\/es\/wp-json\/wp\/v2\/media?parent=11710"}],"curies":[{"name":"wp","href":"https:\/\/api.w.org\/{rel}","templated":true}]}}