{"id":11892,"date":"2019-12-16T17:36:09","date_gmt":"2019-12-16T16:36:09","guid":{"rendered":"https:\/\/www.fisa.com\/?page_id=11892"},"modified":"2023-09-08T19:15:18","modified_gmt":"2023-09-08T17:15:18","slug":"unser-angebot-an-standard-ultraschallreinigungsanlagen","status":"publish","type":"page","link":"https:\/\/www.fisa.com\/de\/unsere-ultraschallreinigungsanlagen-und-roboter-steuerung-des-gesamten-fertigungsprozesses\/unser-angebot-an-standard-ultraschallreinigungsanlagen\/","title":{"rendered":"Unser Angebot an Standardreinigungsanlagen"},"content":{"rendered":"","protected":false},"excerpt":{"rendered":"","protected":false},"author":2,"featured_media":0,"parent":11880,"menu_order":0,"comment_status":"closed","ping_status":"closed","template":"template-page.php","meta":{"footnotes":""},"acf":[],"yoast_head":"<!-- This site is optimized with the Yoast SEO plugin v21.1 - https:\/\/yoast.com\/wordpress\/plugins\/seo\/ -->\n<title>Unser Angebot an Standardanlagen f\u00fcr die Ultraschallreinigung<\/title>\n<meta name=\"description\" content=\"Entdecken Sie unsere verschiedenen Serien von Standardanlagen: die Reinigungslinie f\u00fcr die Uhrenherstellung, die Medizin, die Lebensmittelindustrie... die Serie f\u00fcr die Reinigung von Formen und Werkzeugen und die Standardproduktpalette f\u00fcr die Optik.\" \/>\n<meta name=\"robots\" content=\"index, follow, max-snippet:-1, max-image-preview:large, max-video-preview:-1\" \/>\n<link rel=\"canonical\" href=\"https:\/\/www.fisa.com\/de\/unsere-ultraschallreinigungsanlagen-und-roboter-steuerung-des-gesamten-fertigungsprozesses\/unser-angebot-an-standard-ultraschallreinigungsanlagen\/\" \/>\n<meta property=\"og:locale\" content=\"de_DE\" \/>\n<meta property=\"og:type\" content=\"article\" \/>\n<meta property=\"og:title\" content=\"Unser Angebot an Standardanlagen f\u00fcr die Ultraschallreinigung\" \/>\n<meta property=\"og:description\" content=\"Entdecken Sie unsere verschiedenen Serien von Standardanlagen: die Reinigungslinie f\u00fcr die Uhrenherstellung, die Medizin, die Lebensmittelindustrie... die Serie f\u00fcr die Reinigung von Formen und Werkzeugen und die Standardproduktpalette f\u00fcr die Optik.\" \/>\n<meta property=\"og:url\" content=\"https:\/\/www.fisa.com\/de\/unsere-ultraschallreinigungsanlagen-und-roboter-steuerung-des-gesamten-fertigungsprozesses\/unser-angebot-an-standard-ultraschallreinigungsanlagen\/\" \/>\n<meta property=\"og:site_name\" content=\"FISA\" \/>\n<meta property=\"article:modified_time\" content=\"2023-09-08T17:15:18+00:00\" \/>\n<meta name=\"twitter:card\" content=\"summary_large_image\" \/>\n<script type=\"application\/ld+json\" class=\"yoast-schema-graph\">{\"@context\":\"https:\/\/schema.org\",\"@graph\":[{\"@type\":\"WebPage\",\"@id\":\"https:\/\/www.fisa.com\/de\/unsere-ultraschallreinigungsanlagen-und-roboter-steuerung-des-gesamten-fertigungsprozesses\/unser-angebot-an-standard-ultraschallreinigungsanlagen\/\",\"url\":\"https:\/\/www.fisa.com\/de\/unsere-ultraschallreinigungsanlagen-und-roboter-steuerung-des-gesamten-fertigungsprozesses\/unser-angebot-an-standard-ultraschallreinigungsanlagen\/\",\"name\":\"Unser Angebot an Standardanlagen f\u00fcr die Ultraschallreinigung\",\"isPartOf\":{\"@id\":\"https:\/\/www.fisa.com\/de\/#website\"},\"datePublished\":\"2019-12-16T16:36:09+00:00\",\"dateModified\":\"2023-09-08T17:15:18+00:00\",\"description\":\"Entdecken Sie unsere verschiedenen Serien von Standardanlagen: die Reinigungslinie f\u00fcr die Uhrenherstellung, die Medizin, die Lebensmittelindustrie... die Serie f\u00fcr die Reinigung von Formen und Werkzeugen und die Standardproduktpalette f\u00fcr die Optik.\",\"breadcrumb\":{\"@id\":\"https:\/\/www.fisa.com\/de\/unsere-ultraschallreinigungsanlagen-und-roboter-steuerung-des-gesamten-fertigungsprozesses\/unser-angebot-an-standard-ultraschallreinigungsanlagen\/#breadcrumb\"},\"inLanguage\":\"de\",\"potentialAction\":[{\"@type\":\"ReadAction\",\"target\":[\"https:\/\/www.fisa.com\/de\/unsere-ultraschallreinigungsanlagen-und-roboter-steuerung-des-gesamten-fertigungsprozesses\/unser-angebot-an-standard-ultraschallreinigungsanlagen\/\"]}]},{\"@type\":\"BreadcrumbList\",\"@id\":\"https:\/\/www.fisa.com\/de\/unsere-ultraschallreinigungsanlagen-und-roboter-steuerung-des-gesamten-fertigungsprozesses\/unser-angebot-an-standard-ultraschallreinigungsanlagen\/#breadcrumb\",\"itemListElement\":[{\"@type\":\"ListItem\",\"position\":1,\"name\":\"Home\",\"item\":\"https:\/\/www.fisa.com\/de\/\"},{\"@type\":\"ListItem\",\"position\":2,\"name\":\"Unsere Ultraschallreinigungsanlagen und -roboter: Steuerung des gesamten Fertigungsprozesses\",\"item\":\"https:\/\/www.fisa.com\/de\/unsere-ultraschallreinigungsanlagen-und-roboter-steuerung-des-gesamten-fertigungsprozesses\/\"},{\"@type\":\"ListItem\",\"position\":3,\"name\":\"Unser Angebot an Standardreinigungsanlagen\"}]},{\"@type\":\"WebSite\",\"@id\":\"https:\/\/www.fisa.com\/de\/#website\",\"url\":\"https:\/\/www.fisa.com\/de\/\",\"name\":\"FISA Group\",\"description\":\"Concepteur et fabricant de machines de nettoyage par ultrasons\",\"publisher\":{\"@id\":\"https:\/\/www.fisa.com\/de\/#organization\"},\"potentialAction\":[{\"@type\":\"SearchAction\",\"target\":{\"@type\":\"EntryPoint\",\"urlTemplate\":\"https:\/\/www.fisa.com\/de\/?s={search_term_string}\"},\"query-input\":\"required name=search_term_string\"}],\"inLanguage\":\"de\"},{\"@type\":\"Organization\",\"@id\":\"https:\/\/www.fisa.com\/de\/#organization\",\"name\":\"FISA Group\",\"url\":\"https:\/\/www.fisa.com\/de\/\",\"logo\":{\"@type\":\"ImageObject\",\"inLanguage\":\"de\",\"@id\":\"https:\/\/www.fisa.com\/de\/#\/schema\/logo\/image\/\",\"url\":\"https:\/\/www.fisa.com\/wp-content\/uploads\/2019\/07\/logo-fisa-header.svg\",\"contentUrl\":\"https:\/\/www.fisa.com\/wp-content\/uploads\/2019\/07\/logo-fisa-header.svg\",\"width\":1,\"height\":1,\"caption\":\"FISA Group\"},\"image\":{\"@id\":\"https:\/\/www.fisa.com\/de\/#\/schema\/logo\/image\/\"}}]}<\/script>\n<!-- \/ Yoast SEO plugin. -->","yoast_head_json":{"title":"Unser Angebot an Standardanlagen f\u00fcr die Ultraschallreinigung","description":"Entdecken Sie unsere verschiedenen Serien von Standardanlagen: die Reinigungslinie f\u00fcr die Uhrenherstellung, die Medizin, die Lebensmittelindustrie... die Serie f\u00fcr die Reinigung von Formen und Werkzeugen und die Standardproduktpalette f\u00fcr die Optik.","robots":{"index":"index","follow":"follow","max-snippet":"max-snippet:-1","max-image-preview":"max-image-preview:large","max-video-preview":"max-video-preview:-1"},"canonical":"https:\/\/www.fisa.com\/de\/unsere-ultraschallreinigungsanlagen-und-roboter-steuerung-des-gesamten-fertigungsprozesses\/unser-angebot-an-standard-ultraschallreinigungsanlagen\/","og_locale":"de_DE","og_type":"article","og_title":"Unser Angebot an Standardanlagen f\u00fcr die Ultraschallreinigung","og_description":"Entdecken Sie unsere verschiedenen Serien von Standardanlagen: die Reinigungslinie f\u00fcr die Uhrenherstellung, die Medizin, die Lebensmittelindustrie... die Serie f\u00fcr die Reinigung von Formen und Werkzeugen und die Standardproduktpalette f\u00fcr die Optik.","og_url":"https:\/\/www.fisa.com\/de\/unsere-ultraschallreinigungsanlagen-und-roboter-steuerung-des-gesamten-fertigungsprozesses\/unser-angebot-an-standard-ultraschallreinigungsanlagen\/","og_site_name":"FISA","article_modified_time":"2023-09-08T17:15:18+00:00","twitter_card":"summary_large_image","schema":{"@context":"https:\/\/schema.org","@graph":[{"@type":"WebPage","@id":"https:\/\/www.fisa.com\/de\/unsere-ultraschallreinigungsanlagen-und-roboter-steuerung-des-gesamten-fertigungsprozesses\/unser-angebot-an-standard-ultraschallreinigungsanlagen\/","url":"https:\/\/www.fisa.com\/de\/unsere-ultraschallreinigungsanlagen-und-roboter-steuerung-des-gesamten-fertigungsprozesses\/unser-angebot-an-standard-ultraschallreinigungsanlagen\/","name":"Unser Angebot an Standardanlagen f\u00fcr die Ultraschallreinigung","isPartOf":{"@id":"https:\/\/www.fisa.com\/de\/#website"},"datePublished":"2019-12-16T16:36:09+00:00","dateModified":"2023-09-08T17:15:18+00:00","description":"Entdecken Sie unsere verschiedenen Serien von Standardanlagen: die Reinigungslinie f\u00fcr die Uhrenherstellung, die Medizin, die Lebensmittelindustrie... die Serie f\u00fcr die Reinigung von Formen und Werkzeugen und die Standardproduktpalette f\u00fcr die Optik.","breadcrumb":{"@id":"https:\/\/www.fisa.com\/de\/unsere-ultraschallreinigungsanlagen-und-roboter-steuerung-des-gesamten-fertigungsprozesses\/unser-angebot-an-standard-ultraschallreinigungsanlagen\/#breadcrumb"},"inLanguage":"de","potentialAction":[{"@type":"ReadAction","target":["https:\/\/www.fisa.com\/de\/unsere-ultraschallreinigungsanlagen-und-roboter-steuerung-des-gesamten-fertigungsprozesses\/unser-angebot-an-standard-ultraschallreinigungsanlagen\/"]}]},{"@type":"BreadcrumbList","@id":"https:\/\/www.fisa.com\/de\/unsere-ultraschallreinigungsanlagen-und-roboter-steuerung-des-gesamten-fertigungsprozesses\/unser-angebot-an-standard-ultraschallreinigungsanlagen\/#breadcrumb","itemListElement":[{"@type":"ListItem","position":1,"name":"Home","item":"https:\/\/www.fisa.com\/de\/"},{"@type":"ListItem","position":2,"name":"Unsere Ultraschallreinigungsanlagen und -roboter: Steuerung des gesamten Fertigungsprozesses","item":"https:\/\/www.fisa.com\/de\/unsere-ultraschallreinigungsanlagen-und-roboter-steuerung-des-gesamten-fertigungsprozesses\/"},{"@type":"ListItem","position":3,"name":"Unser Angebot an Standardreinigungsanlagen"}]},{"@type":"WebSite","@id":"https:\/\/www.fisa.com\/de\/#website","url":"https:\/\/www.fisa.com\/de\/","name":"FISA Group","description":"Concepteur et fabricant de machines de nettoyage par ultrasons","publisher":{"@id":"https:\/\/www.fisa.com\/de\/#organization"},"potentialAction":[{"@type":"SearchAction","target":{"@type":"EntryPoint","urlTemplate":"https:\/\/www.fisa.com\/de\/?s={search_term_string}"},"query-input":"required name=search_term_string"}],"inLanguage":"de"},{"@type":"Organization","@id":"https:\/\/www.fisa.com\/de\/#organization","name":"FISA Group","url":"https:\/\/www.fisa.com\/de\/","logo":{"@type":"ImageObject","inLanguage":"de","@id":"https:\/\/www.fisa.com\/de\/#\/schema\/logo\/image\/","url":"https:\/\/www.fisa.com\/wp-content\/uploads\/2019\/07\/logo-fisa-header.svg","contentUrl":"https:\/\/www.fisa.com\/wp-content\/uploads\/2019\/07\/logo-fisa-header.svg","width":1,"height":1,"caption":"FISA Group"},"image":{"@id":"https:\/\/www.fisa.com\/de\/#\/schema\/logo\/image\/"}}]}},"_links":{"self":[{"href":"https:\/\/www.fisa.com\/de\/wp-json\/wp\/v2\/pages\/11892"}],"collection":[{"href":"https:\/\/www.fisa.com\/de\/wp-json\/wp\/v2\/pages"}],"about":[{"href":"https:\/\/www.fisa.com\/de\/wp-json\/wp\/v2\/types\/page"}],"author":[{"embeddable":true,"href":"https:\/\/www.fisa.com\/de\/wp-json\/wp\/v2\/users\/2"}],"replies":[{"embeddable":true,"href":"https:\/\/www.fisa.com\/de\/wp-json\/wp\/v2\/comments?post=11892"}],"version-history":[{"count":14,"href":"https:\/\/www.fisa.com\/de\/wp-json\/wp\/v2\/pages\/11892\/revisions"}],"predecessor-version":[{"id":20636,"href":"https:\/\/www.fisa.com\/de\/wp-json\/wp\/v2\/pages\/11892\/revisions\/20636"}],"up":[{"embeddable":true,"href":"https:\/\/www.fisa.com\/de\/wp-json\/wp\/v2\/pages\/11880"}],"wp:attachment":[{"href":"https:\/\/www.fisa.com\/de\/wp-json\/wp\/v2\/media?parent=11892"}],"curies":[{"name":"wp","href":"https:\/\/api.w.org\/{rel}","templated":true}]}}