{"id":11886,"date":"2020-01-22T14:53:40","date_gmt":"2020-01-22T13:53:40","guid":{"rendered":"https:\/\/www.fisa.com\/?page_id=11886"},"modified":"2020-05-15T14:39:51","modified_gmt":"2020-05-15T12:39:51","slug":"unsere-ultraschallreinigungsanlagen-sind-massgefertigt","status":"publish","type":"page","link":"https:\/\/www.fisa.com\/de\/unsere-ultraschallreinigungsanlagen-und-roboter-steuerung-des-gesamten-fertigungsprozesses\/unsere-ultraschallreinigungsanlagen-sind-massgefertigt\/","title":{"rendered":"Unsere ma\u00dfgeschneiderten Ultraschallreinigungsanlagen"},"content":{"rendered":"","protected":false},"excerpt":{"rendered":"","protected":false},"author":2,"featured_media":0,"parent":11880,"menu_order":0,"comment_status":"closed","ping_status":"closed","template":"template-page.php","meta":{"footnotes":""},"acf":[],"yoast_head":"<!-- This site is optimized with the Yoast SEO plugin v21.1 - https:\/\/yoast.com\/wordpress\/plugins\/seo\/ -->\n<title>Unsere Ultraschallreinigungsanlagen sind f\u00fcr unsere Kunden ma\u00dfgefertigt<\/title>\n<meta name=\"description\" content=\"Wir betrachten jede Anfrage als ein neues Projekt. Jede Produktion, jedes zu reinigende Teil hat seine eigene Besonderheit, die wir ber\u00fccksichtigen m\u00fcssen. Auch die Gr\u00f6\u00dfe, die Zusammensetzung der Materialien, die Art des zu entfernenden Schmutzes, die Endgr\u00f6\u00dfe der Maschine, die Produktionsraten sind ebenso entscheidende und differenzierende Faktoren, um eine Ultraschallreinigungsl\u00f6sung in Betracht zu ziehen.\" \/>\n<meta name=\"robots\" content=\"index, follow, max-snippet:-1, max-image-preview:large, max-video-preview:-1\" \/>\n<link rel=\"canonical\" href=\"https:\/\/www.fisa.com\/de\/unsere-ultraschallreinigungsanlagen-und-roboter-steuerung-des-gesamten-fertigungsprozesses\/unsere-ultraschallreinigungsanlagen-sind-massgefertigt\/\" \/>\n<meta property=\"og:locale\" content=\"de_DE\" \/>\n<meta property=\"og:type\" content=\"article\" \/>\n<meta property=\"og:title\" content=\"Unsere Ultraschallreinigungsanlagen sind f\u00fcr unsere Kunden ma\u00dfgefertigt\" \/>\n<meta property=\"og:description\" content=\"Wir betrachten jede Anfrage als ein neues Projekt. Jede Produktion, jedes zu reinigende Teil hat seine eigene Besonderheit, die wir ber\u00fccksichtigen m\u00fcssen. Auch die Gr\u00f6\u00dfe, die Zusammensetzung der Materialien, die Art des zu entfernenden Schmutzes, die Endgr\u00f6\u00dfe der Maschine, die Produktionsraten sind ebenso entscheidende und differenzierende Faktoren, um eine Ultraschallreinigungsl\u00f6sung in Betracht zu ziehen.\" \/>\n<meta property=\"og:url\" content=\"https:\/\/www.fisa.com\/de\/unsere-ultraschallreinigungsanlagen-und-roboter-steuerung-des-gesamten-fertigungsprozesses\/unsere-ultraschallreinigungsanlagen-sind-massgefertigt\/\" \/>\n<meta property=\"og:site_name\" content=\"FISA\" \/>\n<meta property=\"article:modified_time\" content=\"2020-05-15T12:39:51+00:00\" \/>\n<meta name=\"twitter:card\" content=\"summary_large_image\" \/>\n<script type=\"application\/ld+json\" class=\"yoast-schema-graph\">{\"@context\":\"https:\/\/schema.org\",\"@graph\":[{\"@type\":\"WebPage\",\"@id\":\"https:\/\/www.fisa.com\/de\/unsere-ultraschallreinigungsanlagen-und-roboter-steuerung-des-gesamten-fertigungsprozesses\/unsere-ultraschallreinigungsanlagen-sind-massgefertigt\/\",\"url\":\"https:\/\/www.fisa.com\/de\/unsere-ultraschallreinigungsanlagen-und-roboter-steuerung-des-gesamten-fertigungsprozesses\/unsere-ultraschallreinigungsanlagen-sind-massgefertigt\/\",\"name\":\"Unsere Ultraschallreinigungsanlagen sind f\u00fcr unsere Kunden ma\u00dfgefertigt\",\"isPartOf\":{\"@id\":\"https:\/\/www.fisa.com\/de\/#website\"},\"datePublished\":\"2020-01-22T13:53:40+00:00\",\"dateModified\":\"2020-05-15T12:39:51+00:00\",\"description\":\"Wir betrachten jede Anfrage als ein neues Projekt. Jede Produktion, jedes zu reinigende Teil hat seine eigene Besonderheit, die wir ber\u00fccksichtigen m\u00fcssen. Auch die Gr\u00f6\u00dfe, die Zusammensetzung der Materialien, die Art des zu entfernenden Schmutzes, die Endgr\u00f6\u00dfe der Maschine, die Produktionsraten sind ebenso entscheidende und differenzierende Faktoren, um eine Ultraschallreinigungsl\u00f6sung in Betracht zu ziehen.\",\"breadcrumb\":{\"@id\":\"https:\/\/www.fisa.com\/de\/unsere-ultraschallreinigungsanlagen-und-roboter-steuerung-des-gesamten-fertigungsprozesses\/unsere-ultraschallreinigungsanlagen-sind-massgefertigt\/#breadcrumb\"},\"inLanguage\":\"de\",\"potentialAction\":[{\"@type\":\"ReadAction\",\"target\":[\"https:\/\/www.fisa.com\/de\/unsere-ultraschallreinigungsanlagen-und-roboter-steuerung-des-gesamten-fertigungsprozesses\/unsere-ultraschallreinigungsanlagen-sind-massgefertigt\/\"]}]},{\"@type\":\"BreadcrumbList\",\"@id\":\"https:\/\/www.fisa.com\/de\/unsere-ultraschallreinigungsanlagen-und-roboter-steuerung-des-gesamten-fertigungsprozesses\/unsere-ultraschallreinigungsanlagen-sind-massgefertigt\/#breadcrumb\",\"itemListElement\":[{\"@type\":\"ListItem\",\"position\":1,\"name\":\"Home\",\"item\":\"https:\/\/www.fisa.com\/de\/\"},{\"@type\":\"ListItem\",\"position\":2,\"name\":\"Unsere Ultraschallreinigungsanlagen und -roboter: Steuerung des gesamten Fertigungsprozesses\",\"item\":\"https:\/\/www.fisa.com\/de\/unsere-ultraschallreinigungsanlagen-und-roboter-steuerung-des-gesamten-fertigungsprozesses\/\"},{\"@type\":\"ListItem\",\"position\":3,\"name\":\"Unsere ma\u00dfgeschneiderten Ultraschallreinigungsanlagen\"}]},{\"@type\":\"WebSite\",\"@id\":\"https:\/\/www.fisa.com\/de\/#website\",\"url\":\"https:\/\/www.fisa.com\/de\/\",\"name\":\"FISA Group\",\"description\":\"Concepteur et fabricant de machines de nettoyage par ultrasons\",\"publisher\":{\"@id\":\"https:\/\/www.fisa.com\/de\/#organization\"},\"potentialAction\":[{\"@type\":\"SearchAction\",\"target\":{\"@type\":\"EntryPoint\",\"urlTemplate\":\"https:\/\/www.fisa.com\/de\/?s={search_term_string}\"},\"query-input\":\"required name=search_term_string\"}],\"inLanguage\":\"de\"},{\"@type\":\"Organization\",\"@id\":\"https:\/\/www.fisa.com\/de\/#organization\",\"name\":\"FISA Group\",\"url\":\"https:\/\/www.fisa.com\/de\/\",\"logo\":{\"@type\":\"ImageObject\",\"inLanguage\":\"de\",\"@id\":\"https:\/\/www.fisa.com\/de\/#\/schema\/logo\/image\/\",\"url\":\"https:\/\/www.fisa.com\/wp-content\/uploads\/2019\/07\/logo-fisa-header.svg\",\"contentUrl\":\"https:\/\/www.fisa.com\/wp-content\/uploads\/2019\/07\/logo-fisa-header.svg\",\"width\":1,\"height\":1,\"caption\":\"FISA Group\"},\"image\":{\"@id\":\"https:\/\/www.fisa.com\/de\/#\/schema\/logo\/image\/\"}}]}<\/script>\n<!-- \/ Yoast SEO plugin. -->","yoast_head_json":{"title":"Unsere Ultraschallreinigungsanlagen sind f\u00fcr unsere Kunden ma\u00dfgefertigt","description":"Wir betrachten jede Anfrage als ein neues Projekt. Jede Produktion, jedes zu reinigende Teil hat seine eigene Besonderheit, die wir ber\u00fccksichtigen m\u00fcssen. Auch die Gr\u00f6\u00dfe, die Zusammensetzung der Materialien, die Art des zu entfernenden Schmutzes, die Endgr\u00f6\u00dfe der Maschine, die Produktionsraten sind ebenso entscheidende und differenzierende Faktoren, um eine Ultraschallreinigungsl\u00f6sung in Betracht zu ziehen.","robots":{"index":"index","follow":"follow","max-snippet":"max-snippet:-1","max-image-preview":"max-image-preview:large","max-video-preview":"max-video-preview:-1"},"canonical":"https:\/\/www.fisa.com\/de\/unsere-ultraschallreinigungsanlagen-und-roboter-steuerung-des-gesamten-fertigungsprozesses\/unsere-ultraschallreinigungsanlagen-sind-massgefertigt\/","og_locale":"de_DE","og_type":"article","og_title":"Unsere Ultraschallreinigungsanlagen sind f\u00fcr unsere Kunden ma\u00dfgefertigt","og_description":"Wir betrachten jede Anfrage als ein neues Projekt. Jede Produktion, jedes zu reinigende Teil hat seine eigene Besonderheit, die wir ber\u00fccksichtigen m\u00fcssen. Auch die Gr\u00f6\u00dfe, die Zusammensetzung der Materialien, die Art des zu entfernenden Schmutzes, die Endgr\u00f6\u00dfe der Maschine, die Produktionsraten sind ebenso entscheidende und differenzierende Faktoren, um eine Ultraschallreinigungsl\u00f6sung in Betracht zu ziehen.","og_url":"https:\/\/www.fisa.com\/de\/unsere-ultraschallreinigungsanlagen-und-roboter-steuerung-des-gesamten-fertigungsprozesses\/unsere-ultraschallreinigungsanlagen-sind-massgefertigt\/","og_site_name":"FISA","article_modified_time":"2020-05-15T12:39:51+00:00","twitter_card":"summary_large_image","schema":{"@context":"https:\/\/schema.org","@graph":[{"@type":"WebPage","@id":"https:\/\/www.fisa.com\/de\/unsere-ultraschallreinigungsanlagen-und-roboter-steuerung-des-gesamten-fertigungsprozesses\/unsere-ultraschallreinigungsanlagen-sind-massgefertigt\/","url":"https:\/\/www.fisa.com\/de\/unsere-ultraschallreinigungsanlagen-und-roboter-steuerung-des-gesamten-fertigungsprozesses\/unsere-ultraschallreinigungsanlagen-sind-massgefertigt\/","name":"Unsere Ultraschallreinigungsanlagen sind f\u00fcr unsere Kunden ma\u00dfgefertigt","isPartOf":{"@id":"https:\/\/www.fisa.com\/de\/#website"},"datePublished":"2020-01-22T13:53:40+00:00","dateModified":"2020-05-15T12:39:51+00:00","description":"Wir betrachten jede Anfrage als ein neues Projekt. Jede Produktion, jedes zu reinigende Teil hat seine eigene Besonderheit, die wir ber\u00fccksichtigen m\u00fcssen. Auch die Gr\u00f6\u00dfe, die Zusammensetzung der Materialien, die Art des zu entfernenden Schmutzes, die Endgr\u00f6\u00dfe der Maschine, die Produktionsraten sind ebenso entscheidende und differenzierende Faktoren, um eine Ultraschallreinigungsl\u00f6sung in Betracht zu ziehen.","breadcrumb":{"@id":"https:\/\/www.fisa.com\/de\/unsere-ultraschallreinigungsanlagen-und-roboter-steuerung-des-gesamten-fertigungsprozesses\/unsere-ultraschallreinigungsanlagen-sind-massgefertigt\/#breadcrumb"},"inLanguage":"de","potentialAction":[{"@type":"ReadAction","target":["https:\/\/www.fisa.com\/de\/unsere-ultraschallreinigungsanlagen-und-roboter-steuerung-des-gesamten-fertigungsprozesses\/unsere-ultraschallreinigungsanlagen-sind-massgefertigt\/"]}]},{"@type":"BreadcrumbList","@id":"https:\/\/www.fisa.com\/de\/unsere-ultraschallreinigungsanlagen-und-roboter-steuerung-des-gesamten-fertigungsprozesses\/unsere-ultraschallreinigungsanlagen-sind-massgefertigt\/#breadcrumb","itemListElement":[{"@type":"ListItem","position":1,"name":"Home","item":"https:\/\/www.fisa.com\/de\/"},{"@type":"ListItem","position":2,"name":"Unsere Ultraschallreinigungsanlagen und -roboter: Steuerung des gesamten Fertigungsprozesses","item":"https:\/\/www.fisa.com\/de\/unsere-ultraschallreinigungsanlagen-und-roboter-steuerung-des-gesamten-fertigungsprozesses\/"},{"@type":"ListItem","position":3,"name":"Unsere ma\u00dfgeschneiderten Ultraschallreinigungsanlagen"}]},{"@type":"WebSite","@id":"https:\/\/www.fisa.com\/de\/#website","url":"https:\/\/www.fisa.com\/de\/","name":"FISA Group","description":"Concepteur et fabricant de machines de nettoyage par ultrasons","publisher":{"@id":"https:\/\/www.fisa.com\/de\/#organization"},"potentialAction":[{"@type":"SearchAction","target":{"@type":"EntryPoint","urlTemplate":"https:\/\/www.fisa.com\/de\/?s={search_term_string}"},"query-input":"required name=search_term_string"}],"inLanguage":"de"},{"@type":"Organization","@id":"https:\/\/www.fisa.com\/de\/#organization","name":"FISA Group","url":"https:\/\/www.fisa.com\/de\/","logo":{"@type":"ImageObject","inLanguage":"de","@id":"https:\/\/www.fisa.com\/de\/#\/schema\/logo\/image\/","url":"https:\/\/www.fisa.com\/wp-content\/uploads\/2019\/07\/logo-fisa-header.svg","contentUrl":"https:\/\/www.fisa.com\/wp-content\/uploads\/2019\/07\/logo-fisa-header.svg","width":1,"height":1,"caption":"FISA Group"},"image":{"@id":"https:\/\/www.fisa.com\/de\/#\/schema\/logo\/image\/"}}]}},"_links":{"self":[{"href":"https:\/\/www.fisa.com\/de\/wp-json\/wp\/v2\/pages\/11886"}],"collection":[{"href":"https:\/\/www.fisa.com\/de\/wp-json\/wp\/v2\/pages"}],"about":[{"href":"https:\/\/www.fisa.com\/de\/wp-json\/wp\/v2\/types\/page"}],"author":[{"embeddable":true,"href":"https:\/\/www.fisa.com\/de\/wp-json\/wp\/v2\/users\/2"}],"replies":[{"embeddable":true,"href":"https:\/\/www.fisa.com\/de\/wp-json\/wp\/v2\/comments?post=11886"}],"version-history":[{"count":15,"href":"https:\/\/www.fisa.com\/de\/wp-json\/wp\/v2\/pages\/11886\/revisions"}],"predecessor-version":[{"id":20630,"href":"https:\/\/www.fisa.com\/de\/wp-json\/wp\/v2\/pages\/11886\/revisions\/20630"}],"up":[{"embeddable":true,"href":"https:\/\/www.fisa.com\/de\/wp-json\/wp\/v2\/pages\/11880"}],"wp:attachment":[{"href":"https:\/\/www.fisa.com\/de\/wp-json\/wp\/v2\/media?parent=11886"}],"curies":[{"name":"wp","href":"https:\/\/api.w.org\/{rel}","templated":true}]}}