{"id":11862,"date":"2020-01-22T15:07:06","date_gmt":"2020-01-22T14:07:06","guid":{"rendered":"https:\/\/www.fisa.com\/?page_id=11862"},"modified":"2023-09-08T19:09:18","modified_gmt":"2023-09-08T17:09:18","slug":"hotline-schulung-wartung-von-ultraschallreinigungsanlagen-serviceleistungen-fisa","status":"publish","type":"page","link":"https:\/\/www.fisa.com\/de\/hotline-schulung-wartung-von-ultraschallreinigungsanlagen-serviceleistungen-fisa\/","title":{"rendered":"Hotline, Schulung, Wartung von Ultraschallreinigungsanlagen: Serviceleistungen FISA"},"content":{"rendered":"","protected":false},"excerpt":{"rendered":"","protected":false},"author":1,"featured_media":0,"parent":0,"menu_order":40,"comment_status":"closed","ping_status":"closed","template":"template-page.php","meta":{"footnotes":""},"acf":[],"yoast_head":"<!-- This site is optimized with the Yoast SEO plugin v21.1 - https:\/\/yoast.com\/wordpress\/plugins\/seo\/ -->\n<title>Hotline, Schulung, Wartung von Ultraschallreinigungsanlagen<\/title>\n<meta name=\"description\" content=\"Als Entwickler und Hersteller von Ultraschallreinigungsanlagen seit fast 40\u00a0Jahren bietet FISA Reinigungsprozesse und Wasseraufbereitungssysteme: schl\u00fcsselfertige L\u00f6sungen f\u00fcr alle Ihre Bed\u00fcrfnisse.\" \/>\n<meta name=\"robots\" content=\"index, follow, max-snippet:-1, max-image-preview:large, max-video-preview:-1\" \/>\n<link rel=\"canonical\" href=\"https:\/\/www.fisa.com\/de\/hotline-schulung-wartung-von-ultraschallreinigungsanlagen-serviceleistungen-fisa\/\" \/>\n<meta property=\"og:locale\" content=\"de_DE\" \/>\n<meta property=\"og:type\" content=\"article\" \/>\n<meta property=\"og:title\" content=\"Hotline, Schulung, Wartung von Ultraschallreinigungsanlagen\" \/>\n<meta property=\"og:description\" content=\"Als Entwickler und Hersteller von Ultraschallreinigungsanlagen seit fast 40\u00a0Jahren bietet FISA Reinigungsprozesse und Wasseraufbereitungssysteme: schl\u00fcsselfertige L\u00f6sungen f\u00fcr alle Ihre Bed\u00fcrfnisse.\" \/>\n<meta property=\"og:url\" content=\"https:\/\/www.fisa.com\/de\/hotline-schulung-wartung-von-ultraschallreinigungsanlagen-serviceleistungen-fisa\/\" \/>\n<meta property=\"og:site_name\" content=\"FISA\" \/>\n<meta property=\"article:modified_time\" content=\"2023-09-08T17:09:18+00:00\" \/>\n<meta name=\"twitter:card\" content=\"summary_large_image\" \/>\n<script type=\"application\/ld+json\" class=\"yoast-schema-graph\">{\"@context\":\"https:\/\/schema.org\",\"@graph\":[{\"@type\":\"WebPage\",\"@id\":\"https:\/\/www.fisa.com\/de\/hotline-schulung-wartung-von-ultraschallreinigungsanlagen-serviceleistungen-fisa\/\",\"url\":\"https:\/\/www.fisa.com\/de\/hotline-schulung-wartung-von-ultraschallreinigungsanlagen-serviceleistungen-fisa\/\",\"name\":\"Hotline, Schulung, Wartung von Ultraschallreinigungsanlagen\",\"isPartOf\":{\"@id\":\"https:\/\/www.fisa.com\/de\/#website\"},\"datePublished\":\"2020-01-22T14:07:06+00:00\",\"dateModified\":\"2023-09-08T17:09:18+00:00\",\"description\":\"Als Entwickler und Hersteller von Ultraschallreinigungsanlagen seit fast 40\u00a0Jahren bietet FISA Reinigungsprozesse und Wasseraufbereitungssysteme: schl\u00fcsselfertige L\u00f6sungen f\u00fcr alle Ihre Bed\u00fcrfnisse.\",\"breadcrumb\":{\"@id\":\"https:\/\/www.fisa.com\/de\/hotline-schulung-wartung-von-ultraschallreinigungsanlagen-serviceleistungen-fisa\/#breadcrumb\"},\"inLanguage\":\"de\",\"potentialAction\":[{\"@type\":\"ReadAction\",\"target\":[\"https:\/\/www.fisa.com\/de\/hotline-schulung-wartung-von-ultraschallreinigungsanlagen-serviceleistungen-fisa\/\"]}]},{\"@type\":\"BreadcrumbList\",\"@id\":\"https:\/\/www.fisa.com\/de\/hotline-schulung-wartung-von-ultraschallreinigungsanlagen-serviceleistungen-fisa\/#breadcrumb\",\"itemListElement\":[{\"@type\":\"ListItem\",\"position\":1,\"name\":\"Home\",\"item\":\"https:\/\/www.fisa.com\/de\/\"},{\"@type\":\"ListItem\",\"position\":2,\"name\":\"Hotline, Schulung, Wartung von Ultraschallreinigungsanlagen: Serviceleistungen FISA\"}]},{\"@type\":\"WebSite\",\"@id\":\"https:\/\/www.fisa.com\/de\/#website\",\"url\":\"https:\/\/www.fisa.com\/de\/\",\"name\":\"FISA Group\",\"description\":\"Concepteur et fabricant de machines de nettoyage par ultrasons\",\"publisher\":{\"@id\":\"https:\/\/www.fisa.com\/de\/#organization\"},\"potentialAction\":[{\"@type\":\"SearchAction\",\"target\":{\"@type\":\"EntryPoint\",\"urlTemplate\":\"https:\/\/www.fisa.com\/de\/?s={search_term_string}\"},\"query-input\":\"required name=search_term_string\"}],\"inLanguage\":\"de\"},{\"@type\":\"Organization\",\"@id\":\"https:\/\/www.fisa.com\/de\/#organization\",\"name\":\"FISA Group\",\"url\":\"https:\/\/www.fisa.com\/de\/\",\"logo\":{\"@type\":\"ImageObject\",\"inLanguage\":\"de\",\"@id\":\"https:\/\/www.fisa.com\/de\/#\/schema\/logo\/image\/\",\"url\":\"https:\/\/www.fisa.com\/wp-content\/uploads\/2019\/07\/logo-fisa-header.svg\",\"contentUrl\":\"https:\/\/www.fisa.com\/wp-content\/uploads\/2019\/07\/logo-fisa-header.svg\",\"width\":1,\"height\":1,\"caption\":\"FISA Group\"},\"image\":{\"@id\":\"https:\/\/www.fisa.com\/de\/#\/schema\/logo\/image\/\"}}]}<\/script>\n<!-- \/ Yoast SEO plugin. -->","yoast_head_json":{"title":"Hotline, Schulung, Wartung von Ultraschallreinigungsanlagen","description":"Als Entwickler und Hersteller von Ultraschallreinigungsanlagen seit fast 40\u00a0Jahren bietet FISA Reinigungsprozesse und Wasseraufbereitungssysteme: schl\u00fcsselfertige L\u00f6sungen f\u00fcr alle Ihre Bed\u00fcrfnisse.","robots":{"index":"index","follow":"follow","max-snippet":"max-snippet:-1","max-image-preview":"max-image-preview:large","max-video-preview":"max-video-preview:-1"},"canonical":"https:\/\/www.fisa.com\/de\/hotline-schulung-wartung-von-ultraschallreinigungsanlagen-serviceleistungen-fisa\/","og_locale":"de_DE","og_type":"article","og_title":"Hotline, Schulung, Wartung von Ultraschallreinigungsanlagen","og_description":"Als Entwickler und Hersteller von Ultraschallreinigungsanlagen seit fast 40\u00a0Jahren bietet FISA Reinigungsprozesse und Wasseraufbereitungssysteme: schl\u00fcsselfertige L\u00f6sungen f\u00fcr alle Ihre Bed\u00fcrfnisse.","og_url":"https:\/\/www.fisa.com\/de\/hotline-schulung-wartung-von-ultraschallreinigungsanlagen-serviceleistungen-fisa\/","og_site_name":"FISA","article_modified_time":"2023-09-08T17:09:18+00:00","twitter_card":"summary_large_image","schema":{"@context":"https:\/\/schema.org","@graph":[{"@type":"WebPage","@id":"https:\/\/www.fisa.com\/de\/hotline-schulung-wartung-von-ultraschallreinigungsanlagen-serviceleistungen-fisa\/","url":"https:\/\/www.fisa.com\/de\/hotline-schulung-wartung-von-ultraschallreinigungsanlagen-serviceleistungen-fisa\/","name":"Hotline, Schulung, Wartung von Ultraschallreinigungsanlagen","isPartOf":{"@id":"https:\/\/www.fisa.com\/de\/#website"},"datePublished":"2020-01-22T14:07:06+00:00","dateModified":"2023-09-08T17:09:18+00:00","description":"Als Entwickler und Hersteller von Ultraschallreinigungsanlagen seit fast 40\u00a0Jahren bietet FISA Reinigungsprozesse und Wasseraufbereitungssysteme: schl\u00fcsselfertige L\u00f6sungen f\u00fcr alle Ihre Bed\u00fcrfnisse.","breadcrumb":{"@id":"https:\/\/www.fisa.com\/de\/hotline-schulung-wartung-von-ultraschallreinigungsanlagen-serviceleistungen-fisa\/#breadcrumb"},"inLanguage":"de","potentialAction":[{"@type":"ReadAction","target":["https:\/\/www.fisa.com\/de\/hotline-schulung-wartung-von-ultraschallreinigungsanlagen-serviceleistungen-fisa\/"]}]},{"@type":"BreadcrumbList","@id":"https:\/\/www.fisa.com\/de\/hotline-schulung-wartung-von-ultraschallreinigungsanlagen-serviceleistungen-fisa\/#breadcrumb","itemListElement":[{"@type":"ListItem","position":1,"name":"Home","item":"https:\/\/www.fisa.com\/de\/"},{"@type":"ListItem","position":2,"name":"Hotline, Schulung, Wartung von Ultraschallreinigungsanlagen: Serviceleistungen FISA"}]},{"@type":"WebSite","@id":"https:\/\/www.fisa.com\/de\/#website","url":"https:\/\/www.fisa.com\/de\/","name":"FISA Group","description":"Concepteur et fabricant de machines de nettoyage par ultrasons","publisher":{"@id":"https:\/\/www.fisa.com\/de\/#organization"},"potentialAction":[{"@type":"SearchAction","target":{"@type":"EntryPoint","urlTemplate":"https:\/\/www.fisa.com\/de\/?s={search_term_string}"},"query-input":"required name=search_term_string"}],"inLanguage":"de"},{"@type":"Organization","@id":"https:\/\/www.fisa.com\/de\/#organization","name":"FISA Group","url":"https:\/\/www.fisa.com\/de\/","logo":{"@type":"ImageObject","inLanguage":"de","@id":"https:\/\/www.fisa.com\/de\/#\/schema\/logo\/image\/","url":"https:\/\/www.fisa.com\/wp-content\/uploads\/2019\/07\/logo-fisa-header.svg","contentUrl":"https:\/\/www.fisa.com\/wp-content\/uploads\/2019\/07\/logo-fisa-header.svg","width":1,"height":1,"caption":"FISA Group"},"image":{"@id":"https:\/\/www.fisa.com\/de\/#\/schema\/logo\/image\/"}}]}},"_links":{"self":[{"href":"https:\/\/www.fisa.com\/de\/wp-json\/wp\/v2\/pages\/11862"}],"collection":[{"href":"https:\/\/www.fisa.com\/de\/wp-json\/wp\/v2\/pages"}],"about":[{"href":"https:\/\/www.fisa.com\/de\/wp-json\/wp\/v2\/types\/page"}],"author":[{"embeddable":true,"href":"https:\/\/www.fisa.com\/de\/wp-json\/wp\/v2\/users\/1"}],"replies":[{"embeddable":true,"href":"https:\/\/www.fisa.com\/de\/wp-json\/wp\/v2\/comments?post=11862"}],"version-history":[{"count":10,"href":"https:\/\/www.fisa.com\/de\/wp-json\/wp\/v2\/pages\/11862\/revisions"}],"predecessor-version":[{"id":20644,"href":"https:\/\/www.fisa.com\/de\/wp-json\/wp\/v2\/pages\/11862\/revisions\/20644"}],"wp:attachment":[{"href":"https:\/\/www.fisa.com\/de\/wp-json\/wp\/v2\/media?parent=11862"}],"curies":[{"name":"wp","href":"https:\/\/api.w.org\/{rel}","templated":true}]}}