{"id":11712,"date":"2020-01-22T15:01:29","date_gmt":"2020-01-22T14:01:29","guid":{"rendered":"https:\/\/www.fisa.com\/?page_id=11712"},"modified":"2020-05-15T14:27:49","modified_gmt":"2020-05-15T12:27:49","slug":"ultraschallreinigung-fuer-die-uhren-und-schmuckherstellung-ein-einwandfreies-aesthetisches-und-mechanisches-ergebnis","status":"publish","type":"page","link":"https:\/\/www.fisa.com\/de\/entwickler-und-hersteller-von-ultraschallreinigungsanlagen-fuer-alle-taetigkeitsbereiche-alle-maerkte-alle-industriellen-umgebungen\/ultraschallreinigung-fuer-die-uhren-und-schmuckherstellung-ein-einwandfreies-aesthetisches-und-mechanisches-ergebnis\/","title":{"rendered":"Ultraschallreinigung in der Uhren- und Schmuckherstellung: ein einwandfreies \u00e4sthetisches und mechanisches Ergebnis"},"content":{"rendered":"","protected":false},"excerpt":{"rendered":"","protected":false},"author":2,"featured_media":0,"parent":11694,"menu_order":15,"comment_status":"closed","ping_status":"closed","template":"template-page.php","meta":{"footnotes":""},"acf":[],"yoast_head":"<!-- This site is optimized with the Yoast SEO plugin v21.1 - https:\/\/yoast.com\/wordpress\/plugins\/seo\/ -->\n<title>Ultraschallreinigung von Uhren\/Schmuck\/Juwelen: Gold, Silber, Platin, Saphir...<\/title>\n<meta name=\"description\" content=\"Als Fachmann der Uhren- und Schmuckindustrie sind Sie mit Problematiken der Endreinigung konfrontiert.\" \/>\n<meta name=\"robots\" content=\"index, follow, max-snippet:-1, max-image-preview:large, max-video-preview:-1\" \/>\n<link rel=\"canonical\" href=\"https:\/\/www.fisa.com\/de\/entwickler-und-hersteller-von-ultraschallreinigungsanlagen-fuer-alle-taetigkeitsbereiche-alle-maerkte-alle-industriellen-umgebungen\/ultraschallreinigung-fuer-die-uhren-und-schmuckherstellung-ein-einwandfreies-aesthetisches-und-mechanisches-ergebnis\/\" \/>\n<meta property=\"og:locale\" content=\"de_DE\" \/>\n<meta property=\"og:type\" content=\"article\" \/>\n<meta property=\"og:title\" content=\"Ultraschallreinigung von Uhren\/Schmuck\/Juwelen: Gold, Silber, Platin, Saphir...\" \/>\n<meta property=\"og:description\" content=\"Als Fachmann der Uhren- und Schmuckindustrie sind Sie mit Problematiken der Endreinigung konfrontiert.\" \/>\n<meta property=\"og:url\" content=\"https:\/\/www.fisa.com\/de\/entwickler-und-hersteller-von-ultraschallreinigungsanlagen-fuer-alle-taetigkeitsbereiche-alle-maerkte-alle-industriellen-umgebungen\/ultraschallreinigung-fuer-die-uhren-und-schmuckherstellung-ein-einwandfreies-aesthetisches-und-mechanisches-ergebnis\/\" \/>\n<meta property=\"og:site_name\" content=\"FISA\" \/>\n<meta property=\"article:modified_time\" content=\"2020-05-15T12:27:49+00:00\" \/>\n<meta name=\"twitter:card\" content=\"summary_large_image\" \/>\n<script type=\"application\/ld+json\" class=\"yoast-schema-graph\">{\"@context\":\"https:\/\/schema.org\",\"@graph\":[{\"@type\":\"WebPage\",\"@id\":\"https:\/\/www.fisa.com\/de\/entwickler-und-hersteller-von-ultraschallreinigungsanlagen-fuer-alle-taetigkeitsbereiche-alle-maerkte-alle-industriellen-umgebungen\/ultraschallreinigung-fuer-die-uhren-und-schmuckherstellung-ein-einwandfreies-aesthetisches-und-mechanisches-ergebnis\/\",\"url\":\"https:\/\/www.fisa.com\/de\/entwickler-und-hersteller-von-ultraschallreinigungsanlagen-fuer-alle-taetigkeitsbereiche-alle-maerkte-alle-industriellen-umgebungen\/ultraschallreinigung-fuer-die-uhren-und-schmuckherstellung-ein-einwandfreies-aesthetisches-und-mechanisches-ergebnis\/\",\"name\":\"Ultraschallreinigung von Uhren\/Schmuck\/Juwelen: Gold, Silber, Platin, Saphir...\",\"isPartOf\":{\"@id\":\"https:\/\/www.fisa.com\/de\/#website\"},\"datePublished\":\"2020-01-22T14:01:29+00:00\",\"dateModified\":\"2020-05-15T12:27:49+00:00\",\"description\":\"Als Fachmann der Uhren- und Schmuckindustrie sind Sie mit Problematiken der Endreinigung konfrontiert.\",\"breadcrumb\":{\"@id\":\"https:\/\/www.fisa.com\/de\/entwickler-und-hersteller-von-ultraschallreinigungsanlagen-fuer-alle-taetigkeitsbereiche-alle-maerkte-alle-industriellen-umgebungen\/ultraschallreinigung-fuer-die-uhren-und-schmuckherstellung-ein-einwandfreies-aesthetisches-und-mechanisches-ergebnis\/#breadcrumb\"},\"inLanguage\":\"de\",\"potentialAction\":[{\"@type\":\"ReadAction\",\"target\":[\"https:\/\/www.fisa.com\/de\/entwickler-und-hersteller-von-ultraschallreinigungsanlagen-fuer-alle-taetigkeitsbereiche-alle-maerkte-alle-industriellen-umgebungen\/ultraschallreinigung-fuer-die-uhren-und-schmuckherstellung-ein-einwandfreies-aesthetisches-und-mechanisches-ergebnis\/\"]}]},{\"@type\":\"BreadcrumbList\",\"@id\":\"https:\/\/www.fisa.com\/de\/entwickler-und-hersteller-von-ultraschallreinigungsanlagen-fuer-alle-taetigkeitsbereiche-alle-maerkte-alle-industriellen-umgebungen\/ultraschallreinigung-fuer-die-uhren-und-schmuckherstellung-ein-einwandfreies-aesthetisches-und-mechanisches-ergebnis\/#breadcrumb\",\"itemListElement\":[{\"@type\":\"ListItem\",\"position\":1,\"name\":\"Home\",\"item\":\"https:\/\/www.fisa.com\/de\/\"},{\"@type\":\"ListItem\",\"position\":2,\"name\":\"Entwickler und Hersteller von Ultraschallreinigungsanlagen f\u00fcr alle T\u00e4tigkeitsbereiche, alle M\u00e4rkte, alle industriellen Umgebungen\",\"item\":\"https:\/\/www.fisa.com\/de\/entwickler-und-hersteller-von-ultraschallreinigungsanlagen-fuer-alle-taetigkeitsbereiche-alle-maerkte-alle-industriellen-umgebungen\/\"},{\"@type\":\"ListItem\",\"position\":3,\"name\":\"Ultraschallreinigung in der Uhren- und Schmuckherstellung: ein einwandfreies \u00e4sthetisches und mechanisches Ergebnis\"}]},{\"@type\":\"WebSite\",\"@id\":\"https:\/\/www.fisa.com\/de\/#website\",\"url\":\"https:\/\/www.fisa.com\/de\/\",\"name\":\"FISA Group\",\"description\":\"Concepteur et fabricant de machines de nettoyage par ultrasons\",\"publisher\":{\"@id\":\"https:\/\/www.fisa.com\/de\/#organization\"},\"potentialAction\":[{\"@type\":\"SearchAction\",\"target\":{\"@type\":\"EntryPoint\",\"urlTemplate\":\"https:\/\/www.fisa.com\/de\/?s={search_term_string}\"},\"query-input\":\"required name=search_term_string\"}],\"inLanguage\":\"de\"},{\"@type\":\"Organization\",\"@id\":\"https:\/\/www.fisa.com\/de\/#organization\",\"name\":\"FISA Group\",\"url\":\"https:\/\/www.fisa.com\/de\/\",\"logo\":{\"@type\":\"ImageObject\",\"inLanguage\":\"de\",\"@id\":\"https:\/\/www.fisa.com\/de\/#\/schema\/logo\/image\/\",\"url\":\"https:\/\/www.fisa.com\/wp-content\/uploads\/2019\/07\/logo-fisa-header.svg\",\"contentUrl\":\"https:\/\/www.fisa.com\/wp-content\/uploads\/2019\/07\/logo-fisa-header.svg\",\"width\":1,\"height\":1,\"caption\":\"FISA Group\"},\"image\":{\"@id\":\"https:\/\/www.fisa.com\/de\/#\/schema\/logo\/image\/\"}}]}<\/script>\n<!-- \/ Yoast SEO plugin. -->","yoast_head_json":{"title":"Ultraschallreinigung von Uhren\/Schmuck\/Juwelen: Gold, Silber, Platin, Saphir...","description":"Als Fachmann der Uhren- und Schmuckindustrie sind Sie mit Problematiken der Endreinigung konfrontiert.","robots":{"index":"index","follow":"follow","max-snippet":"max-snippet:-1","max-image-preview":"max-image-preview:large","max-video-preview":"max-video-preview:-1"},"canonical":"https:\/\/www.fisa.com\/de\/entwickler-und-hersteller-von-ultraschallreinigungsanlagen-fuer-alle-taetigkeitsbereiche-alle-maerkte-alle-industriellen-umgebungen\/ultraschallreinigung-fuer-die-uhren-und-schmuckherstellung-ein-einwandfreies-aesthetisches-und-mechanisches-ergebnis\/","og_locale":"de_DE","og_type":"article","og_title":"Ultraschallreinigung von Uhren\/Schmuck\/Juwelen: Gold, Silber, Platin, Saphir...","og_description":"Als Fachmann der Uhren- und Schmuckindustrie sind Sie mit Problematiken der Endreinigung konfrontiert.","og_url":"https:\/\/www.fisa.com\/de\/entwickler-und-hersteller-von-ultraschallreinigungsanlagen-fuer-alle-taetigkeitsbereiche-alle-maerkte-alle-industriellen-umgebungen\/ultraschallreinigung-fuer-die-uhren-und-schmuckherstellung-ein-einwandfreies-aesthetisches-und-mechanisches-ergebnis\/","og_site_name":"FISA","article_modified_time":"2020-05-15T12:27:49+00:00","twitter_card":"summary_large_image","schema":{"@context":"https:\/\/schema.org","@graph":[{"@type":"WebPage","@id":"https:\/\/www.fisa.com\/de\/entwickler-und-hersteller-von-ultraschallreinigungsanlagen-fuer-alle-taetigkeitsbereiche-alle-maerkte-alle-industriellen-umgebungen\/ultraschallreinigung-fuer-die-uhren-und-schmuckherstellung-ein-einwandfreies-aesthetisches-und-mechanisches-ergebnis\/","url":"https:\/\/www.fisa.com\/de\/entwickler-und-hersteller-von-ultraschallreinigungsanlagen-fuer-alle-taetigkeitsbereiche-alle-maerkte-alle-industriellen-umgebungen\/ultraschallreinigung-fuer-die-uhren-und-schmuckherstellung-ein-einwandfreies-aesthetisches-und-mechanisches-ergebnis\/","name":"Ultraschallreinigung von Uhren\/Schmuck\/Juwelen: Gold, Silber, Platin, Saphir...","isPartOf":{"@id":"https:\/\/www.fisa.com\/de\/#website"},"datePublished":"2020-01-22T14:01:29+00:00","dateModified":"2020-05-15T12:27:49+00:00","description":"Als Fachmann der Uhren- und Schmuckindustrie sind Sie mit Problematiken der Endreinigung konfrontiert.","breadcrumb":{"@id":"https:\/\/www.fisa.com\/de\/entwickler-und-hersteller-von-ultraschallreinigungsanlagen-fuer-alle-taetigkeitsbereiche-alle-maerkte-alle-industriellen-umgebungen\/ultraschallreinigung-fuer-die-uhren-und-schmuckherstellung-ein-einwandfreies-aesthetisches-und-mechanisches-ergebnis\/#breadcrumb"},"inLanguage":"de","potentialAction":[{"@type":"ReadAction","target":["https:\/\/www.fisa.com\/de\/entwickler-und-hersteller-von-ultraschallreinigungsanlagen-fuer-alle-taetigkeitsbereiche-alle-maerkte-alle-industriellen-umgebungen\/ultraschallreinigung-fuer-die-uhren-und-schmuckherstellung-ein-einwandfreies-aesthetisches-und-mechanisches-ergebnis\/"]}]},{"@type":"BreadcrumbList","@id":"https:\/\/www.fisa.com\/de\/entwickler-und-hersteller-von-ultraschallreinigungsanlagen-fuer-alle-taetigkeitsbereiche-alle-maerkte-alle-industriellen-umgebungen\/ultraschallreinigung-fuer-die-uhren-und-schmuckherstellung-ein-einwandfreies-aesthetisches-und-mechanisches-ergebnis\/#breadcrumb","itemListElement":[{"@type":"ListItem","position":1,"name":"Home","item":"https:\/\/www.fisa.com\/de\/"},{"@type":"ListItem","position":2,"name":"Entwickler und Hersteller von Ultraschallreinigungsanlagen f\u00fcr alle T\u00e4tigkeitsbereiche, alle M\u00e4rkte, alle industriellen Umgebungen","item":"https:\/\/www.fisa.com\/de\/entwickler-und-hersteller-von-ultraschallreinigungsanlagen-fuer-alle-taetigkeitsbereiche-alle-maerkte-alle-industriellen-umgebungen\/"},{"@type":"ListItem","position":3,"name":"Ultraschallreinigung in der Uhren- und Schmuckherstellung: ein einwandfreies \u00e4sthetisches und mechanisches Ergebnis"}]},{"@type":"WebSite","@id":"https:\/\/www.fisa.com\/de\/#website","url":"https:\/\/www.fisa.com\/de\/","name":"FISA Group","description":"Concepteur et fabricant de machines de nettoyage par ultrasons","publisher":{"@id":"https:\/\/www.fisa.com\/de\/#organization"},"potentialAction":[{"@type":"SearchAction","target":{"@type":"EntryPoint","urlTemplate":"https:\/\/www.fisa.com\/de\/?s={search_term_string}"},"query-input":"required name=search_term_string"}],"inLanguage":"de"},{"@type":"Organization","@id":"https:\/\/www.fisa.com\/de\/#organization","name":"FISA Group","url":"https:\/\/www.fisa.com\/de\/","logo":{"@type":"ImageObject","inLanguage":"de","@id":"https:\/\/www.fisa.com\/de\/#\/schema\/logo\/image\/","url":"https:\/\/www.fisa.com\/wp-content\/uploads\/2019\/07\/logo-fisa-header.svg","contentUrl":"https:\/\/www.fisa.com\/wp-content\/uploads\/2019\/07\/logo-fisa-header.svg","width":1,"height":1,"caption":"FISA Group"},"image":{"@id":"https:\/\/www.fisa.com\/de\/#\/schema\/logo\/image\/"}}]}},"_links":{"self":[{"href":"https:\/\/www.fisa.com\/de\/wp-json\/wp\/v2\/pages\/11712"}],"collection":[{"href":"https:\/\/www.fisa.com\/de\/wp-json\/wp\/v2\/pages"}],"about":[{"href":"https:\/\/www.fisa.com\/de\/wp-json\/wp\/v2\/types\/page"}],"author":[{"embeddable":true,"href":"https:\/\/www.fisa.com\/de\/wp-json\/wp\/v2\/users\/2"}],"replies":[{"embeddable":true,"href":"https:\/\/www.fisa.com\/de\/wp-json\/wp\/v2\/comments?post=11712"}],"version-history":[{"count":12,"href":"https:\/\/www.fisa.com\/de\/wp-json\/wp\/v2\/pages\/11712\/revisions"}],"predecessor-version":[{"id":20587,"href":"https:\/\/www.fisa.com\/de\/wp-json\/wp\/v2\/pages\/11712\/revisions\/20587"}],"up":[{"embeddable":true,"href":"https:\/\/www.fisa.com\/de\/wp-json\/wp\/v2\/pages\/11694"}],"wp:attachment":[{"href":"https:\/\/www.fisa.com\/de\/wp-json\/wp\/v2\/media?parent=11712"}],"curies":[{"name":"wp","href":"https:\/\/api.w.org\/{rel}","templated":true}]}}