{"id":11694,"date":"2020-01-22T15:12:34","date_gmt":"2020-01-22T14:12:34","guid":{"rendered":"https:\/\/www.fisa.com\/?page_id=11694"},"modified":"2023-09-08T18:13:22","modified_gmt":"2023-09-08T16:13:22","slug":"entwickler-und-hersteller-von-ultraschallreinigungsanlagen-fuer-alle-taetigkeitsbereiche-alle-maerkte-alle-industriellen-umgebungen","status":"publish","type":"page","link":"https:\/\/www.fisa.com\/de\/entwickler-und-hersteller-von-ultraschallreinigungsanlagen-fuer-alle-taetigkeitsbereiche-alle-maerkte-alle-industriellen-umgebungen\/","title":{"rendered":"Entwickler und Hersteller von Ultraschallreinigungsanlagen f\u00fcr alle T\u00e4tigkeitsbereiche, alle M\u00e4rkte, alle industriellen Umgebungen"},"content":{"rendered":"","protected":false},"excerpt":{"rendered":"","protected":false},"author":1,"featured_media":0,"parent":0,"menu_order":20,"comment_status":"closed","ping_status":"closed","template":"template-page.php","meta":{"footnotes":""},"acf":[],"yoast_head":"<!-- This site is optimized with the Yoast SEO plugin v21.1 - https:\/\/yoast.com\/wordpress\/plugins\/seo\/ -->\n<title>Ultraschallreinigung in allen industriellen Umgebungen (Luftfahrt, Optik, Medizin...)<\/title>\n<meta name=\"description\" content=\"FISA arbeitet mit Fachleuten aus vielen Industriebereichen zusammen, um alle Arten von Verschmutzungen auf allen Materialien und Oberfl\u00e4chen zu behandeln. Diese Zusammenarbeit basiert auf ihren besonderen Spezifikationen oder auf einer funktionalen \u00c4u\u00dferung ihrer Bed\u00fcrfnisse.\" \/>\n<meta name=\"robots\" content=\"index, follow, max-snippet:-1, max-image-preview:large, max-video-preview:-1\" \/>\n<link rel=\"canonical\" href=\"https:\/\/www.fisa.com\/de\/entwickler-und-hersteller-von-ultraschallreinigungsanlagen-fuer-alle-taetigkeitsbereiche-alle-maerkte-alle-industriellen-umgebungen\/\" \/>\n<meta property=\"og:locale\" content=\"de_DE\" \/>\n<meta property=\"og:type\" content=\"article\" \/>\n<meta property=\"og:title\" content=\"Ultraschallreinigung in allen industriellen Umgebungen (Luftfahrt, Optik, Medizin...)\" \/>\n<meta property=\"og:description\" content=\"FISA arbeitet mit Fachleuten aus vielen Industriebereichen zusammen, um alle Arten von Verschmutzungen auf allen Materialien und Oberfl\u00e4chen zu behandeln. Diese Zusammenarbeit basiert auf ihren besonderen Spezifikationen oder auf einer funktionalen \u00c4u\u00dferung ihrer Bed\u00fcrfnisse.\" \/>\n<meta property=\"og:url\" content=\"https:\/\/www.fisa.com\/de\/entwickler-und-hersteller-von-ultraschallreinigungsanlagen-fuer-alle-taetigkeitsbereiche-alle-maerkte-alle-industriellen-umgebungen\/\" \/>\n<meta property=\"og:site_name\" content=\"FISA\" \/>\n<meta property=\"article:modified_time\" content=\"2023-09-08T16:13:22+00:00\" \/>\n<meta name=\"twitter:card\" content=\"summary_large_image\" \/>\n<script type=\"application\/ld+json\" class=\"yoast-schema-graph\">{\"@context\":\"https:\/\/schema.org\",\"@graph\":[{\"@type\":\"WebPage\",\"@id\":\"https:\/\/www.fisa.com\/de\/entwickler-und-hersteller-von-ultraschallreinigungsanlagen-fuer-alle-taetigkeitsbereiche-alle-maerkte-alle-industriellen-umgebungen\/\",\"url\":\"https:\/\/www.fisa.com\/de\/entwickler-und-hersteller-von-ultraschallreinigungsanlagen-fuer-alle-taetigkeitsbereiche-alle-maerkte-alle-industriellen-umgebungen\/\",\"name\":\"Ultraschallreinigung in allen industriellen Umgebungen (Luftfahrt, Optik, Medizin...)\",\"isPartOf\":{\"@id\":\"https:\/\/www.fisa.com\/de\/#website\"},\"datePublished\":\"2020-01-22T14:12:34+00:00\",\"dateModified\":\"2023-09-08T16:13:22+00:00\",\"description\":\"FISA arbeitet mit Fachleuten aus vielen Industriebereichen zusammen, um alle Arten von Verschmutzungen auf allen Materialien und Oberfl\u00e4chen zu behandeln. Diese Zusammenarbeit basiert auf ihren besonderen Spezifikationen oder auf einer funktionalen \u00c4u\u00dferung ihrer Bed\u00fcrfnisse.\",\"breadcrumb\":{\"@id\":\"https:\/\/www.fisa.com\/de\/entwickler-und-hersteller-von-ultraschallreinigungsanlagen-fuer-alle-taetigkeitsbereiche-alle-maerkte-alle-industriellen-umgebungen\/#breadcrumb\"},\"inLanguage\":\"de\",\"potentialAction\":[{\"@type\":\"ReadAction\",\"target\":[\"https:\/\/www.fisa.com\/de\/entwickler-und-hersteller-von-ultraschallreinigungsanlagen-fuer-alle-taetigkeitsbereiche-alle-maerkte-alle-industriellen-umgebungen\/\"]}]},{\"@type\":\"BreadcrumbList\",\"@id\":\"https:\/\/www.fisa.com\/de\/entwickler-und-hersteller-von-ultraschallreinigungsanlagen-fuer-alle-taetigkeitsbereiche-alle-maerkte-alle-industriellen-umgebungen\/#breadcrumb\",\"itemListElement\":[{\"@type\":\"ListItem\",\"position\":1,\"name\":\"Home\",\"item\":\"https:\/\/www.fisa.com\/de\/\"},{\"@type\":\"ListItem\",\"position\":2,\"name\":\"Entwickler und Hersteller von Ultraschallreinigungsanlagen f\u00fcr alle T\u00e4tigkeitsbereiche, alle M\u00e4rkte, alle industriellen Umgebungen\"}]},{\"@type\":\"WebSite\",\"@id\":\"https:\/\/www.fisa.com\/de\/#website\",\"url\":\"https:\/\/www.fisa.com\/de\/\",\"name\":\"FISA Group\",\"description\":\"Concepteur et fabricant de machines de nettoyage par ultrasons\",\"publisher\":{\"@id\":\"https:\/\/www.fisa.com\/de\/#organization\"},\"potentialAction\":[{\"@type\":\"SearchAction\",\"target\":{\"@type\":\"EntryPoint\",\"urlTemplate\":\"https:\/\/www.fisa.com\/de\/?s={search_term_string}\"},\"query-input\":\"required name=search_term_string\"}],\"inLanguage\":\"de\"},{\"@type\":\"Organization\",\"@id\":\"https:\/\/www.fisa.com\/de\/#organization\",\"name\":\"FISA Group\",\"url\":\"https:\/\/www.fisa.com\/de\/\",\"logo\":{\"@type\":\"ImageObject\",\"inLanguage\":\"de\",\"@id\":\"https:\/\/www.fisa.com\/de\/#\/schema\/logo\/image\/\",\"url\":\"https:\/\/www.fisa.com\/wp-content\/uploads\/2019\/07\/logo-fisa-header.svg\",\"contentUrl\":\"https:\/\/www.fisa.com\/wp-content\/uploads\/2019\/07\/logo-fisa-header.svg\",\"width\":1,\"height\":1,\"caption\":\"FISA Group\"},\"image\":{\"@id\":\"https:\/\/www.fisa.com\/de\/#\/schema\/logo\/image\/\"}}]}<\/script>\n<!-- \/ Yoast SEO plugin. -->","yoast_head_json":{"title":"Ultraschallreinigung in allen industriellen Umgebungen (Luftfahrt, Optik, Medizin...)","description":"FISA arbeitet mit Fachleuten aus vielen Industriebereichen zusammen, um alle Arten von Verschmutzungen auf allen Materialien und Oberfl\u00e4chen zu behandeln. Diese Zusammenarbeit basiert auf ihren besonderen Spezifikationen oder auf einer funktionalen \u00c4u\u00dferung ihrer Bed\u00fcrfnisse.","robots":{"index":"index","follow":"follow","max-snippet":"max-snippet:-1","max-image-preview":"max-image-preview:large","max-video-preview":"max-video-preview:-1"},"canonical":"https:\/\/www.fisa.com\/de\/entwickler-und-hersteller-von-ultraschallreinigungsanlagen-fuer-alle-taetigkeitsbereiche-alle-maerkte-alle-industriellen-umgebungen\/","og_locale":"de_DE","og_type":"article","og_title":"Ultraschallreinigung in allen industriellen Umgebungen (Luftfahrt, Optik, Medizin...)","og_description":"FISA arbeitet mit Fachleuten aus vielen Industriebereichen zusammen, um alle Arten von Verschmutzungen auf allen Materialien und Oberfl\u00e4chen zu behandeln. Diese Zusammenarbeit basiert auf ihren besonderen Spezifikationen oder auf einer funktionalen \u00c4u\u00dferung ihrer Bed\u00fcrfnisse.","og_url":"https:\/\/www.fisa.com\/de\/entwickler-und-hersteller-von-ultraschallreinigungsanlagen-fuer-alle-taetigkeitsbereiche-alle-maerkte-alle-industriellen-umgebungen\/","og_site_name":"FISA","article_modified_time":"2023-09-08T16:13:22+00:00","twitter_card":"summary_large_image","schema":{"@context":"https:\/\/schema.org","@graph":[{"@type":"WebPage","@id":"https:\/\/www.fisa.com\/de\/entwickler-und-hersteller-von-ultraschallreinigungsanlagen-fuer-alle-taetigkeitsbereiche-alle-maerkte-alle-industriellen-umgebungen\/","url":"https:\/\/www.fisa.com\/de\/entwickler-und-hersteller-von-ultraschallreinigungsanlagen-fuer-alle-taetigkeitsbereiche-alle-maerkte-alle-industriellen-umgebungen\/","name":"Ultraschallreinigung in allen industriellen Umgebungen (Luftfahrt, Optik, Medizin...)","isPartOf":{"@id":"https:\/\/www.fisa.com\/de\/#website"},"datePublished":"2020-01-22T14:12:34+00:00","dateModified":"2023-09-08T16:13:22+00:00","description":"FISA arbeitet mit Fachleuten aus vielen Industriebereichen zusammen, um alle Arten von Verschmutzungen auf allen Materialien und Oberfl\u00e4chen zu behandeln. Diese Zusammenarbeit basiert auf ihren besonderen Spezifikationen oder auf einer funktionalen \u00c4u\u00dferung ihrer Bed\u00fcrfnisse.","breadcrumb":{"@id":"https:\/\/www.fisa.com\/de\/entwickler-und-hersteller-von-ultraschallreinigungsanlagen-fuer-alle-taetigkeitsbereiche-alle-maerkte-alle-industriellen-umgebungen\/#breadcrumb"},"inLanguage":"de","potentialAction":[{"@type":"ReadAction","target":["https:\/\/www.fisa.com\/de\/entwickler-und-hersteller-von-ultraschallreinigungsanlagen-fuer-alle-taetigkeitsbereiche-alle-maerkte-alle-industriellen-umgebungen\/"]}]},{"@type":"BreadcrumbList","@id":"https:\/\/www.fisa.com\/de\/entwickler-und-hersteller-von-ultraschallreinigungsanlagen-fuer-alle-taetigkeitsbereiche-alle-maerkte-alle-industriellen-umgebungen\/#breadcrumb","itemListElement":[{"@type":"ListItem","position":1,"name":"Home","item":"https:\/\/www.fisa.com\/de\/"},{"@type":"ListItem","position":2,"name":"Entwickler und Hersteller von Ultraschallreinigungsanlagen f\u00fcr alle T\u00e4tigkeitsbereiche, alle M\u00e4rkte, alle industriellen Umgebungen"}]},{"@type":"WebSite","@id":"https:\/\/www.fisa.com\/de\/#website","url":"https:\/\/www.fisa.com\/de\/","name":"FISA Group","description":"Concepteur et fabricant de machines de nettoyage par ultrasons","publisher":{"@id":"https:\/\/www.fisa.com\/de\/#organization"},"potentialAction":[{"@type":"SearchAction","target":{"@type":"EntryPoint","urlTemplate":"https:\/\/www.fisa.com\/de\/?s={search_term_string}"},"query-input":"required name=search_term_string"}],"inLanguage":"de"},{"@type":"Organization","@id":"https:\/\/www.fisa.com\/de\/#organization","name":"FISA Group","url":"https:\/\/www.fisa.com\/de\/","logo":{"@type":"ImageObject","inLanguage":"de","@id":"https:\/\/www.fisa.com\/de\/#\/schema\/logo\/image\/","url":"https:\/\/www.fisa.com\/wp-content\/uploads\/2019\/07\/logo-fisa-header.svg","contentUrl":"https:\/\/www.fisa.com\/wp-content\/uploads\/2019\/07\/logo-fisa-header.svg","width":1,"height":1,"caption":"FISA Group"},"image":{"@id":"https:\/\/www.fisa.com\/de\/#\/schema\/logo\/image\/"}}]}},"_links":{"self":[{"href":"https:\/\/www.fisa.com\/de\/wp-json\/wp\/v2\/pages\/11694"}],"collection":[{"href":"https:\/\/www.fisa.com\/de\/wp-json\/wp\/v2\/pages"}],"about":[{"href":"https:\/\/www.fisa.com\/de\/wp-json\/wp\/v2\/types\/page"}],"author":[{"embeddable":true,"href":"https:\/\/www.fisa.com\/de\/wp-json\/wp\/v2\/users\/1"}],"replies":[{"embeddable":true,"href":"https:\/\/www.fisa.com\/de\/wp-json\/wp\/v2\/comments?post=11694"}],"version-history":[{"count":15,"href":"https:\/\/www.fisa.com\/de\/wp-json\/wp\/v2\/pages\/11694\/revisions"}],"predecessor-version":[{"id":20568,"href":"https:\/\/www.fisa.com\/de\/wp-json\/wp\/v2\/pages\/11694\/revisions\/20568"}],"wp:attachment":[{"href":"https:\/\/www.fisa.com\/de\/wp-json\/wp\/v2\/media?parent=11694"}],"curies":[{"name":"wp","href":"https:\/\/api.w.org\/{rel}","templated":true}]}}